{"id":25626,"date":"2023-07-29T18:12:48","date_gmt":"2023-07-29T16:32:36","guid":{"rendered":"https:\/\/apimat.ch\/?post_type=product&#038;p=25626"},"modified":"2023-07-29T18:32:36","modified_gmt":"2023-07-29T16:32:36","slug":"berufliche-pollenfalle-mit-schutz-vor-der-asiatischen-hornisse","status":"publish","type":"product","link":"https:\/\/apimat.ch\/de\/produit\/berufliche-pollenfalle-mit-schutz-vor-der-asiatischen-hornisse\/","title":{"rendered":"Berufliche Pollenfalle mit Schutz vor der Asiatischen Hornisse"},"content":{"rendered":"<p>Gr\u00f6\u00dfe ausw\u00e4hlen<\/p>\n<ul>\n<li>Adapter f\u00fcr den Pollenfalle f\u00fcr Kunststoffb\u00f6den<\/li>\n<li>Adapter f\u00fcr Pollenfallen f\u00fcr Bienenst\u00f6cke aus Holz<\/li>\n<\/ul>\n<p class=\"p1\"><b>DIE PREISE SIND JE NACH MENGE DEGRESSIV.<\/b><\/p>\n<p class=\"p1\"><b>F\u00fcr weitere Informationen kontaktieren Sie mich bitte.<\/b><\/p>\n<p class=\"p2\"><span class=\"s1\"><a href=\"mailto:info@apimat.ch\"><b>info@apimat.ch<\/b><\/a><\/span><\/p>\n<p class=\"p1\"><b>Telefon: 076 213 80 33<\/b><\/p>\n","protected":false},"excerpt":{"rendered":"<p>Gr\u00f6\u00dfe ausw\u00e4hlen Adapter f\u00fcr den Pollenfalle f\u00fcr Kunststoffb\u00f6den Adapter f\u00fcr Pollenfallen f\u00fcr Bienenst\u00f6cke aus Holz DIE PREISE SIND JE NACH MENGE DEGRESSIV. F\u00fcr weitere Informationen kontaktieren Sie mich bitte. info@apimat.ch Telefon: 076 213 80 33<\/p>\n","protected":false},"featured_media":25609,"template":"","meta":{"_uf_show_specific_survey":0,"_uf_disable_surveys":false},"product_cat":[912,102],"product_tag":[],"aioseo_notices":[],"_links":{"self":[{"href":"https:\/\/apimat.ch\/de\/wp-json\/wp\/v2\/product\/25626"}],"collection":[{"href":"https:\/\/apimat.ch\/de\/wp-json\/wp\/v2\/product"}],"about":[{"href":"https:\/\/apimat.ch\/de\/wp-json\/wp\/v2\/types\/product"}],"wp:featuredmedia":[{"embeddable":true,"href":"https:\/\/apimat.ch\/de\/wp-json\/wp\/v2\/media\/25609"}],"wp:attachment":[{"href":"https:\/\/apimat.ch\/de\/wp-json\/wp\/v2\/media?parent=25626"}],"wp:term":[{"taxonomy":"product_cat","embeddable":true,"href":"https:\/\/apimat.ch\/de\/wp-json\/wp\/v2\/product_cat?post=25626"},{"taxonomy":"product_tag","embeddable":true,"href":"https:\/\/apimat.ch\/de\/wp-json\/wp\/v2\/product_tag?post=25626"}],"curies":[{"name":"wp","href":"https:\/\/api.w.org\/{rel}","templated":true}]}}