{"id":25643,"date":"2023-07-29T19:11:13","date_gmt":"2023-07-29T17:16:54","guid":{"rendered":"https:\/\/apimat.ch\/?post_type=product&#038;p=25643"},"modified":"2023-07-29T19:19:58","modified_gmt":"2023-07-29T17:19:58","slug":"uebersetzung-klimakammer-fuer-den-transport-von-koeniginnenzellen","status":"publish","type":"product","link":"https:\/\/apimat.ch\/de\/produit\/uebersetzung-klimakammer-fuer-den-transport-von-koeniginnenzellen\/","title":{"rendered":"\u00dcbersetzung: Klimakammer f\u00fcr den Transport von K\u00f6niginnenzellen"},"content":{"rendered":"<p>Die Zellen sind in einem sch\u00fctzenden Schaumblock untergebracht, bis zu 50 Zellen.<\/p>\n<p>Die konstante Temperatur wird durch einen elektronischen Controller gew\u00e4hrleistet.<\/p>\n<p>Technische Eigenschaften:<\/p>\n<p>Elektrische Leistung V\/Hz: 12V DC<\/p>\n<p>Gesamtleistung Watt: 60<\/p>\n<p>Abmessungen mm: 380x420x330H<\/p>\n<p>Innenma\u00dfe mm: 330x330x200H<\/p>\n<p>Gewicht KG: 5,370<\/p>\n<p>Dieses Modell wurde speziell entwickelt, um w\u00e4hrend des Transports der k\u00f6niglichen Zellen optimale k\u00fcnstliche Klimabedingungen auf einfache Weise aufrechtzuerhalten.<\/p>\n<p>Es ist mit zwei Schaumstofftabletts mit jeweils 25 Pl\u00e4tzen ausgestattet und wird mit einer Niederspannung von 12V (Auto) betrieben. Optional ist ein spezifischer Transformator zur Verbindung mit 220-240V Einphasenstrom erh\u00e4ltlich.<\/p>\n<p>Die Heizung wird von einem digital programmierbaren Thermostat in Zehntel-\u00b0C reguliert.<\/p>\n<p>Ein kleiner Ventilator sorgt f\u00fcr die gleichm\u00e4\u00dfige Temperaturverteilung.<\/p>\n<p>Die Struktur besteht aus speziellen PVC-Thermopaneelen mit 20 mm Isolierung.<\/p>\n<p>Details zur Klimakammer f\u00fcr den Transport von K\u00f6niginnenzellen:<\/p>\n<p>12V Stromanschluss<\/p>\n<p>220V Stromversorgung (optional)<\/p>\n<p>Die Sicherheitsaspekte der elektrischen Teile entsprechen in jeder Hinsicht den europ\u00e4ischen Normen, und das Steuerungspanel au\u00dferhalb des Brutkastens verhindert Probleme mit den elektrischen Teilen, die durch Feuchtigkeit und Kondensation verursacht werden k\u00f6nnten.<\/p>\n<p>&nbsp;<\/p>\n<p class=\"p1\"><b>DIE PREISE SIND JE NACH MENGE DEGRESSIV.<\/b><\/p>\n<p class=\"p1\"><b>F\u00fcr weitere Informationen kontaktieren Sie mich bitte.<\/b><\/p>\n<p class=\"p2\"><span class=\"s1\"><a href=\"mailto:info@apimat.ch\"><b>info@apimat.ch<\/b><\/a><\/span><\/p>\n<p class=\"p1\"><b>Telefon: 076 213 80 33<\/b><\/p>\n<p>&nbsp;<\/p>\n","protected":false},"excerpt":{"rendered":"<p>Die Zellen sind in einem sch\u00fctzenden Schaumblock untergebracht, bis zu 50 Zellen. Die konstante Temperatur wird durch einen elektronischen Controller gew\u00e4hrleistet. Technische Eigenschaften: Elektrische Leistung V\/Hz: 12V DC Gesamtleistung Watt: 60 Abmessungen mm: 380x420x330H Innenma\u00dfe mm: 330x330x200H Gewicht KG: 5,370 Dieses Modell wurde speziell entwickelt, um w\u00e4hrend des Transports der k\u00f6niglichen Zellen optimale k\u00fcnstliche Klimabedingungen [&hellip;]<\/p>\n","protected":false},"featured_media":25639,"template":"","meta":{"_uf_show_specific_survey":0,"_uf_disable_surveys":false},"product_cat":[1013,271],"product_tag":[],"aioseo_notices":[],"_links":{"self":[{"href":"https:\/\/apimat.ch\/de\/wp-json\/wp\/v2\/product\/25643"}],"collection":[{"href":"https:\/\/apimat.ch\/de\/wp-json\/wp\/v2\/product"}],"about":[{"href":"https:\/\/apimat.ch\/de\/wp-json\/wp\/v2\/types\/product"}],"wp:featuredmedia":[{"embeddable":true,"href":"https:\/\/apimat.ch\/de\/wp-json\/wp\/v2\/media\/25639"}],"wp:attachment":[{"href":"https:\/\/apimat.ch\/de\/wp-json\/wp\/v2\/media?parent=25643"}],"wp:term":[{"taxonomy":"product_cat","embeddable":true,"href":"https:\/\/apimat.ch\/de\/wp-json\/wp\/v2\/product_cat?post=25643"},{"taxonomy":"product_tag","embeddable":true,"href":"https:\/\/apimat.ch\/de\/wp-json\/wp\/v2\/product_tag?post=25643"}],"curies":[{"name":"wp","href":"https:\/\/api.w.org\/{rel}","templated":true}]}}