{"id":25846,"date":"2023-08-09T18:44:09","date_gmt":"2023-08-09T16:44:09","guid":{"rendered":"https:\/\/apimat.ch\/?post_type=product&#038;p=25846"},"modified":"2023-08-12T12:48:21","modified_gmt":"2023-08-12T10:48:21","slug":"baginbox-20-kg-copie","status":"publish","type":"product","link":"https:\/\/apimat.ch\/de\/produit\/baginbox-20-kg-copie\/","title":{"rendered":"IP-SUISSE BAGINBOX 20 KG &#8211; Kontrollierter und reduzierter Einsatz von Chemikalien"},"content":{"rendered":"<div class=\"content--title\">Produktinformationen IP-SUISSE BagInBox 20 kg<\/div>\n<div class=\"product--description\">\n<ul>\n<li>Kartonverpackung \/ Beutel mit Ausguss<\/li>\n<li>gut stapelbar<\/li>\n<li>rationell einsetzbar<\/li>\n<\/ul>\n<p>Hostettlers Futtersirup f\u00fcr Bienen konventionell aus\u00a0<strong>Schweizer Zucker<\/strong>.<\/p>\n<p><strong>Basispreise<\/strong><br \/>\nDer angegebene Basispreis (abz\u00fcglich Mengenrabatt) ist abgeholt ab Betrieb in Lenzburg.<br \/>\nAbgeholt ab Depot gilt der angegebene Basispreise (abz\u00fcglich Mengenrabatt) ab 4 Verpackungseinheiten pro Bezug.<br \/>\nAlle Verpackungseinheiten sind frei kombinierbar, und das \u00fcber alle Produkte und Verpackungen.<\/p>\n<p><strong>Mengenrabatte Sirup konventionell und Bio-Sirup<\/strong><br \/>\nDie Mengenrabatte gelten f\u00fcr Futtersirup konventionell und Bio-Futtersirup.\u00a0<strong>Mengenkumulation pro Kalenderjahr:<\/strong>\u00a0Sie k\u00f6nnen so oft Sie wollen, in beliebigen Mengen und Verpackungen Hostettlers Futtersirup und\/oder Bio-Futtersirup beziehen. Bei jedem neuen Bezug wird die Menge zur bereits bezogenen Menge hinzugez\u00e4hlt (pro Kalenderjahr). So kommen Sie automatisch in die h\u00f6here Rabattstufe. Alle Verpackungsgr\u00f6ssen sind dabei frei kombinierbar.<\/p>\n<p><strong>DIE PREISE SIND JE NACH MENGE DEGRESSIV.<\/strong><\/p>\n<\/div>\n<p><strong>F\u00fcr weitere Informationen kontaktieren Sie mich bitte.<\/strong><\/p>\n<p><a href=\"mailto:info@apimat.ch\"><strong>info@apimat.ch<\/strong><\/a><\/p>\n<p><strong>Telefon: 076 213 80 33<\/strong><\/p>\n<p>&nbsp;<\/p>\n","protected":false},"excerpt":{"rendered":"<p>Produktinformationen IP-SUISSE BagInBox 20 kg Kartonverpackung \/ Beutel mit Ausguss gut stapelbar rationell einsetzbar Hostettlers Futtersirup f\u00fcr Bienen konventionell aus\u00a0Schweizer Zucker. Basispreise Der angegebene Basispreis (abz\u00fcglich Mengenrabatt) ist abgeholt ab Betrieb in Lenzburg. Abgeholt ab Depot gilt der angegebene Basispreise (abz\u00fcglich Mengenrabatt) ab 4 Verpackungseinheiten pro Bezug. Alle Verpackungseinheiten sind frei kombinierbar, und das \u00fcber [&hellip;]<\/p>\n","protected":false},"featured_media":25848,"template":"","meta":{"_uf_show_specific_survey":0,"_uf_disable_surveys":false},"product_cat":[94],"product_tag":[],"aioseo_notices":[],"_links":{"self":[{"href":"https:\/\/apimat.ch\/de\/wp-json\/wp\/v2\/product\/25846"}],"collection":[{"href":"https:\/\/apimat.ch\/de\/wp-json\/wp\/v2\/product"}],"about":[{"href":"https:\/\/apimat.ch\/de\/wp-json\/wp\/v2\/types\/product"}],"wp:featuredmedia":[{"embeddable":true,"href":"https:\/\/apimat.ch\/de\/wp-json\/wp\/v2\/media\/25848"}],"wp:attachment":[{"href":"https:\/\/apimat.ch\/de\/wp-json\/wp\/v2\/media?parent=25846"}],"wp:term":[{"taxonomy":"product_cat","embeddable":true,"href":"https:\/\/apimat.ch\/de\/wp-json\/wp\/v2\/product_cat?post=25846"},{"taxonomy":"product_tag","embeddable":true,"href":"https:\/\/apimat.ch\/de\/wp-json\/wp\/v2\/product_tag?post=25846"}],"curies":[{"name":"wp","href":"https:\/\/api.w.org\/{rel}","templated":true}]}}