{"id":25972,"date":"2023-08-21T11:25:08","date_gmt":"2023-08-21T09:52:20","guid":{"rendered":"https:\/\/apimat.ch\/?post_type=product&#038;p=25972"},"modified":"2024-06-24T17:18:22","modified_gmt":"2024-06-24T15:18:22","slug":"leitfaden-zur-auswahl-einer-dadant-bienenbeute-welches-modell-soll-gewaehlt-werden","status":"publish","type":"product","link":"https:\/\/apimat.ch\/de\/produit\/leitfaden-zur-auswahl-einer-dadant-bienenbeute-welches-modell-soll-gewaehlt-werden\/","title":{"rendered":"Leitfaden zur Auswahl einer Dadant-Bienenbeute: Welches Modell soll gew\u00e4hlt werden?"},"content":{"rendered":"<p class=\"p1\"><b>Leitfaden zur Auswahl einer Dadant-Bienenbeute: Welches Modell soll gew\u00e4hlt werden?<\/b><\/p>\n<p class=\"p1\">Wenn Sie sich f\u00fcr die Imkerei interessieren, empfehlen wir Ihnen dringend, sich f\u00fcr eine Dadant-Beute zu entscheiden, die in der franz\u00f6sischsprachigen Schweiz weit verbreitet ist und von den meisten Imkern bevorzugt wird.<\/p>\n<p class=\"p1\">Um Ihnen bei Ihrer Entscheidung zu helfen, finden Sie hier eine Liste der Vor- und Nachteile der Dadant-Beuten mit zwei Optionen: Dadant 12 und Dadant 10.<\/p>\n<p><strong>Hier ist der Download der PDF-Datei = <a href=\"https:\/\/apimat.ch\/wp-content\/uploads\/2023\/08\/Leitfaden-zur-Auswahl-einer-Dadant-Bienenbeute-Welches-Modell-soll\u2026.pdf\">Leitfaden zur Auswahl einer Dadant-Bienenbeute: Welches Modell soll\u2026<\/a><\/strong><\/p>\n<p>&nbsp;<\/p>\n<p class=\"p3\"><b>VORTEILE DER DADANT 12 BEUTE:<\/b><\/p>\n<ul class=\"ul1\">\n<li class=\"li1\">Einfache Schwarmkontrolle.<\/li>\n<li class=\"li1\">Bequeme Manipulation aufgrund des zus\u00e4tzlichen Platzes.<\/li>\n<li class=\"li1\">M\u00f6glichkeit, st\u00e4rkere Bienenv\u00f6lker durch gr\u00f6\u00dfere Kapazit\u00e4t zu entwickeln.<\/li>\n<\/ul>\n<p class=\"p4\"><b>NACHTEILE DER DADANT 12 BEUTE:<\/b><\/p>\n<ul class=\"ul1\">\n<li class=\"li1\">Hohes Gewicht, was Transport erschweren kann.<\/li>\n<li class=\"li1\">Erh\u00f6hte Schwierigkeiten bei der Winterung aufgrund des zu heizenden Volumens.<\/li>\n<li class=\"li1\">Langsamere Entwicklung im Vergleich zur Dadant 10 aufgrund des gr\u00f6\u00dferen Volumens, selbst mit Trennschieden, was zu mehr W\u00e4rmeverlust f\u00fchrt.<\/li>\n<\/ul>\n<p class=\"p3\"><b>VORTEILE DER DADANT 10 BEUTE<\/b>:<\/p>\n<ul class=\"ul1\">\n<li class=\"li1\">Leichtere Manipulation.<\/li>\n<li class=\"li1\">Schnellerer Start der Bienenv\u00f6lker im Fr\u00fchjahr.<\/li>\n<li class=\"li1\">Bessere Winterbedingungen aufgrund des kleineren Volumens. \u00dcber 800 m H\u00f6he empfehlen wir die 10 Rahmen, um im Fr\u00fchjahr reaktiver zu sein.<\/li>\n<\/ul>\n<p class=\"p4\"><b>NACHTEILE DER DADANT 10 BEUTE:<\/b><\/p>\n<ul class=\"ul1\">\n<li class=\"li1\">Gr\u00f6\u00dfere Schwarmneigung, erfordert h\u00e4ufigere Kontrolle und erh\u00f6hte Aufmerksamkeit, da sie weniger nachsichtig gegen\u00fcber Vernachl\u00e4ssigung ist.<\/li>\n<li class=\"li1\">Weniger Bienen f\u00fcr die Gr\u00fcndung neuer V\u00f6lker verf\u00fcgbar.<\/li>\n<\/ul>\n<p class=\"p1\">Um Imker zu werden, ist es unerl\u00e4sslich, Ihren Bienenstand zu registrieren und eine Imkernummer zu erhalten. Hierf\u00fcr ist es notwendig, eine Anfrage beim kantonalen Inspektor oder der Generaldirektion f\u00fcr Landwirtschaft zu stellen.<\/p>\n<p class=\"p1\">Wir ermutigen Sie nachdr\u00fccklich, in Erw\u00e4gung zu ziehen, einen Imkerkurs zu besuchen oder sich w\u00e4hrend Ihres ersten und zweiten Jahres von einem Mentor begleiten zu lassen, da diese T\u00e4tigkeit komplexer ist, als es den Anschein hat.<\/p>\n<div class='avia-iframe-wrap'><iframe loading=\"lazy\" title=\"Pr\u00e9sentation de 3 MOD\u00c8LES de RUCHES DADANT s\u00e9lectionn\u00e9s par Matteo D&#039;APIMAT - Des innovations !\" width=\"1500\" height=\"844\" src=\"https:\/\/www.youtube.com\/embed\/_pN-D7cWoU0?start=483&#038;feature=oembed\" frameborder=\"0\" allow=\"accelerometer; autoplay; clipboard-write; encrypted-media; gyroscope; picture-in-picture; web-share\" referrerpolicy=\"strict-origin-when-cross-origin\" allowfullscreen><\/iframe><\/div>\n<p class=\"p1\">Mit freundlichen Imkergr\u00fc\u00dfen,<\/p>\n<p class=\"p1\"><b>APIMAT GmbH | Imkereibedarf<\/b><\/p>\n","protected":false},"excerpt":{"rendered":"<p>Leitfaden zur Auswahl einer Dadant-Bienenbeute: Welches Modell soll gew\u00e4hlt werden? Wenn Sie sich f\u00fcr die Imkerei interessieren, empfehlen wir Ihnen dringend, sich f\u00fcr eine Dadant-Beute zu entscheiden, die in der franz\u00f6sischsprachigen Schweiz weit verbreitet ist und von den meisten Imkern bevorzugt wird. Um Ihnen bei Ihrer Entscheidung zu helfen, finden Sie hier eine Liste der [&hellip;]<\/p>\n","protected":false},"featured_media":25967,"template":"","meta":{"_uf_show_specific_survey":0,"_uf_disable_surveys":false},"product_cat":[1013,101],"product_tag":[],"aioseo_notices":[],"_links":{"self":[{"href":"https:\/\/apimat.ch\/de\/wp-json\/wp\/v2\/product\/25972"}],"collection":[{"href":"https:\/\/apimat.ch\/de\/wp-json\/wp\/v2\/product"}],"about":[{"href":"https:\/\/apimat.ch\/de\/wp-json\/wp\/v2\/types\/product"}],"wp:featuredmedia":[{"embeddable":true,"href":"https:\/\/apimat.ch\/de\/wp-json\/wp\/v2\/media\/25967"}],"wp:attachment":[{"href":"https:\/\/apimat.ch\/de\/wp-json\/wp\/v2\/media?parent=25972"}],"wp:term":[{"taxonomy":"product_cat","embeddable":true,"href":"https:\/\/apimat.ch\/de\/wp-json\/wp\/v2\/product_cat?post=25972"},{"taxonomy":"product_tag","embeddable":true,"href":"https:\/\/apimat.ch\/de\/wp-json\/wp\/v2\/product_tag?post=25972"}],"curies":[{"name":"wp","href":"https:\/\/api.w.org\/{rel}","templated":true}]}}