{"id":26148,"date":"2023-08-26T13:13:56","date_gmt":"2023-08-26T11:13:55","guid":{"rendered":"https:\/\/apimat.ch\/?post_type=product&#038;p=26148"},"modified":"2023-08-26T13:35:06","modified_gmt":"2023-08-26T11:35:06","slug":"dadant-bienenstock-10-mit-verstaerktes-dach-und-beweglichem-nicot-boden-deckbrett-aus-holzrahmen","status":"publish","type":"product","link":"https:\/\/apimat.ch\/de\/produit\/dadant-bienenstock-10-mit-verstaerktes-dach-und-beweglichem-nicot-boden-deckbrett-aus-holzrahmen\/","title":{"rendered":"Dadant-Bienenstock 10 mit Verst\u00e4rktes Dach und beweglichem Nicot-Boden ( Futterdeckbrett aus Holz )"},"content":{"rendered":"<h3>Dadant-Bienenstock 10 mit Verst\u00e4rktes Dach und beweglichem Nicot-Boden ( Futterdeckbrett aus Holz )<\/h3>\n<p>&#8211; Geradschwanzzapfenanordnung f\u00fcr optimale Festigkeit;<\/p>\n<p>&#8211; \u00c4u\u00dfere Behandlung mit Lein\u00f6l;<\/p>\n<p>&#8211; Beweglicher Boden aus lebensmittelechtem und wiederverwertbarem Kunststoff Nicot mit Schublade zur Inspektion;<\/p>\n<p>&#8211; Bienenstockk\u00f6rper <strong>MIT RAHMEN<\/strong> f\u00fcr die Kolonieentwicklung;<\/p>\n<p>&#8211; Bienenst\u00f6cke <strong>MIT RAHMEN<\/strong> f\u00fcr die Honigproduktion;<\/p>\n<p>&#8211; Rahmenabdeckungen f\u00fcr den Futterautomat Dadant 10 Nicot mit 2 Futterabdeckungen; Die Rahmenabdeckung kann durch eine Holzabdeckung ersetzt werden =&gt; Hohe Rahmenabdeckungen f\u00fcr 10-Rahmen-Bienenst\u00f6cke<\/p>\n<p>&#8211; Blechdach: wird zum Schutz des Bienenstocks verwendet;<\/p>\n<p>&#8211; Verschiedene Metallzubeh\u00f6rteile (Zahnstangen, Zwischenrahmenleisten, verzahnte Eingangst\u00fcr);<\/p>\n<p>&nbsp;<\/p>\n<p><strong>DEGRESSIVE PREISE JE NACH MENGE.<\/strong><\/p>\n<p><strong>F\u00fcr weitere Informationen kontaktieren Sie mich bitte.<\/strong><\/p>\n<p><a href=\"mailto:info@apimat.ch\"><strong>info@apimat.ch<\/strong><\/a><\/p>\n<p><strong>Telefon: 076 213 80 33<\/strong><\/p>\n<p>&nbsp;<\/p>\n","protected":false},"excerpt":{"rendered":"<p>Dadant-Bienenstock 10 mit Verst\u00e4rktes Dach und beweglichem Nicot-Boden ( Futterdeckbrett aus Holz ) &#8211; Geradschwanzzapfenanordnung f\u00fcr optimale Festigkeit; &#8211; \u00c4u\u00dfere Behandlung mit Lein\u00f6l; &#8211; Beweglicher Boden aus lebensmittelechtem und wiederverwertbarem Kunststoff Nicot mit Schublade zur Inspektion; &#8211; Bienenstockk\u00f6rper MIT RAHMEN f\u00fcr die Kolonieentwicklung; &#8211; Bienenst\u00f6cke MIT RAHMEN f\u00fcr die Honigproduktion; &#8211; Rahmenabdeckungen f\u00fcr den Futterautomat [&hellip;]<\/p>\n","protected":false},"featured_media":26138,"template":"","meta":{"_uf_show_specific_survey":0,"_uf_disable_surveys":false},"product_cat":[101],"product_tag":[],"aioseo_notices":[],"_links":{"self":[{"href":"https:\/\/apimat.ch\/de\/wp-json\/wp\/v2\/product\/26148"}],"collection":[{"href":"https:\/\/apimat.ch\/de\/wp-json\/wp\/v2\/product"}],"about":[{"href":"https:\/\/apimat.ch\/de\/wp-json\/wp\/v2\/types\/product"}],"wp:featuredmedia":[{"embeddable":true,"href":"https:\/\/apimat.ch\/de\/wp-json\/wp\/v2\/media\/26138"}],"wp:attachment":[{"href":"https:\/\/apimat.ch\/de\/wp-json\/wp\/v2\/media?parent=26148"}],"wp:term":[{"taxonomy":"product_cat","embeddable":true,"href":"https:\/\/apimat.ch\/de\/wp-json\/wp\/v2\/product_cat?post=26148"},{"taxonomy":"product_tag","embeddable":true,"href":"https:\/\/apimat.ch\/de\/wp-json\/wp\/v2\/product_tag?post=26148"}],"curies":[{"name":"wp","href":"https:\/\/api.w.org\/{rel}","templated":true}]}}