{"id":26357,"date":"2023-09-08T17:13:52","date_gmt":"2023-09-08T15:13:52","guid":{"rendered":"https:\/\/apimat.ch\/?post_type=product&#038;p=26357"},"modified":"2023-09-08T17:38:44","modified_gmt":"2023-09-08T15:38:44","slug":"runder-plastikeimer-in-lebensmittelqualitaet-mit-einem-fassungsvermoegen-von-27-kg-swiss-made-2","status":"publish","type":"product","link":"https:\/\/apimat.ch\/de\/produit\/runder-plastikeimer-in-lebensmittelqualitaet-mit-einem-fassungsvermoegen-von-27-kg-swiss-made-2\/","title":{"rendered":"Runder Plastikeimer in Lebensmittelqualit\u00e4t mit einem Fassungsverm\u00f6gen von 27 kg &#8211; SWISS MADE"},"content":{"rendered":"<p>Runder Plastikeimer in Lebensmittelqualit\u00e4t mit einem Fassungsverm\u00f6gen von 27 kg &#8211; H\u00f6he 35 cm.<\/p>\n<p><strong>DEGRESSIVE PREISE JE NACH MENGE.<\/strong><\/p>\n<p><strong>F\u00fcr weitere Informationen kontaktieren Sie mich bitte.<\/strong><\/p>\n<p><a href=\"mailto:info@apimat.ch\"><strong>info@apimat.ch<\/strong><\/a><\/p>\n<p><strong>Telefon: 076 213 80 33<\/strong><\/p>\n<p>&nbsp;<\/p>\n","protected":false},"excerpt":{"rendered":"<p>Runder Plastikeimer in Lebensmittelqualit\u00e4t mit einem Fassungsverm\u00f6gen von 27 kg &#8211; H\u00f6he 35 cm. DEGRESSIVE PREISE JE NACH MENGE. F\u00fcr weitere Informationen kontaktieren Sie mich bitte. info@apimat.ch Telefon: 076 213 80 33 &nbsp;<\/p>\n","protected":false},"featured_media":26359,"template":"","meta":{"_uf_show_specific_survey":0,"_uf_disable_surveys":false},"product_cat":[1013,108,1060],"product_tag":[],"aioseo_notices":[],"_links":{"self":[{"href":"https:\/\/apimat.ch\/de\/wp-json\/wp\/v2\/product\/26357"}],"collection":[{"href":"https:\/\/apimat.ch\/de\/wp-json\/wp\/v2\/product"}],"about":[{"href":"https:\/\/apimat.ch\/de\/wp-json\/wp\/v2\/types\/product"}],"wp:featuredmedia":[{"embeddable":true,"href":"https:\/\/apimat.ch\/de\/wp-json\/wp\/v2\/media\/26359"}],"wp:attachment":[{"href":"https:\/\/apimat.ch\/de\/wp-json\/wp\/v2\/media?parent=26357"}],"wp:term":[{"taxonomy":"product_cat","embeddable":true,"href":"https:\/\/apimat.ch\/de\/wp-json\/wp\/v2\/product_cat?post=26357"},{"taxonomy":"product_tag","embeddable":true,"href":"https:\/\/apimat.ch\/de\/wp-json\/wp\/v2\/product_tag?post=26357"}],"curies":[{"name":"wp","href":"https:\/\/api.w.org\/{rel}","templated":true}]}}