{"id":26383,"date":"2023-09-09T12:29:27","date_gmt":"2023-09-09T10:29:27","guid":{"rendered":"https:\/\/apimat.ch\/?post_type=product&#038;p=26383"},"modified":"2023-09-09T12:54:51","modified_gmt":"2023-09-09T10:54:51","slug":"schneckenpresse-fuer-wachsdeckel18-kg-pro-stunde","status":"publish","type":"product","link":"https:\/\/apimat.ch\/de\/produit\/schneckenpresse-fuer-wachsdeckel18-kg-pro-stunde\/","title":{"rendered":"Schneckenpresse f\u00fcr Wachsdeckel 18 kg pro Stunde"},"content":{"rendered":"<p>Schneckenpresse f\u00fcr Wachsdeckel 18 kg pro Stunde<\/p>\n<ul>\n<li>Besondere Merkmale :<\/li>\n<li>vollst\u00e4ndig aus hochwertigem Edelstahl<\/li>\n<li>Stromversorgung,<\/li>\n<li>Kapazit\u00e4t: 18 kg \/ Stunde,<\/li>\n<li>leicht und praktisch f\u00fcr den Transport.<\/li>\n<li>Au\u00dfenma\u00dfe mm 810 x 400 x H 560<\/li>\n<li>Gewicht Kg 20<\/li>\n<li>Stromversorgung V-Hz 220-50<\/li>\n<li>Maximale Gesamtabsorption Watt 100<\/li>\n<li>Durchmesser der Schnecke mm 80<\/li>\n<li>Anzahl der Umdrehungen der Schnecke g\/i&#8217; 9,1<\/li>\n<\/ul>\n<p><a href=\"https:\/\/apimat.ch\/wp-content\/uploads\/2023\/09\/4420-IST-20230516_DE.pdf\">4420 IST &#8211; 20230516_DE<\/a><\/p>\n<p>&nbsp;<\/p>\n<p class=\"p1\"><b>DIE PREISE SIND JE NACH MENGE DEGRESSIV.<\/b><\/p>\n<p class=\"p1\"><b>F\u00fcr weitere Informationen kontaktieren Sie mich bitte.<\/b><\/p>\n<p class=\"p2\"><span class=\"s1\"><a href=\"mailto:info@apimat.ch\"><b>info@apimat.ch<\/b><\/a><\/span><\/p>\n<p class=\"p1\"><b>Telefon: 076 213 80 33<\/b><\/p>\n","protected":false},"excerpt":{"rendered":"<p>Schneckenpresse f\u00fcr Wachsdeckel 18 kg pro Stunde Besondere Merkmale : vollst\u00e4ndig aus hochwertigem Edelstahl Stromversorgung, Kapazit\u00e4t: 18 kg \/ Stunde, leicht und praktisch f\u00fcr den Transport. Au\u00dfenma\u00dfe mm 810 x 400 x H 560 Gewicht Kg 20 Stromversorgung V-Hz 220-50 Maximale Gesamtabsorption Watt 100 Durchmesser der Schnecke mm 80 Anzahl der Umdrehungen der Schnecke g\/i&#8217; [&hellip;]<\/p>\n","protected":false},"featured_media":26387,"template":"","meta":{"_uf_show_specific_survey":0,"_uf_disable_surveys":false},"product_cat":[1013,128,103],"product_tag":[],"aioseo_notices":[],"_links":{"self":[{"href":"https:\/\/apimat.ch\/de\/wp-json\/wp\/v2\/product\/26383"}],"collection":[{"href":"https:\/\/apimat.ch\/de\/wp-json\/wp\/v2\/product"}],"about":[{"href":"https:\/\/apimat.ch\/de\/wp-json\/wp\/v2\/types\/product"}],"wp:featuredmedia":[{"embeddable":true,"href":"https:\/\/apimat.ch\/de\/wp-json\/wp\/v2\/media\/26387"}],"wp:attachment":[{"href":"https:\/\/apimat.ch\/de\/wp-json\/wp\/v2\/media?parent=26383"}],"wp:term":[{"taxonomy":"product_cat","embeddable":true,"href":"https:\/\/apimat.ch\/de\/wp-json\/wp\/v2\/product_cat?post=26383"},{"taxonomy":"product_tag","embeddable":true,"href":"https:\/\/apimat.ch\/de\/wp-json\/wp\/v2\/product_tag?post=26383"}],"curies":[{"name":"wp","href":"https:\/\/api.w.org\/{rel}","templated":true}]}}