{"id":26609,"date":"2023-10-05T16:33:32","date_gmt":"2023-10-05T14:45:01","guid":{"rendered":"https:\/\/apimat.ch\/?post_type=product&#038;p=26609"},"modified":"2025-03-06T06:36:45","modified_gmt":"2025-03-06T05:36:45","slug":"profi-entdecklungsmesser","status":"publish","type":"product","link":"https:\/\/apimat.ch\/de\/produit\/profi-entdecklungsmesser\/","title":{"rendered":"Super Entdecklungsmesser Profi \u2013 Effizienz und Pr\u00e4zision"},"content":{"rendered":"<p>Profi Entdecklungsmesser &#8211; Schneide mit Spezialschliff aus Edelstahl mit Kunststoffgriff<\/p>\n<p>L\u00e4nge inkl. Griff: 465 mm<\/p>\n<p>L\u00e4nge der Schneide: 305 mm<\/p>\n<p><img loading=\"lazy\" decoding=\"async\" class=\"alignnone size-large wp-image-26603\" src=\"https:\/\/apimat.ch\/wp-content\/uploads\/2023\/10\/Couteau-pro2-1030x629.jpg\" alt=\"\" width=\"1030\" height=\"629\" srcset=\"https:\/\/apimat.ch\/wp-content\/uploads\/2023\/10\/Couteau-pro2-1030x629.jpg 1030w, https:\/\/apimat.ch\/wp-content\/uploads\/2023\/10\/Couteau-pro2-300x183.jpg 300w, https:\/\/apimat.ch\/wp-content\/uploads\/2023\/10\/Couteau-pro2-768x469.jpg 768w, https:\/\/apimat.ch\/wp-content\/uploads\/2023\/10\/Couteau-pro2-1536x937.jpg 1536w, https:\/\/apimat.ch\/wp-content\/uploads\/2023\/10\/Couteau-pro2-2048x1250.jpg 2048w, https:\/\/apimat.ch\/wp-content\/uploads\/2023\/10\/Couteau-pro2-1500x915.jpg 1500w, https:\/\/apimat.ch\/wp-content\/uploads\/2023\/10\/Couteau-pro2-705x430.jpg 705w, https:\/\/apimat.ch\/wp-content\/uploads\/2023\/10\/Couteau-pro2-450x275.jpg 450w, https:\/\/apimat.ch\/wp-content\/uploads\/2023\/10\/Couteau-pro2-600x366.jpg 600w, https:\/\/apimat.ch\/wp-content\/uploads\/2023\/10\/Couteau-pro2.jpg 1920w\" sizes=\"(max-width: 1030px) 100vw, 1030px\" \/> <img loading=\"lazy\" decoding=\"async\" class=\"alignnone size-large wp-image-26601\" src=\"https:\/\/apimat.ch\/wp-content\/uploads\/2023\/10\/couteau-pro1-1026x1030.jpg\" alt=\"\" width=\"1026\" height=\"1030\" srcset=\"https:\/\/apimat.ch\/wp-content\/uploads\/2023\/10\/couteau-pro1-1026x1030.jpg 1026w, https:\/\/apimat.ch\/wp-content\/uploads\/2023\/10\/couteau-pro1-300x300.jpg 300w, https:\/\/apimat.ch\/wp-content\/uploads\/2023\/10\/couteau-pro1-80x80.jpg 80w, https:\/\/apimat.ch\/wp-content\/uploads\/2023\/10\/couteau-pro1-768x771.jpg 768w, https:\/\/apimat.ch\/wp-content\/uploads\/2023\/10\/couteau-pro1-1531x1536.jpg 1531w, https:\/\/apimat.ch\/wp-content\/uploads\/2023\/10\/couteau-pro1-36x36.jpg 36w, https:\/\/apimat.ch\/wp-content\/uploads\/2023\/10\/couteau-pro1-180x180.jpg 180w, https:\/\/apimat.ch\/wp-content\/uploads\/2023\/10\/couteau-pro1-1495x1500.jpg 1495w, https:\/\/apimat.ch\/wp-content\/uploads\/2023\/10\/couteau-pro1-702x705.jpg 702w, https:\/\/apimat.ch\/wp-content\/uploads\/2023\/10\/couteau-pro1-120x120.jpg 120w, https:\/\/apimat.ch\/wp-content\/uploads\/2023\/10\/couteau-pro1-450x452.jpg 450w, https:\/\/apimat.ch\/wp-content\/uploads\/2023\/10\/couteau-pro1-600x602.jpg 600w, https:\/\/apimat.ch\/wp-content\/uploads\/2023\/10\/couteau-pro1-100x100.jpg 100w, https:\/\/apimat.ch\/wp-content\/uploads\/2023\/10\/couteau-pro1.jpg 1678w\" sizes=\"(max-width: 1026px) 100vw, 1026px\" \/><\/p>\n<p class=\"p1\"><b>DIE PREISE SIND JE NACH MENGE DEGRESSIV.<\/b><\/p>\n<p class=\"p1\"><b>F\u00fcr weitere Informationen kontaktieren Sie mich bitte.<\/b><\/p>\n<p class=\"p2\"><span class=\"s1\"><a href=\"mailto:info@apimat.ch\"><b>info@apimat.ch<\/b><\/a><\/span><\/p>\n<p class=\"p1\"><b>Telefon: 076 213 80 33<\/b><\/p>\n","protected":false},"excerpt":{"rendered":"<p>Profi Entdecklungsmesser &#8211; Schneide mit Spezialschliff aus Edelstahl mit Kunststoffgriff L\u00e4nge inkl. Griff: 465 mm L\u00e4nge der Schneide: 305 mm DIE PREISE SIND JE NACH MENGE DEGRESSIV. F\u00fcr weitere Informationen kontaktieren Sie mich bitte. info@apimat.ch Telefon: 076 213 80 33<\/p>\n","protected":false},"featured_media":26605,"template":"","meta":{"_uf_show_specific_survey":0,"_uf_disable_surveys":false},"product_cat":[1013,108],"product_tag":[],"aioseo_notices":[],"_links":{"self":[{"href":"https:\/\/apimat.ch\/de\/wp-json\/wp\/v2\/product\/26609"}],"collection":[{"href":"https:\/\/apimat.ch\/de\/wp-json\/wp\/v2\/product"}],"about":[{"href":"https:\/\/apimat.ch\/de\/wp-json\/wp\/v2\/types\/product"}],"wp:featuredmedia":[{"embeddable":true,"href":"https:\/\/apimat.ch\/de\/wp-json\/wp\/v2\/media\/26605"}],"wp:attachment":[{"href":"https:\/\/apimat.ch\/de\/wp-json\/wp\/v2\/media?parent=26609"}],"wp:term":[{"taxonomy":"product_cat","embeddable":true,"href":"https:\/\/apimat.ch\/de\/wp-json\/wp\/v2\/product_cat?post=26609"},{"taxonomy":"product_tag","embeddable":true,"href":"https:\/\/apimat.ch\/de\/wp-json\/wp\/v2\/product_tag?post=26609"}],"curies":[{"name":"wp","href":"https:\/\/api.w.org\/{rel}","templated":true}]}}