{"id":26785,"date":"2023-10-26T16:19:35","date_gmt":"2023-10-26T14:23:51","guid":{"rendered":"https:\/\/apimat.ch\/?post_type=product&#038;p=26785"},"modified":"2023-10-26T16:23:52","modified_gmt":"2023-10-26T14:23:52","slug":"pin-test-nadelkissen-zellmass-5-4-fuer-hygienebienen","status":"publish","type":"product","link":"https:\/\/apimat.ch\/de\/produit\/pin-test-nadelkissen-zellmass-5-4-fuer-hygienebienen\/","title":{"rendered":"Pin-Test \u00bbNadelkissen\u00ab Zellma\u00df: 5.4 &#8211; f\u00fcr Hygienebienen"},"content":{"rendered":"<p>Pin-killed-Test zur \u00dcberpr\u00fcfung des hygienischen Verhaltens.<\/p>\n<p>Die Nadeln sind perfekt ausgerichtet, um die Wabe mit jeder der Zellen zu verbinden. Es hat 50 Nadeln, um 50 Zellen gleichzeitig zu durchstechen. Er ist f\u00fcr Standardzellen von 5,4 mm konzipiert.<\/p>\n<p>Au\u00dferdem t\u00f6tet es die Larven in der Brut ab und erm\u00f6glicht die \u00dcberpr\u00fcfung des Reinigungsverhaltens des Bienenvolkes.<\/p>\n<p>ANWENDUNGSWEISE<\/p>\n<p>Verdeckelte Brut und dann die gesamte Kontur mit einem Posca-Marker markieren, um das durchl\u00f6cherte St\u00fcck hervorzuheben und zu umrei\u00dfen und um es bei der Revision leicht lokalisieren zu k\u00f6nnen.<\/p>\n<p>Dann sollte nach 6 Stunden eine \u00dcberpr\u00fcfung durchgef\u00fchrt werden. \u00dcberpr\u00fcfen Sie dabei den Prozentsatz der gereinigten Zellen. Hinweis: Idealerweise sollten sie die Brut zu mehr als 80 % entfernt haben.<\/p>\n<p><img loading=\"lazy\" decoding=\"async\" class=\"alignnone size-large wp-image-26777\" src=\"https:\/\/apimat.ch\/wp-content\/uploads\/2023\/10\/PintestAA-1030x1030.jpg\" alt=\"\" width=\"1030\" height=\"1030\" srcset=\"https:\/\/apimat.ch\/wp-content\/uploads\/2023\/10\/PintestAA-1030x1030.jpg 1030w, https:\/\/apimat.ch\/wp-content\/uploads\/2023\/10\/PintestAA-300x300.jpg 300w, https:\/\/apimat.ch\/wp-content\/uploads\/2023\/10\/PintestAA-80x80.jpg 80w, https:\/\/apimat.ch\/wp-content\/uploads\/2023\/10\/PintestAA-768x768.jpg 768w, https:\/\/apimat.ch\/wp-content\/uploads\/2023\/10\/PintestAA-1536x1536.jpg 1536w, https:\/\/apimat.ch\/wp-content\/uploads\/2023\/10\/PintestAA-36x36.jpg 36w, https:\/\/apimat.ch\/wp-content\/uploads\/2023\/10\/PintestAA-180x180.jpg 180w, https:\/\/apimat.ch\/wp-content\/uploads\/2023\/10\/PintestAA-1500x1500.jpg 1500w, https:\/\/apimat.ch\/wp-content\/uploads\/2023\/10\/PintestAA-705x705.jpg 705w, https:\/\/apimat.ch\/wp-content\/uploads\/2023\/10\/PintestAA-120x120.jpg 120w, https:\/\/apimat.ch\/wp-content\/uploads\/2023\/10\/PintestAA-450x450.jpg 450w, https:\/\/apimat.ch\/wp-content\/uploads\/2023\/10\/PintestAA-600x600.jpg 600w, https:\/\/apimat.ch\/wp-content\/uploads\/2023\/10\/PintestAA-100x100.jpg 100w, https:\/\/apimat.ch\/wp-content\/uploads\/2023\/10\/PintestAA.jpg 1920w\" sizes=\"(max-width: 1030px) 100vw, 1030px\" \/><\/p>\n<p class=\"p1\"><b>DIE PREISE SIND JE NACH MENGE DEGRESSIV.<\/b><\/p>\n<p class=\"p1\"><b>F\u00fcr weitere Informationen kontaktieren Sie mich bitte.<\/b><\/p>\n<p class=\"p2\"><span class=\"s1\"><a href=\"mailto:info@apimat.ch\"><b>info@apimat.ch<\/b><\/a><\/span><\/p>\n<p class=\"p1\"><b>Telefon: 076 213 80 33<\/b><\/p>\n<p>&nbsp;<\/p>\n","protected":false},"excerpt":{"rendered":"<p>Pin-killed-Test zur \u00dcberpr\u00fcfung des hygienischen Verhaltens. Die Nadeln sind perfekt ausgerichtet, um die Wabe mit jeder der Zellen zu verbinden. Es hat 50 Nadeln, um 50 Zellen gleichzeitig zu durchstechen. Er ist f\u00fcr Standardzellen von 5,4 mm konzipiert. Au\u00dferdem t\u00f6tet es die Larven in der Brut ab und erm\u00f6glicht die \u00dcberpr\u00fcfung des Reinigungsverhaltens des Bienenvolkes. [&hellip;]<\/p>\n","protected":false},"featured_media":28472,"template":"","meta":{"_uf_show_specific_survey":0,"_uf_disable_surveys":false},"product_cat":[1013,94,95,406],"product_tag":[],"aioseo_notices":[],"_links":{"self":[{"href":"https:\/\/apimat.ch\/de\/wp-json\/wp\/v2\/product\/26785"}],"collection":[{"href":"https:\/\/apimat.ch\/de\/wp-json\/wp\/v2\/product"}],"about":[{"href":"https:\/\/apimat.ch\/de\/wp-json\/wp\/v2\/types\/product"}],"wp:featuredmedia":[{"embeddable":true,"href":"https:\/\/apimat.ch\/de\/wp-json\/wp\/v2\/media\/28472"}],"wp:attachment":[{"href":"https:\/\/apimat.ch\/de\/wp-json\/wp\/v2\/media?parent=26785"}],"wp:term":[{"taxonomy":"product_cat","embeddable":true,"href":"https:\/\/apimat.ch\/de\/wp-json\/wp\/v2\/product_cat?post=26785"},{"taxonomy":"product_tag","embeddable":true,"href":"https:\/\/apimat.ch\/de\/wp-json\/wp\/v2\/product_tag?post=26785"}],"curies":[{"name":"wp","href":"https:\/\/api.w.org\/{rel}","templated":true}]}}