{"id":26796,"date":"2023-10-26T17:07:16","date_gmt":"2023-10-26T15:12:39","guid":{"rendered":"https:\/\/apimat.ch\/?post_type=product&#038;p=26796"},"modified":"2023-10-26T17:17:26","modified_gmt":"2023-10-26T15:17:26","slug":"anti-juckreiz-stich-stift","status":"publish","type":"product","link":"https:\/\/apimat.ch\/de\/produit\/anti-juckreiz-stich-stift\/","title":{"rendered":"Anti-Juckreiz-Stich-Stift"},"content":{"rendered":"<p>W\u00e4rme zur Linderung von Juckreiz<\/p>\n<p>Schnell und effektiv gegen Insektenstiche<br \/>\nLege die Keramikkontaktfl\u00e4che des STYLO picure\u00ae auf den Stich oder Biss. Dr\u00fccke einmal auf eine der beiden Tasten (3 oder 5 Sekunden), eine Temperatur von ca. 51 \u00b0C wird erreicht und f\u00fcr die gew\u00e4hlte Dauer aufrechterhalten. Danach schaltet sich das Ger\u00e4t automatisch aus.<br \/>\nFunktioniert mit 2 AA-Batterien (im Lieferumfang enthalten). Ein Batteriesatz reicht f\u00fcr ca. 300 Anwendungen. Der Stift zeigt an, wenn die Batterien ausgetauscht werden m\u00fcssen.<\/p>\n<p><img loading=\"lazy\" decoding=\"async\" class=\"alignnone size-large wp-image-26790\" src=\"https:\/\/apimat.ch\/wp-content\/uploads\/2023\/10\/bite-away-start-1030x688.jpg\" alt=\"\" width=\"1030\" height=\"688\" srcset=\"https:\/\/apimat.ch\/wp-content\/uploads\/2023\/10\/bite-away-start-1030x688.jpg 1030w, https:\/\/apimat.ch\/wp-content\/uploads\/2023\/10\/bite-away-start-300x200.jpg 300w, https:\/\/apimat.ch\/wp-content\/uploads\/2023\/10\/bite-away-start-768x513.jpg 768w, https:\/\/apimat.ch\/wp-content\/uploads\/2023\/10\/bite-away-start-705x471.jpg 705w, https:\/\/apimat.ch\/wp-content\/uploads\/2023\/10\/bite-away-start-450x300.jpg 450w, https:\/\/apimat.ch\/wp-content\/uploads\/2023\/10\/bite-away-start-600x401.jpg 600w, https:\/\/apimat.ch\/wp-content\/uploads\/2023\/10\/bite-away-start.jpg 1200w\" sizes=\"(max-width: 1030px) 100vw, 1030px\" \/><br \/>\nLindert den Juckreiz innerhalb von 2 Minuten.<br \/>\nDie Intensit\u00e4t des Juckreizes nimmt innerhalb von 2, 5 oder 10 Minuten nach dem Auftragen des picure\u00ae STYLES ab.<\/p>\n<p class=\"p1\"><b>DIE PREISE SIND JE NACH MENGE DEGRESSIV.<\/b><\/p>\n<p class=\"p1\"><b>F\u00fcr weitere Informationen kontaktieren Sie mich bitte.<\/b><\/p>\n<p class=\"p2\"><span class=\"s1\"><a href=\"mailto:info@apimat.ch\"><b>info@apimat.ch<\/b><\/a><\/span><\/p>\n<p class=\"p1\"><b>Telefon: 076 213 80 33<\/b><\/p>\n<p>&nbsp;<\/p>\n","protected":false},"excerpt":{"rendered":"<p>W\u00e4rme zur Linderung von Juckreiz Schnell und effektiv gegen Insektenstiche Lege die Keramikkontaktfl\u00e4che des STYLO picure\u00ae auf den Stich oder Biss. Dr\u00fccke einmal auf eine der beiden Tasten (3 oder 5 Sekunden), eine Temperatur von ca. 51 \u00b0C wird erreicht und f\u00fcr die gew\u00e4hlte Dauer aufrechterhalten. Danach schaltet sich das Ger\u00e4t automatisch aus. Funktioniert mit [&hellip;]<\/p>\n","protected":false},"featured_media":26792,"template":"","meta":{"_uf_show_specific_survey":0,"_uf_disable_surveys":false},"product_cat":[1013,97,98],"product_tag":[],"aioseo_notices":[],"_links":{"self":[{"href":"https:\/\/apimat.ch\/de\/wp-json\/wp\/v2\/product\/26796"}],"collection":[{"href":"https:\/\/apimat.ch\/de\/wp-json\/wp\/v2\/product"}],"about":[{"href":"https:\/\/apimat.ch\/de\/wp-json\/wp\/v2\/types\/product"}],"wp:featuredmedia":[{"embeddable":true,"href":"https:\/\/apimat.ch\/de\/wp-json\/wp\/v2\/media\/26792"}],"wp:attachment":[{"href":"https:\/\/apimat.ch\/de\/wp-json\/wp\/v2\/media?parent=26796"}],"wp:term":[{"taxonomy":"product_cat","embeddable":true,"href":"https:\/\/apimat.ch\/de\/wp-json\/wp\/v2\/product_cat?post=26796"},{"taxonomy":"product_tag","embeddable":true,"href":"https:\/\/apimat.ch\/de\/wp-json\/wp\/v2\/product_tag?post=26796"}],"curies":[{"name":"wp","href":"https:\/\/api.w.org\/{rel}","templated":true}]}}