{"id":27088,"date":"2023-11-16T12:52:24","date_gmt":"2023-11-16T11:59:20","guid":{"rendered":"https:\/\/apimat.ch\/?post_type=product&#038;p=27088"},"modified":"2023-11-16T13:04:07","modified_gmt":"2023-11-16T12:04:07","slug":"form-fuer-teelicht-format-waehlen","status":"publish","type":"product","link":"https:\/\/apimat.ch\/de\/produit\/form-fuer-teelicht-format-waehlen\/","title":{"rendered":"Form f\u00fcr Teelicht ( Format w\u00e4hlen )"},"content":{"rendered":"<p>Form f\u00fcr Teelicht ( Format w\u00e4hlen )<\/p>\n<p>Ma\u00dfe der Form: 22,5 cm x 16 cm<\/p>\n<p class=\"p2\"><b>DIE PREISE SIND JE NACH MENGE DEGRESSIV.<\/b><\/p>\n<p class=\"p2\"><b>F\u00fcr weitere Informationen kontaktieren Sie mich bitte.<\/b><\/p>\n<p class=\"p3\"><span class=\"s1\"><a href=\"mailto:info@apimat.ch\"><b>info@apimat.ch<\/b><\/a><\/span><\/p>\n<p class=\"p2\"><b>Telefon: 076 213 80 33<\/b><\/p>\n","protected":false},"excerpt":{"rendered":"<p>Form f\u00fcr Teelicht ( Format w\u00e4hlen ) Ma\u00dfe der Form: 22,5 cm x 16 cm DIE PREISE SIND JE NACH MENGE DEGRESSIV. F\u00fcr weitere Informationen kontaktieren Sie mich bitte. info@apimat.ch Telefon: 076 213 80 33<\/p>\n","protected":false},"featured_media":27085,"template":"","meta":{"_uf_show_specific_survey":0,"_uf_disable_surveys":false},"product_cat":[1013,1108],"product_tag":[],"aioseo_notices":[],"_links":{"self":[{"href":"https:\/\/apimat.ch\/de\/wp-json\/wp\/v2\/product\/27088"}],"collection":[{"href":"https:\/\/apimat.ch\/de\/wp-json\/wp\/v2\/product"}],"about":[{"href":"https:\/\/apimat.ch\/de\/wp-json\/wp\/v2\/types\/product"}],"wp:featuredmedia":[{"embeddable":true,"href":"https:\/\/apimat.ch\/de\/wp-json\/wp\/v2\/media\/27085"}],"wp:attachment":[{"href":"https:\/\/apimat.ch\/de\/wp-json\/wp\/v2\/media?parent=27088"}],"wp:term":[{"taxonomy":"product_cat","embeddable":true,"href":"https:\/\/apimat.ch\/de\/wp-json\/wp\/v2\/product_cat?post=27088"},{"taxonomy":"product_tag","embeddable":true,"href":"https:\/\/apimat.ch\/de\/wp-json\/wp\/v2\/product_tag?post=27088"}],"curies":[{"name":"wp","href":"https:\/\/api.w.org\/{rel}","templated":true}]}}