{"id":27110,"date":"2023-11-16T16:29:23","date_gmt":"2023-11-16T15:31:54","guid":{"rendered":"https:\/\/apimat.ch\/?post_type=product&#038;p=27110"},"modified":"2023-11-16T16:34:21","modified_gmt":"2023-11-16T15:34:21","slug":"docht-fuer-teelicht-h-25mm-3x13-pack-100stk","status":"publish","type":"product","link":"https:\/\/apimat.ch\/de\/produit\/docht-fuer-teelicht-h-25mm-3x13-pack-100stk\/","title":{"rendered":"Docht f\u00fcr Teelicht, h-25mm 3&#215;13- Pack. 100Stk."},"content":{"rendered":"<p>Eine Kerze in der Form, der Farbe und dem Duft Ihrer Wahl selbst herzustellen, kann viel Spa\u00df machen, und das Ergebnis Ihrer Arbeit wird auch die Sinne erfreuen. Teelichtkerzen in den Innenr\u00e4umen unserer H\u00e4user sind eine stilvolle und romantische Dekoration.<\/p>\n<p>&nbsp;<\/p>\n<p class=\"p1\"><b>DIE PREISE SIND JE NACH MENGE DEGRESSIV.<\/b><\/p>\n<p class=\"p1\"><b>F\u00fcr weitere Informationen kontaktieren Sie mich bitte.<\/b><\/p>\n<p class=\"p2\"><span class=\"s1\"><a href=\"mailto:info@apimat.ch\"><b>info@apimat.ch<\/b><\/a><\/span><\/p>\n<p class=\"p1\"><b>Telefon: 076 213 80 33<\/b><\/p>\n","protected":false},"excerpt":{"rendered":"<p>Eine Kerze in der Form, der Farbe und dem Duft Ihrer Wahl selbst herzustellen, kann viel Spa\u00df machen, und das Ergebnis Ihrer Arbeit wird auch die Sinne erfreuen. Teelichtkerzen in den Innenr\u00e4umen unserer H\u00e4user sind eine stilvolle und romantische Dekoration. &nbsp; DIE PREISE SIND JE NACH MENGE DEGRESSIV. F\u00fcr weitere Informationen kontaktieren Sie mich bitte. [&hellip;]<\/p>\n","protected":false},"featured_media":27108,"template":"","meta":{"_uf_show_specific_survey":0,"_uf_disable_surveys":false},"product_cat":[1013,1108],"product_tag":[],"aioseo_notices":[],"_links":{"self":[{"href":"https:\/\/apimat.ch\/de\/wp-json\/wp\/v2\/product\/27110"}],"collection":[{"href":"https:\/\/apimat.ch\/de\/wp-json\/wp\/v2\/product"}],"about":[{"href":"https:\/\/apimat.ch\/de\/wp-json\/wp\/v2\/types\/product"}],"wp:featuredmedia":[{"embeddable":true,"href":"https:\/\/apimat.ch\/de\/wp-json\/wp\/v2\/media\/27108"}],"wp:attachment":[{"href":"https:\/\/apimat.ch\/de\/wp-json\/wp\/v2\/media?parent=27110"}],"wp:term":[{"taxonomy":"product_cat","embeddable":true,"href":"https:\/\/apimat.ch\/de\/wp-json\/wp\/v2\/product_cat?post=27110"},{"taxonomy":"product_tag","embeddable":true,"href":"https:\/\/apimat.ch\/de\/wp-json\/wp\/v2\/product_tag?post=27110"}],"curies":[{"name":"wp","href":"https:\/\/api.w.org\/{rel}","templated":true}]}}