{"id":27306,"date":"2023-12-01T10:14:49","date_gmt":"2023-12-01T10:09:58","guid":{"rendered":"https:\/\/apimat.ch\/?post_type=product&#038;p=27306"},"modified":"2023-12-01T11:10:01","modified_gmt":"2023-12-01T10:10:01","slug":"dadant-10-bienenstock-aus-polystyrol-mit-hygienischem-kunststoffboden-140-kg-m%c2%b3-blau","status":"publish","type":"product","link":"https:\/\/apimat.ch\/de\/produit\/dadant-10-bienenstock-aus-polystyrol-mit-hygienischem-kunststoffboden-140-kg-m%c2%b3-blau\/","title":{"rendered":"Dadant 10 Bienenstock aus Polystyrol mit hygienischem Kunststoffboden (140 kg\/m\u00b3) BLAU"},"content":{"rendered":"<p>Dadant 10 Bienenstock aus Polystyrol mit hygienischem Kunststoffboden (140 kg\/m\u00b3) BLAU<\/p>\n<p>Polystyrolbienenst\u00f6cke werden immer beliebter. Ihr geringes Gewicht und ihre geringe Gr\u00f6\u00dfe im Vergleich zu Holzbienenst\u00f6cken machen sie besonders n\u00fctzlich in wandernden Bienenzuchtgebieten, aber sie werden auch in station\u00e4ren professionellen und Amateur-Bienenh\u00e4usern verwendet.<\/p>\n<p>Die Hauptgr\u00fcnde f\u00fcr ihre Beliebtheit sind die Langlebigkeit und das hohe \u00e4sthetische Niveau. Die Bienenzucht in Polystyrolbienenst\u00f6cken unterscheidet sich nicht wesentlich von der in Bienenst\u00f6cken aus anderen Materialien. Die hervorragenden thermischen Isolationseigenschaften bieten ideale thermische Bedingungen, was im Fr\u00fchling f\u00fcr das Wachstum des Bienenstocks von Vorteil ist. Die Polystyrolbienenst\u00f6cke sind mit zus\u00e4tzlichen Elementen ausgestattet, die viele Bienenarbeiten und die Bereitstellung von zus\u00e4tzlichen Bienenprodukten erleichtern.<\/p>\n<h3>Vorteile von Polystyrolbienenst\u00f6cken:<\/h3>\n<ul>\n<li>hervorragende thermische Isolationseigenschaften<\/li>\n<li>Feuchtigkeitsbest\u00e4ndigkeit<\/li>\n<li>Leichtigkeit der Elemente, die die F\u00fctterung, Ernte und Verwaltung von wandernden Bienenh\u00e4usern erleichtert (11,20 kg komplett mit Doppelaufsatz ohne Rahmen)<\/li>\n<li>lange Lebensdauer aufgrund der Widerstandsf\u00e4higkeit gegen\u00fcber atmosph\u00e4rischen Einfl\u00fcssen<\/li>\n<li>solide und langlebige Konstruktion<\/li>\n<li>Umweltleistung (kein Risiko f\u00fcr die Umwelt, sekund\u00e4re Verwendung von Abf\u00e4llen)<\/li>\n<li>Kompatibilit\u00e4t aller Elemente<\/li>\n<\/ul>\n<h3>Die Zusammensetzung dieses Dadant 10 Bienenstocks umfasst:<\/h3>\n<p>x1 bemalter hoher Deckel,<br \/>\nx2 16 cm bemalte Aufs\u00e4tze<br \/>\nx1 bemalter Rahmenabdeckung<br \/>\nx1 bemalter Dadant-K\u00f6rper<br \/>\nx1 Kunststoffboden<br \/>\nx1 Kunststoffschublade<\/p>\n<p>&nbsp;<\/p>\n<p class=\"p1\"><b>DIE PREISE SIND JE NACH MENGE DEGRESSIV.<\/b><\/p>\n<p class=\"p1\"><b>F\u00fcr weitere Informationen kontaktieren Sie mich bitte.<\/b><\/p>\n<p class=\"p2\"><span class=\"s1\"><a href=\"mailto:info@apimat.ch\"><b>info@apimat.ch<\/b><\/a><\/span><\/p>\n<p class=\"p1\"><b>Telefon: 076 213 80 33<\/b><\/p>\n","protected":false},"excerpt":{"rendered":"<p>Dadant 10 Bienenstock aus Polystyrol mit hygienischem Kunststoffboden (140 kg\/m\u00b3) BLAU Polystyrolbienenst\u00f6cke werden immer beliebter. Ihr geringes Gewicht und ihre geringe Gr\u00f6\u00dfe im Vergleich zu Holzbienenst\u00f6cken machen sie besonders n\u00fctzlich in wandernden Bienenzuchtgebieten, aber sie werden auch in station\u00e4ren professionellen und Amateur-Bienenh\u00e4usern verwendet. Die Hauptgr\u00fcnde f\u00fcr ihre Beliebtheit sind die Langlebigkeit und das hohe \u00e4sthetische [&hellip;]<\/p>\n","protected":false},"featured_media":27282,"template":"","meta":{"_uf_show_specific_survey":0,"_uf_disable_surveys":false},"product_cat":[1013,101],"product_tag":[],"aioseo_notices":[],"_links":{"self":[{"href":"https:\/\/apimat.ch\/de\/wp-json\/wp\/v2\/product\/27306"}],"collection":[{"href":"https:\/\/apimat.ch\/de\/wp-json\/wp\/v2\/product"}],"about":[{"href":"https:\/\/apimat.ch\/de\/wp-json\/wp\/v2\/types\/product"}],"wp:featuredmedia":[{"embeddable":true,"href":"https:\/\/apimat.ch\/de\/wp-json\/wp\/v2\/media\/27282"}],"wp:attachment":[{"href":"https:\/\/apimat.ch\/de\/wp-json\/wp\/v2\/media?parent=27306"}],"wp:term":[{"taxonomy":"product_cat","embeddable":true,"href":"https:\/\/apimat.ch\/de\/wp-json\/wp\/v2\/product_cat?post=27306"},{"taxonomy":"product_tag","embeddable":true,"href":"https:\/\/apimat.ch\/de\/wp-json\/wp\/v2\/product_tag?post=27306"}],"curies":[{"name":"wp","href":"https:\/\/api.w.org\/{rel}","templated":true}]}}