{"id":27350,"date":"2023-12-01T12:08:37","date_gmt":"2023-12-02T08:31:47","guid":{"rendered":"https:\/\/apimat.ch\/?post_type=product&#038;p=27350"},"modified":"2023-12-02T09:34:46","modified_gmt":"2023-12-02T08:34:46","slug":"handschuhe-aus-leder-fuer-kinder-differentes-tailles","status":"publish","type":"product","link":"https:\/\/apimat.ch\/de\/produit\/handschuhe-aus-leder-fuer-kinder-differentes-tailles\/","title":{"rendered":"Handschuhe aus Leder f\u00fcr Kinder &#8211; Diff\u00e9rentes tailles"},"content":{"rendered":"<p>Die Sicherheit der Imker zu gew\u00e4hrleisten, hat oberste Priorit\u00e4t. Besonders wenn uns die j\u00fcngsten Helfer in unseren Gartenbienenst\u00f6cken unterst\u00fctzen. In diesem Fall bieten wir Kleidung an, die speziell auf ihre Bed\u00fcrfnisse zugeschnitten ist. Mit diesen Lederhandschuhen k\u00f6nnen Sie sich auf die Qualit\u00e4t der Verarbeitung verlassen.<\/p>\n<p>Die Handschuhe sollten mit lauwarmem Wasser (nicht hei\u00df) gewaschen und mit lauwarmem oder kaltem Wasser gesp\u00fclt werden. Die Handschuhe sollten nicht auf einem Heizk\u00f6rper oder bei warmem Wetter getrocknet werden. Die Handschuhe sollten bei einer Temperatur &#8220;zur Vermeidung von Verformungen&#8221; am besten auf den H\u00e4nden oder mit unbedrucktem zerknittertem Papier gef\u00fcllt getrocknet werden.<\/p>\n<p>Wir ermutigen Sie, Ihre Kleidung mit allen notwendigen Accessoires, Ausr\u00fcstungen und Kleidungsst\u00fccken abzustimmen, sei es H\u00fcte, Jacken oder Anz\u00fcge, um die Arbeit in Ihrem Bienenstock einfacher und angenehmer zu gestalten.<\/p>\n<p>&nbsp;<\/p>\n<p class=\"p2\"><b>DIE PREISE SIND JE NACH MENGE DEGRESSIV.<\/b><\/p>\n<p class=\"p2\"><b>F\u00fcr weitere Informationen kontaktieren Sie mich bitte.<\/b><\/p>\n<p class=\"p3\"><span class=\"s1\"><a href=\"mailto:info@apimat.ch\"><b>info@apimat.ch<\/b><\/a><\/span><\/p>\n<p class=\"p2\"><b>Telefon: 076 213 80 33<\/b><\/p>\n","protected":false},"excerpt":{"rendered":"<p>Die Sicherheit der Imker zu gew\u00e4hrleisten, hat oberste Priorit\u00e4t. Besonders wenn uns die j\u00fcngsten Helfer in unseren Gartenbienenst\u00f6cken unterst\u00fctzen. In diesem Fall bieten wir Kleidung an, die speziell auf ihre Bed\u00fcrfnisse zugeschnitten ist. Mit diesen Lederhandschuhen k\u00f6nnen Sie sich auf die Qualit\u00e4t der Verarbeitung verlassen. Die Handschuhe sollten mit lauwarmem Wasser (nicht hei\u00df) gewaschen und [&hellip;]<\/p>\n","protected":false},"featured_media":27325,"template":"","meta":{"_uf_show_specific_survey":0,"_uf_disable_surveys":false},"product_cat":[1013,97],"product_tag":[],"aioseo_notices":[],"_links":{"self":[{"href":"https:\/\/apimat.ch\/de\/wp-json\/wp\/v2\/product\/27350"}],"collection":[{"href":"https:\/\/apimat.ch\/de\/wp-json\/wp\/v2\/product"}],"about":[{"href":"https:\/\/apimat.ch\/de\/wp-json\/wp\/v2\/types\/product"}],"wp:featuredmedia":[{"embeddable":true,"href":"https:\/\/apimat.ch\/de\/wp-json\/wp\/v2\/media\/27325"}],"wp:attachment":[{"href":"https:\/\/apimat.ch\/de\/wp-json\/wp\/v2\/media?parent=27350"}],"wp:term":[{"taxonomy":"product_cat","embeddable":true,"href":"https:\/\/apimat.ch\/de\/wp-json\/wp\/v2\/product_cat?post=27350"},{"taxonomy":"product_tag","embeddable":true,"href":"https:\/\/apimat.ch\/de\/wp-json\/wp\/v2\/product_tag?post=27350"}],"curies":[{"name":"wp","href":"https:\/\/api.w.org\/{rel}","templated":true}]}}