{"id":27363,"date":"2023-12-02T08:02:54","date_gmt":"2023-12-02T08:43:33","guid":{"rendered":"https:\/\/apimat.ch\/?post_type=product&#038;p=27363"},"modified":"2023-12-02T09:50:32","modified_gmt":"2023-12-02T08:50:32","slug":"futterspender-fuer-dadant-bienenstoecke-aus-polystirene-140-kg-m3-blau","status":"publish","type":"product","link":"https:\/\/apimat.ch\/de\/produit\/futterspender-fuer-dadant-bienenstoecke-aus-polystirene-140-kg-m3-blau\/","title":{"rendered":"Futterspender f\u00fcr Dadant-Bienenst\u00f6cke aus Polystirene ( 140 kg \/m3 ) BLAU"},"content":{"rendered":"<p>Futterspender f\u00fcr Dadant-Bienenst\u00f6cke aus Polystirene ( 140 kg \/m3 ) BLAU<\/p>\n<p>K\u00f6rperf\u00fctterer f\u00fcr Dadant-Bienenst\u00f6cke, lackiert. Der K\u00f6rper des Futterers besteht aus Polystyrol.<\/p>\n<p>maximales Fassungsverm\u00f6gen 14,7 Liter &#8211; es wird empfohlen, bis zu 8-9 Liter zu f\u00fcllen<\/p>\n<p class=\"p1\"><b>DIE PREISE SIND JE NACH MENGE DEGRESSIV.<\/b><\/p>\n<p class=\"p1\"><b>F\u00fcr weitere Informationen kontaktieren Sie mich bitte.<\/b><\/p>\n<p class=\"p2\"><span class=\"s1\"><a href=\"mailto:info@apimat.ch\"><b>info@apimat.ch<\/b><\/a><\/span><\/p>\n<p class=\"p1\"><b>Telefon: 076 213 80 33<\/b><\/p>\n","protected":false},"excerpt":{"rendered":"<p>Futterspender f\u00fcr Dadant-Bienenst\u00f6cke aus Polystirene ( 140 kg \/m3 ) BLAU K\u00f6rperf\u00fctterer f\u00fcr Dadant-Bienenst\u00f6cke, lackiert. Der K\u00f6rper des Futterers besteht aus Polystyrol. maximales Fassungsverm\u00f6gen 14,7 Liter &#8211; es wird empfohlen, bis zu 8-9 Liter zu f\u00fcllen DIE PREISE SIND JE NACH MENGE DEGRESSIV. F\u00fcr weitere Informationen kontaktieren Sie mich bitte. info@apimat.ch Telefon: 076 213 80 [&hellip;]<\/p>\n","protected":false},"featured_media":27347,"template":"","meta":{"_uf_show_specific_survey":0,"_uf_disable_surveys":false},"product_cat":[1013,102],"product_tag":[],"aioseo_notices":[],"_links":{"self":[{"href":"https:\/\/apimat.ch\/de\/wp-json\/wp\/v2\/product\/27363"}],"collection":[{"href":"https:\/\/apimat.ch\/de\/wp-json\/wp\/v2\/product"}],"about":[{"href":"https:\/\/apimat.ch\/de\/wp-json\/wp\/v2\/types\/product"}],"wp:featuredmedia":[{"embeddable":true,"href":"https:\/\/apimat.ch\/de\/wp-json\/wp\/v2\/media\/27347"}],"wp:attachment":[{"href":"https:\/\/apimat.ch\/de\/wp-json\/wp\/v2\/media?parent=27363"}],"wp:term":[{"taxonomy":"product_cat","embeddable":true,"href":"https:\/\/apimat.ch\/de\/wp-json\/wp\/v2\/product_cat?post=27363"},{"taxonomy":"product_tag","embeddable":true,"href":"https:\/\/apimat.ch\/de\/wp-json\/wp\/v2\/product_tag?post=27363"}],"curies":[{"name":"wp","href":"https:\/\/api.w.org\/{rel}","templated":true}]}}