{"id":27374,"date":"2023-12-02T10:07:29","date_gmt":"2023-12-02T09:10:33","guid":{"rendered":"https:\/\/apimat.ch\/?post_type=product&#038;p=27374"},"modified":"2023-12-02T10:12:06","modified_gmt":"2023-12-02T09:12:06","slug":"automatisches-schwarmaufzeichnungsgeraet-fuer-styroporbeuten","status":"publish","type":"product","link":"https:\/\/apimat.ch\/de\/produit\/automatisches-schwarmaufzeichnungsgeraet-fuer-styroporbeuten\/","title":{"rendered":"Automatisches Schwarmaufzeichnungsger\u00e4t f\u00fcr Styroporbeuten"},"content":{"rendered":"<p>Automatisches Schwarmaufzeichnungsger\u00e4t f\u00fcr Styroporbeuten<\/p>\n<p>Dank jahrelanger Beobachtung und der Idee eines befreundeten Imkers haben wir ein weltweit einzigartiges Produkt geschaffen, das in keinem Bienenhaus fehlen sollte. Die Funktionsweise dieses Ger\u00e4ts ist einfach. W\u00e4hrend ihres Schwarms wollen die Bienen aus dem Bienenstock fliehen und bewegen sich auf das Ausgangsloch des Registers zu.<\/p>\n<p>Durch den Druck der Bienen auf den Korken rutscht dieser irgendwann nach unten, sodass die Bienen den Stock verlassen k\u00f6nnen. Dies ist ein wichtiges Signal f\u00fcr den Imker, das anzeigt, dass die Bienen geschwommen sind.<\/p>\n<p>&nbsp;<\/p>\n<p class=\"p1\"><b>DIE PREISE SIND JE NACH MENGE DEGRESSIV.<\/b><\/p>\n<p class=\"p1\"><b>F\u00fcr weitere Informationen kontaktieren Sie mich bitte.<\/b><\/p>\n<p class=\"p2\"><span class=\"s1\"><a href=\"mailto:info@apimat.ch\"><b>info@apimat.ch<\/b><\/a><\/span><\/p>\n<p class=\"p1\"><b>Telefon: 076 213 80 33<\/b><\/p>\n","protected":false},"excerpt":{"rendered":"<p>Automatisches Schwarmaufzeichnungsger\u00e4t f\u00fcr Styroporbeuten Dank jahrelanger Beobachtung und der Idee eines befreundeten Imkers haben wir ein weltweit einzigartiges Produkt geschaffen, das in keinem Bienenhaus fehlen sollte. Die Funktionsweise dieses Ger\u00e4ts ist einfach. W\u00e4hrend ihres Schwarms wollen die Bienen aus dem Bienenstock fliehen und bewegen sich auf das Ausgangsloch des Registers zu. Durch den Druck der [&hellip;]<\/p>\n","protected":false},"featured_media":27370,"template":"","meta":{"_uf_show_specific_survey":0,"_uf_disable_surveys":false},"product_cat":[1013,102],"product_tag":[],"aioseo_notices":[],"_links":{"self":[{"href":"https:\/\/apimat.ch\/de\/wp-json\/wp\/v2\/product\/27374"}],"collection":[{"href":"https:\/\/apimat.ch\/de\/wp-json\/wp\/v2\/product"}],"about":[{"href":"https:\/\/apimat.ch\/de\/wp-json\/wp\/v2\/types\/product"}],"wp:featuredmedia":[{"embeddable":true,"href":"https:\/\/apimat.ch\/de\/wp-json\/wp\/v2\/media\/27370"}],"wp:attachment":[{"href":"https:\/\/apimat.ch\/de\/wp-json\/wp\/v2\/media?parent=27374"}],"wp:term":[{"taxonomy":"product_cat","embeddable":true,"href":"https:\/\/apimat.ch\/de\/wp-json\/wp\/v2\/product_cat?post=27374"},{"taxonomy":"product_tag","embeddable":true,"href":"https:\/\/apimat.ch\/de\/wp-json\/wp\/v2\/product_tag?post=27374"}],"curies":[{"name":"wp","href":"https:\/\/api.w.org\/{rel}","templated":true}]}}