{"id":27402,"date":"2023-12-02T15:05:16","date_gmt":"2023-12-02T14:11:19","guid":{"rendered":"https:\/\/apimat.ch\/?post_type=product&#038;p=27402"},"modified":"2023-12-02T15:11:21","modified_gmt":"2023-12-02T14:11:21","slug":"trennschied-dadant-zur-nestreduzierung-des-styropor-140-kg-m3","status":"publish","type":"product","link":"https:\/\/apimat.ch\/de\/produit\/trennschied-dadant-zur-nestreduzierung-des-styropor-140-kg-m3\/","title":{"rendered":"Trennschied Dadant zur Nestreduzierung des Styropor ( 140 kg\/m3 )"},"content":{"rendered":"<p>Trennschied Dadant zur Nestreduzierung des Styropor ( 140 kg\/m3 )<\/p>\n<p>Polystyrolbienenst\u00f6cke werden immer beliebter. Ihr geringes Gewicht und ihre geringe Gr\u00f6\u00dfe im Vergleich zu Holzbienenst\u00f6cken machen sie besonders n\u00fctzlich in wandernden Bienenzuchtgebieten, aber sie werden auch in station\u00e4ren professionellen und Amateur-Bienenh\u00e4usern verwendet.<\/p>\n<p>Die Hauptgr\u00fcnde f\u00fcr ihre Beliebtheit sind die Langlebigkeit und das hohe \u00e4sthetische Niveau. Die Bienenzucht in Polystyrolbienenst\u00f6cken unterscheidet sich nicht wesentlich von der in Bienenst\u00f6cken aus anderen Materialien. Die hervorragenden thermischen Isolationseigenschaften bieten ideale thermische Bedingungen, was im Fr\u00fchling f\u00fcr das Wachstum des Bienenstocks von Vorteil ist. Die Polystyrolbienenst\u00f6cke sind mit zus\u00e4tzlichen Elementen ausgestattet, die viele Bienenarbeiten und die Bereitstellung von zus\u00e4tzlichen Bienenprodukten erleichtern.<\/p>\n<h3>Vorteile von Polystyrolbienenst\u00f6cken:<\/h3>\n<ul>\n<li>hervorragende thermische Isolationseigenschaften<\/li>\n<li>Feuchtigkeitsbest\u00e4ndigkeit<\/li>\n<li>Leichtigkeit der Elemente, die die F\u00fctterung, Ernte und Verwaltung von wandernden Bienenh\u00e4usern erleichtert (11,20 kg komplett mit Doppelaufsatz ohne Rahmen)<\/li>\n<li>lange Lebensdauer aufgrund der Widerstandsf\u00e4higkeit gegen\u00fcber atmosph\u00e4rischen Einfl\u00fcssen<\/li>\n<li>solide und langlebige Konstruktion<\/li>\n<li>Umweltleistung (kein Risiko f\u00fcr die Umwelt, sekund\u00e4re Verwendung von Abf\u00e4llen)<\/li>\n<li>Kompatibilit\u00e4t aller Elemente<\/li>\n<\/ul>\n<p>&nbsp;<\/p>\n<p class=\"p1\"><b>DIE PREISE SIND JE NACH MENGE DEGRESSIV.<\/b><\/p>\n<p class=\"p1\"><b>F\u00fcr weitere Informationen kontaktieren Sie mich bitte.<\/b><\/p>\n<p class=\"p2\"><span class=\"s1\"><a href=\"mailto:info@apimat.ch\"><b>info@apimat.ch<\/b><\/a><\/span><\/p>\n<p class=\"p1\"><b>Telefon: 076 213 80 33<\/b><\/p>\n","protected":false},"excerpt":{"rendered":"<p>Trennschied Dadant zur Nestreduzierung des Styropor ( 140 kg\/m3 ) Polystyrolbienenst\u00f6cke werden immer beliebter. Ihr geringes Gewicht und ihre geringe Gr\u00f6\u00dfe im Vergleich zu Holzbienenst\u00f6cken machen sie besonders n\u00fctzlich in wandernden Bienenzuchtgebieten, aber sie werden auch in station\u00e4ren professionellen und Amateur-Bienenh\u00e4usern verwendet. Die Hauptgr\u00fcnde f\u00fcr ihre Beliebtheit sind die Langlebigkeit und das hohe \u00e4sthetische Niveau. [&hellip;]<\/p>\n","protected":false},"featured_media":27407,"template":"","meta":{"_uf_show_specific_survey":0,"_uf_disable_surveys":false},"product_cat":[1013,102],"product_tag":[],"aioseo_notices":[],"_links":{"self":[{"href":"https:\/\/apimat.ch\/de\/wp-json\/wp\/v2\/product\/27402"}],"collection":[{"href":"https:\/\/apimat.ch\/de\/wp-json\/wp\/v2\/product"}],"about":[{"href":"https:\/\/apimat.ch\/de\/wp-json\/wp\/v2\/types\/product"}],"wp:featuredmedia":[{"embeddable":true,"href":"https:\/\/apimat.ch\/de\/wp-json\/wp\/v2\/media\/27407"}],"wp:attachment":[{"href":"https:\/\/apimat.ch\/de\/wp-json\/wp\/v2\/media?parent=27402"}],"wp:term":[{"taxonomy":"product_cat","embeddable":true,"href":"https:\/\/apimat.ch\/de\/wp-json\/wp\/v2\/product_cat?post=27402"},{"taxonomy":"product_tag","embeddable":true,"href":"https:\/\/apimat.ch\/de\/wp-json\/wp\/v2\/product_tag?post=27402"}],"curies":[{"name":"wp","href":"https:\/\/api.w.org\/{rel}","templated":true}]}}