{"id":27412,"date":"2023-12-02T16:06:19","date_gmt":"2023-12-02T16:13:35","guid":{"rendered":"https:\/\/apimat.ch\/?post_type=product&#038;p=27412"},"modified":"2023-12-02T17:13:37","modified_gmt":"2023-12-02T16:13:37","slug":"imkermuetze-fuer-kinder","status":"publish","type":"product","link":"https:\/\/apimat.ch\/de\/produit\/imkermuetze-fuer-kinder\/","title":{"rendered":"Imkerm\u00fctze f\u00fcr Kinder"},"content":{"rendered":"<p>Imkerm\u00fctze f\u00fcr Kinder<\/p>\n<p>Die H\u00fcte sind aus Baumwolle mit interessanten Kindermustern, ma\u00dfgeschneidert.<\/p>\n<p>&nbsp;<\/p>\n<p class=\"p1\"><b>DIE PREISE SIND JE NACH MENGE DEGRESSIV.<\/b><\/p>\n<p class=\"p1\"><b>F\u00fcr weitere Informationen kontaktieren Sie mich bitte.<\/b><\/p>\n<p class=\"p2\"><span class=\"s1\"><a href=\"mailto:info@apimat.ch\"><b>info@apimat.ch<\/b><\/a><\/span><\/p>\n<p class=\"p1\"><b>Telefon: 076 213 80 33<\/b><\/p>\n<p class=\"p3\">\n","protected":false},"excerpt":{"rendered":"<p>Imkerm\u00fctze f\u00fcr Kinder Die H\u00fcte sind aus Baumwolle mit interessanten Kindermustern, ma\u00dfgeschneidert. &nbsp; DIE PREISE SIND JE NACH MENGE DEGRESSIV. F\u00fcr weitere Informationen kontaktieren Sie mich bitte. info@apimat.ch Telefon: 076 213 80 33<\/p>\n","protected":false},"featured_media":27410,"template":"","meta":{"_uf_show_specific_survey":0,"_uf_disable_surveys":false},"product_cat":[1013,97],"product_tag":[],"aioseo_notices":[],"_links":{"self":[{"href":"https:\/\/apimat.ch\/de\/wp-json\/wp\/v2\/product\/27412"}],"collection":[{"href":"https:\/\/apimat.ch\/de\/wp-json\/wp\/v2\/product"}],"about":[{"href":"https:\/\/apimat.ch\/de\/wp-json\/wp\/v2\/types\/product"}],"wp:featuredmedia":[{"embeddable":true,"href":"https:\/\/apimat.ch\/de\/wp-json\/wp\/v2\/media\/27410"}],"wp:attachment":[{"href":"https:\/\/apimat.ch\/de\/wp-json\/wp\/v2\/media?parent=27412"}],"wp:term":[{"taxonomy":"product_cat","embeddable":true,"href":"https:\/\/apimat.ch\/de\/wp-json\/wp\/v2\/product_cat?post=27412"},{"taxonomy":"product_tag","embeddable":true,"href":"https:\/\/apimat.ch\/de\/wp-json\/wp\/v2\/product_tag?post=27412"}],"curies":[{"name":"wp","href":"https:\/\/api.w.org\/{rel}","templated":true}]}}