{"id":27461,"date":"2023-12-03T07:12:43","date_gmt":"2023-12-03T05:51:21","guid":{"rendered":"https:\/\/apimat.ch\/?post_type=product&#038;p=27461"},"modified":"2023-12-03T06:52:19","modified_gmt":"2023-12-03T05:52:19","slug":"mischer-fuer-cremigen-honig-100kg-mit-automatischem-motor-230v-stromversorgung","status":"publish","type":"product","link":"https:\/\/apimat.ch\/de\/produit\/mischer-fuer-cremigen-honig-100kg-mit-automatischem-motor-230v-stromversorgung\/","title":{"rendered":"Mischer f\u00fcr cremigen Honig 100kg mit automatischem Motor (230V Stromversorgung)"},"content":{"rendered":"<p>Mischer f\u00fcr cremigen Honig 100kg mit automatischem Motor (230V Stromversorgung)<\/p>\n<p>Diese Ger\u00e4te wurden entwickelt, um den Prozess des Absch\u00f6pfens von Honig durchzuf\u00fchren.<br \/>\nDie geeignete Konstruktion des Mischpropellers aus s\u00e4urebest\u00e4ndigem Edelstahl erm\u00f6glicht ein pr\u00e4zises Absch\u00f6pfen des Honigs.<\/p>\n<h3>Der Rahmungsprozess muss in sich wiederholenden Zyklen &#8220;Arbeit &#8211; Stopp&#8221; ablaufen.<br \/>\n&#8220;Betrieb des R\u00fchrwerks &#8211; 15 min.<br \/>\n&#8221; Stillstand des R\u00fchrwerks &#8211; 1 Stunde.<\/h3>\n<p>Ein gut cremiger Honig hat eine butterartige Konsistenz.<\/p>\n<p>Es ist m\u00f6glich, Ger\u00e4te nach individuellen Bestellungen herzustellen.<\/p>\n<p>Honig cremig r\u00fchren<br \/>\nFrischer Honig ist dickfl\u00fcssig und durchsichtig. Nach einer gewissen Zeit kristallisiert er auf nat\u00fcrliche Weise. Die richtige Kristallisationstemperatur liegt bei 16-18 \u00b0C. Bei h\u00f6heren Temperaturen verl\u00e4uft der Kristallisationsprozess langsamer und die Kristalle erreichen gr\u00f6\u00dfere Gr\u00f6\u00dfen.<br \/>\nWenn man den Honig auf 40\u00b0C erhitzt und mehrere Tage aufbewahrt, geht der Honig vom kristallisierten Zustand (Kruste) in den fl\u00fcssigen Zustand (Patok) \u00fcber.<\/p>\n<p>Die Sahnemaschine verf\u00fcgt \u00fcber ein spezielles mechanisches R\u00fchrwerk, das den Rekristallisationsprozess bewirkt, nach dem der Honig eine ideale &#8220;streichf\u00e4hige&#8221; Konsistenz erh\u00e4lt, \u00e4hnlich der von Schokoladencremes f\u00fcr Kinder. Dieser Prozess beinhaltet eine zyklische Bel\u00fcftung und ein intensives R\u00fchren des Honigs \u00fcber mehrere Tage, bis die richtige Konsistenz erreicht ist. Die Bel\u00fcftung findet w\u00e4hrend des R\u00fchrens statt.<\/p>\n<p>Das Mischen wird mehrmals t\u00e4glich f\u00fcr einen Zeitraum von etwa 10 bis 15 Minuten durchgef\u00fchrt. Es ist z. B. m\u00f6glich, der Fl\u00fcssigkeit von Anfang an kristallisierten Honig hinzuzuf\u00fcgen. Das &#8220;Einmaischen&#8221; zielt darauf ab, viele kleine Kristallisationskeime zu erzeugen und bestehende Honigkristalle am Wachstum zu hindern. Es handelt sich dabei um eine mechanische Zerkleinerung der Honigkristalle. Dieser Honig, der bei konstanter Temperatur gelagert wird, beh\u00e4lt diese Konsistenz \u00fcber viele Monate hinweg.<\/p>\n<h3>Stromversorgung: 230 V<br \/>\nController: C-05<br \/>\nMotor: 180W<\/h3>\n<p>&nbsp;<\/p>\n<p class=\"p1\"><b>DIE PREISE SIND JE NACH MENGE DEGRESSIV.<\/b><\/p>\n<p class=\"p1\"><b>F\u00fcr weitere Informationen kontaktieren Sie mich bitte.<\/b><\/p>\n<p class=\"p2\"><span class=\"s1\"><a href=\"mailto:info@apimat.ch\"><b>info@apimat.ch<\/b><\/a><\/span><\/p>\n<p class=\"p1\"><b>Telefon: 076 213 80 33<\/b><\/p>\n<p>&nbsp;<\/p>\n","protected":false},"excerpt":{"rendered":"<p>Mischer f\u00fcr cremigen Honig 100kg mit automatischem Motor (230V Stromversorgung) Diese Ger\u00e4te wurden entwickelt, um den Prozess des Absch\u00f6pfens von Honig durchzuf\u00fchren. Die geeignete Konstruktion des Mischpropellers aus s\u00e4urebest\u00e4ndigem Edelstahl erm\u00f6glicht ein pr\u00e4zises Absch\u00f6pfen des Honigs. Der Rahmungsprozess muss in sich wiederholenden Zyklen &#8220;Arbeit &#8211; Stopp&#8221; ablaufen. &#8220;Betrieb des R\u00fchrwerks &#8211; 15 min. &#8221; Stillstand [&hellip;]<\/p>\n","protected":false},"featured_media":27433,"template":"","meta":{"_uf_show_specific_survey":0,"_uf_disable_surveys":false},"product_cat":[1013,108],"product_tag":[],"aioseo_notices":[],"_links":{"self":[{"href":"https:\/\/apimat.ch\/de\/wp-json\/wp\/v2\/product\/27461"}],"collection":[{"href":"https:\/\/apimat.ch\/de\/wp-json\/wp\/v2\/product"}],"about":[{"href":"https:\/\/apimat.ch\/de\/wp-json\/wp\/v2\/types\/product"}],"wp:featuredmedia":[{"embeddable":true,"href":"https:\/\/apimat.ch\/de\/wp-json\/wp\/v2\/media\/27433"}],"wp:attachment":[{"href":"https:\/\/apimat.ch\/de\/wp-json\/wp\/v2\/media?parent=27461"}],"wp:term":[{"taxonomy":"product_cat","embeddable":true,"href":"https:\/\/apimat.ch\/de\/wp-json\/wp\/v2\/product_cat?post=27461"},{"taxonomy":"product_tag","embeddable":true,"href":"https:\/\/apimat.ch\/de\/wp-json\/wp\/v2\/product_tag?post=27461"}],"curies":[{"name":"wp","href":"https:\/\/api.w.org\/{rel}","templated":true}]}}