{"id":27519,"date":"2023-12-03T18:06:28","date_gmt":"2023-12-03T17:13:02","guid":{"rendered":"https:\/\/apimat.ch\/?post_type=product&#038;p=27519"},"modified":"2023-12-03T18:13:04","modified_gmt":"2023-12-03T17:13:04","slug":"bienenflucht-sternfoermig-mit-8-ausgaengen-geeignet-fuer-dadant-10-aus-polystyrol-140-kg-m3","status":"publish","type":"product","link":"https:\/\/apimat.ch\/de\/produit\/bienenflucht-sternfoermig-mit-8-ausgaengen-geeignet-fuer-dadant-10-aus-polystyrol-140-kg-m3\/","title":{"rendered":"Bienenflucht, sternf\u00f6rmig mit 8 Ausg\u00e4ngen, geeignet f\u00fcr Dadant 10 aus Polystyrol ( 140 kg \/m3 )"},"content":{"rendered":"<p>Bienenflucht, sternf\u00f6rmig mit 8 Ausg\u00e4ngen, geeignet f\u00fcr Dadant 10 aus Polystyrol ( 140 kg \/m3 )<\/p>\n<p class=\"p1\"><b>DIE PREISE SIND JE NACH MENGE DEGRESSIV.<\/b><\/p>\n<p class=\"p1\"><b>F\u00fcr weitere Informationen kontaktieren Sie mich bitte.<\/b><\/p>\n<p class=\"p2\"><span class=\"s1\"><a href=\"mailto:info@apimat.ch\"><b>info@apimat.ch<\/b><\/a><\/span><\/p>\n<p class=\"p1\"><b>Telefon: 076 213 80 33<\/b><\/p>\n<p class=\"p3\">\n","protected":false},"excerpt":{"rendered":"<p>Bienenflucht, sternf\u00f6rmig mit 8 Ausg\u00e4ngen, geeignet f\u00fcr Dadant 10 aus Polystyrol ( 140 kg \/m3 ) DIE PREISE SIND JE NACH MENGE DEGRESSIV. F\u00fcr weitere Informationen kontaktieren Sie mich bitte. info@apimat.ch Telefon: 076 213 80 33<\/p>\n","protected":false},"featured_media":27515,"template":"","meta":{"_uf_show_specific_survey":0,"_uf_disable_surveys":false},"product_cat":[1013,102],"product_tag":[],"aioseo_notices":[],"_links":{"self":[{"href":"https:\/\/apimat.ch\/de\/wp-json\/wp\/v2\/product\/27519"}],"collection":[{"href":"https:\/\/apimat.ch\/de\/wp-json\/wp\/v2\/product"}],"about":[{"href":"https:\/\/apimat.ch\/de\/wp-json\/wp\/v2\/types\/product"}],"wp:featuredmedia":[{"embeddable":true,"href":"https:\/\/apimat.ch\/de\/wp-json\/wp\/v2\/media\/27515"}],"wp:attachment":[{"href":"https:\/\/apimat.ch\/de\/wp-json\/wp\/v2\/media?parent=27519"}],"wp:term":[{"taxonomy":"product_cat","embeddable":true,"href":"https:\/\/apimat.ch\/de\/wp-json\/wp\/v2\/product_cat?post=27519"},{"taxonomy":"product_tag","embeddable":true,"href":"https:\/\/apimat.ch\/de\/wp-json\/wp\/v2\/product_tag?post=27519"}],"curies":[{"name":"wp","href":"https:\/\/api.w.org\/{rel}","templated":true}]}}