{"id":28102,"date":"2024-01-20T15:33:45","date_gmt":"2024-01-20T15:02:22","guid":{"rendered":"https:\/\/apimat.ch\/?post_type=product&#038;p=28102"},"modified":"2024-01-20T16:07:29","modified_gmt":"2024-01-20T15:07:29","slug":"waermeschrank-300-kg-1135x1535-mm-hoehe-1290-mm","status":"publish","type":"product","link":"https:\/\/apimat.ch\/de\/produit\/waermeschrank-300-kg-1135x1535-mm-hoehe-1290-mm\/","title":{"rendered":"W\u00e4rmeschrank 300 kg &#8211; 1135\u00d71535 mm, H\u00f6he: 1290 mm"},"content":{"rendered":"<p>Die Warmkammer mit isolierten W\u00e4nden wird verwendet, um kristallisierten Honig durch Hitze zu verfl\u00fcssigen. Die W\u00e4rme, die durch eine interne elektrische Heizung mit erzwungener Luftzirkulation erzeugt wird, l\u00e4sst den Honig bei einer konstanten und kontrollierten Temperatur schmelzen.<\/p>\n<p>Im Inneren kann sich ein 300-kg-Honigfass, 8-12 25-kg-Kanister oder eine entsprechende Menge bereits im Glas befindlichen Honigs befinden.<\/p>\n<p>Die Luft wird durch einen 2000-W-Elektrowiderstand erw\u00e4rmt, w\u00e4hrend die Zirkulation der Warmluft durch einen elektrischen Tangentialventilator mit geringer Stromaufnahme erzeugt wird.<\/p>\n<p>Der Warmraum hat eine elektrogeschwei\u00dfte Tragkonstruktion, die vorlackierte Blechpaneele mit Polyurethanschaumisolierung tr\u00e4gt.<\/p>\n<p>&nbsp;<\/p>\n<p class=\"p1\"><b>DIE PREISE SIND JE NACH MENGE DEGRESSIV.<\/b><\/p>\n<p class=\"p1\"><b>F\u00fcr weitere Informationen kontaktieren Sie mich bitte.<\/b><\/p>\n<p class=\"p2\"><span class=\"s1\"><a href=\"mailto:info@apimat.ch\"><b>info@apimat.ch<\/b><\/a><\/span><\/p>\n<p class=\"p1\"><b>Telefon: 076 213 80 33<\/b><\/p>\n<p class=\"p3\">\n","protected":false},"excerpt":{"rendered":"<p>Die Warmkammer mit isolierten W\u00e4nden wird verwendet, um kristallisierten Honig durch Hitze zu verfl\u00fcssigen. Die W\u00e4rme, die durch eine interne elektrische Heizung mit erzwungener Luftzirkulation erzeugt wird, l\u00e4sst den Honig bei einer konstanten und kontrollierten Temperatur schmelzen. Im Inneren kann sich ein 300-kg-Honigfass, 8-12 25-kg-Kanister oder eine entsprechende Menge bereits im Glas befindlichen Honigs befinden. [&hellip;]<\/p>\n","protected":false},"featured_media":28087,"template":"","meta":{"_uf_show_specific_survey":0,"_uf_disable_surveys":false},"product_cat":[1013,128],"product_tag":[],"aioseo_notices":[],"_links":{"self":[{"href":"https:\/\/apimat.ch\/de\/wp-json\/wp\/v2\/product\/28102"}],"collection":[{"href":"https:\/\/apimat.ch\/de\/wp-json\/wp\/v2\/product"}],"about":[{"href":"https:\/\/apimat.ch\/de\/wp-json\/wp\/v2\/types\/product"}],"wp:featuredmedia":[{"embeddable":true,"href":"https:\/\/apimat.ch\/de\/wp-json\/wp\/v2\/media\/28087"}],"wp:attachment":[{"href":"https:\/\/apimat.ch\/de\/wp-json\/wp\/v2\/media?parent=28102"}],"wp:term":[{"taxonomy":"product_cat","embeddable":true,"href":"https:\/\/apimat.ch\/de\/wp-json\/wp\/v2\/product_cat?post=28102"},{"taxonomy":"product_tag","embeddable":true,"href":"https:\/\/apimat.ch\/de\/wp-json\/wp\/v2\/product_tag?post=28102"}],"curies":[{"name":"wp","href":"https:\/\/api.w.org\/{rel}","templated":true}]}}