{"id":28105,"date":"2024-01-20T15:52:47","date_gmt":"2024-01-20T15:04:05","guid":{"rendered":"https:\/\/apimat.ch\/?post_type=product&#038;p=28105"},"modified":"2024-01-20T16:08:08","modified_gmt":"2024-01-20T15:08:08","slug":"waermeschrank-600-kg-2-x-300-kg-auf-einer-palette-von-12-x-12-m","status":"publish","type":"product","link":"https:\/\/apimat.ch\/de\/produit\/waermeschrank-600-kg-2-x-300-kg-auf-einer-palette-von-12-x-12-m\/","title":{"rendered":"W\u00e4rmeschrank 600 kg ( 2 x 300 kg auf einer Palette von 1,2 x 1,2 m )"},"content":{"rendered":"<p>Der W\u00e4rmeschrank ist ein Ger\u00e4t zur schrittweisen Verfl\u00fcssigung von kristallisiertem Honig. Der Schrank ist mit einer elektronisch gesteuerten Heizung ausgestattet und seine W\u00e4nde sind isoliert. Er kann eine einzelne Palette in Industriegr\u00f6\u00dfe aufnehmen; 120&#215;120 cm.<\/p>\n<p class=\"p1\"><b>DIE PREISE SIND JE NACH MENGE DEGRESSIV.<\/b><\/p>\n<p class=\"p1\"><b>F\u00fcr weitere Informationen kontaktieren Sie mich bitte.<\/b><\/p>\n<p class=\"p2\"><span class=\"s1\"><a href=\"mailto:info@apimat.ch\"><b>info@apimat.ch<\/b><\/a><\/span><\/p>\n<p class=\"p1\"><b>Telefon: 076 213 80 33<\/b><\/p>\n<p class=\"p3\">\n","protected":false},"excerpt":{"rendered":"<p>Der W\u00e4rmeschrank ist ein Ger\u00e4t zur schrittweisen Verfl\u00fcssigung von kristallisiertem Honig. Der Schrank ist mit einer elektronisch gesteuerten Heizung ausgestattet und seine W\u00e4nde sind isoliert. Er kann eine einzelne Palette in Industriegr\u00f6\u00dfe aufnehmen; 120&#215;120 cm. DIE PREISE SIND JE NACH MENGE DEGRESSIV. F\u00fcr weitere Informationen kontaktieren Sie mich bitte. info@apimat.ch Telefon: 076 213 80 33<\/p>\n","protected":false},"featured_media":28089,"template":"","meta":{"_uf_show_specific_survey":0,"_uf_disable_surveys":false},"product_cat":[1013,128],"product_tag":[],"aioseo_notices":[],"_links":{"self":[{"href":"https:\/\/apimat.ch\/de\/wp-json\/wp\/v2\/product\/28105"}],"collection":[{"href":"https:\/\/apimat.ch\/de\/wp-json\/wp\/v2\/product"}],"about":[{"href":"https:\/\/apimat.ch\/de\/wp-json\/wp\/v2\/types\/product"}],"wp:featuredmedia":[{"embeddable":true,"href":"https:\/\/apimat.ch\/de\/wp-json\/wp\/v2\/media\/28089"}],"wp:attachment":[{"href":"https:\/\/apimat.ch\/de\/wp-json\/wp\/v2\/media?parent=28105"}],"wp:term":[{"taxonomy":"product_cat","embeddable":true,"href":"https:\/\/apimat.ch\/de\/wp-json\/wp\/v2\/product_cat?post=28105"},{"taxonomy":"product_tag","embeddable":true,"href":"https:\/\/apimat.ch\/de\/wp-json\/wp\/v2\/product_tag?post=28105"}],"curies":[{"name":"wp","href":"https:\/\/api.w.org\/{rel}","templated":true}]}}