{"id":28134,"date":"2024-01-20T19:04:51","date_gmt":"2024-01-20T18:10:05","guid":{"rendered":"https:\/\/apimat.ch\/?post_type=product&#038;p=28134"},"modified":"2024-01-20T19:13:16","modified_gmt":"2024-01-20T18:13:16","slug":"stock-karte-system-zur-verfolgung-von-bienenstoecken-mit-wanzen","status":"publish","type":"product","link":"https:\/\/apimat.ch\/de\/produit\/stock-karte-system-zur-verfolgung-von-bienenstoecken-mit-wanzen\/","title":{"rendered":"Stock-Karte\u00ae System zur Verfolgung von Bienenst\u00f6cken mit Wanzen"},"content":{"rendered":"<p>Entdecken Sie die Stock-Karte\u00ae, ein revolution\u00e4res System zur \u00dcberwachung von Bienenst\u00f6cken, das entwickelt wurde, um die Erfahrung des Imkers zu verbessern und die Gesundheit Ihrer Bienen zu maximieren. Diese elegante und einzigartige L\u00f6sung versch\u00f6nert nicht nur Ihren Bienenstock, sondern erm\u00f6glicht auch eine einfache \u00dcberwachung seines Zustands zu jeder Zeit.<\/p>\n<p>Unser \u00dcberwachungssystem aus UV- und wetterbest\u00e4ndigem Polystyrol hat eine praktische Gr\u00f6\u00dfe von 196&#215;119 Millimetern und eine Dicke von 10 mm. Es wird mit zwei Holzschrauben am Bienenstock angebracht und mit 15 Pins aus schwarzem PVC geliefert, die auch mit dicken Imkerhandschuhen leicht zu handhaben sind.<\/p>\n<p>Das Stock-Karte\u00ae-System ist eine minimalistische, aber umfassende L\u00f6sung, die Ihnen hilft, die Gesundheit Ihrer Bienenv\u00f6lker effektiv zu dokumentieren. Au\u00dferdem zeigt es, dass Sie ein moderner und innovativer Imker sind, dem die Gesundheit seiner Bienenjas am Herzen liegt.<\/p>\n<p>Schnelle technische Spezifikationen :<\/p>\n<p>Material: UV-best\u00e4ndiges Polystyrol.<br \/>\nMa\u00dfe: 196x119mm<br \/>\nDicke: 10mm<br \/>\nInklusive Zubeh\u00f6r: 2 Schrauben und 15 Pins aus schwarzem PVC<\/p>\n<p>&nbsp;<\/p>\n<p class=\"p1\"><b>DIE PREISE SIND JE NACH MENGE DEGRESSIV.<\/b><\/p>\n<p class=\"p1\"><b>F\u00fcr weitere Informationen kontaktieren Sie mich bitte.<\/b><\/p>\n<p class=\"p2\"><span class=\"s1\"><a href=\"mailto:info@apimat.ch\"><b>info@apimat.ch<\/b><\/a><\/span><\/p>\n<p class=\"p1\"><b>Telefon: 076 213 80 33<\/b><\/p>\n","protected":false},"excerpt":{"rendered":"<p>Entdecken Sie die Stock-Karte\u00ae, ein revolution\u00e4res System zur \u00dcberwachung von Bienenst\u00f6cken, das entwickelt wurde, um die Erfahrung des Imkers zu verbessern und die Gesundheit Ihrer Bienen zu maximieren. Diese elegante und einzigartige L\u00f6sung versch\u00f6nert nicht nur Ihren Bienenstock, sondern erm\u00f6glicht auch eine einfache \u00dcberwachung seines Zustands zu jeder Zeit. Unser \u00dcberwachungssystem aus UV- und wetterbest\u00e4ndigem [&hellip;]<\/p>\n","protected":false},"featured_media":28286,"template":"","meta":{"_uf_show_specific_survey":0,"_uf_disable_surveys":false},"product_cat":[1013,98],"product_tag":[],"aioseo_notices":[],"_links":{"self":[{"href":"https:\/\/apimat.ch\/de\/wp-json\/wp\/v2\/product\/28134"}],"collection":[{"href":"https:\/\/apimat.ch\/de\/wp-json\/wp\/v2\/product"}],"about":[{"href":"https:\/\/apimat.ch\/de\/wp-json\/wp\/v2\/types\/product"}],"wp:featuredmedia":[{"embeddable":true,"href":"https:\/\/apimat.ch\/de\/wp-json\/wp\/v2\/media\/28286"}],"wp:attachment":[{"href":"https:\/\/apimat.ch\/de\/wp-json\/wp\/v2\/media?parent=28134"}],"wp:term":[{"taxonomy":"product_cat","embeddable":true,"href":"https:\/\/apimat.ch\/de\/wp-json\/wp\/v2\/product_cat?post=28134"},{"taxonomy":"product_tag","embeddable":true,"href":"https:\/\/apimat.ch\/de\/wp-json\/wp\/v2\/product_tag?post=28134"}],"curies":[{"name":"wp","href":"https:\/\/api.w.org\/{rel}","templated":true}]}}