{"id":28184,"date":"2024-01-22T09:53:38","date_gmt":"2024-01-22T12:16:01","guid":{"rendered":"https:\/\/apimat.ch\/?post_type=product&#038;p=28184"},"modified":"2024-01-22T13:20:17","modified_gmt":"2024-01-22T12:20:17","slug":"tetra-plus-entdecklungstisch-aus-edelstahl-mit-korb-und-honigschleuder","status":"publish","type":"product","link":"https:\/\/apimat.ch\/de\/produit\/tetra-plus-entdecklungstisch-aus-edelstahl-mit-korb-und-honigschleuder\/","title":{"rendered":"Tetra plus &#8211; Entdecklungstisch aus edelstahl mit korb und honigschleuder"},"content":{"rendered":"<p>Tetra plus &#8211; Entdecklungstisch aus edelstahl mit korb und honigschleuder<\/p>\n<p>Eine vollst\u00e4ndige Imkerei auf zwei Quadratmetern!<\/p>\n<p>4 FUNKTIONEN IN EINEM GER\u00c4T:<\/p>\n<p>Dekapierungsstation mit Messer (Messer nicht enthalten). Bei der Dekapierung fallen die Wachsdeckel in einen durchbrochenen Edelstahlkorb, der das Abtropfen erm\u00f6glicht.<\/p>\n<p>Lagerplatz f\u00fcr entkapselte Rahmen in Erwartung der Entsaftung &#8211; Lagerkapazit\u00e4t von 20 Rahmen.<\/p>\n<p>Elektrischer radialer Entsafter f\u00fcr 20 \u00bd Dadant-Rahmen, Voirnot 13,5 cm oder 12 Langstroth-Rahmen, Voirnot 16,5 cm oder Warr\u00e9 &#8211; Elektronischer Drehzahlregler. Vorprogrammierte Beschleunigungsrampe. Sehr robuste gestanzte Edelstahlradzelle. M\u00f6glichkeit, 4 tangentiale Gitter f\u00fcr das Extrahieren von z\u00e4hem Honig anzupassen.<\/p>\n<p>Diese tangentiale Gitter aus Edelstahl oder verchromtem Stahl k\u00f6nnen 8 \u00bd Dadant-Rahmen, 4 Langstroth-Rahmen oder 4 Dadant-K\u00f6rperrahmen sowie Trocknungsk\u00f6rbe f\u00fcr Wachsdeckel (nicht im Lieferumfang enthalten) aufnehmen.<\/p>\n<p>Zentralisierungsstation f\u00fcr Honig. Dieses rechteckige, geneigte Bodenfach ist mit einem Sedimentationssteg ausgestattet. Dieses Fach erm\u00f6glicht die Zentralisierung von Tropfen- und Entsaftungshonig und leitet ihn nat\u00fcrlich zum Auslassventil f\u00fcr das Einf\u00fcllen in Eimer.<\/p>\n<p>Ein einfaches und ergonomisches Konzept<\/p>\n<p>Vollst\u00e4ndig aus Edelstahl. Empfohlen f\u00fcr Betriebe mit bis zu 150 Bienenst\u00f6cken.<\/p>\n<blockquote><p>Verhindert das Auslaufen von Honig auf den Boden. Hohe Ergonomie. Begrenzt unn\u00f6tige Bewegungen in der Imkerei. Geringer Platzbedarf am Boden. Von einer einzelnen Person bedienbar. Erm\u00f6glicht das Extrahieren aller Arten von Honig, in allen g\u00e4ngigen Rahmenformaten.<\/p><\/blockquote>\n<p>Dieses Produkt besteht aus:<\/p>\n<ul>\n<li>Einem Tetra Plus Entdecklungstablett,<\/li>\n<li>Einem perforierten Edelstahlkorb (450 x 340 x 220 mm) Ref. 735.<\/li>\n<\/ul>\n<p>Zus\u00e4tzliche Informationen:<\/p>\n<blockquote><p>220 V Steckdosen f\u00fcr den Anschluss eines elektrischen Messers und des Entsafters im Lieferumfang enthalten. Einphasig 220 V &#8211; 110 W. Abmessungen des Fachs: 1500 x 700 x 620 mm. Ladeh\u00f6he: 1050 mm. H\u00f6he unter dem Auslauf: 310 mm.<\/p><\/blockquote>\n<p>Wartung Reinigung mit warmem Wasser.<\/p>\n<p>Hauptmaterial Edelstahl 304L Paketgr\u00f6\u00dfe 1500 x 700 x 1050 mm Gewicht (kg) 83 kg Imkereioperationen Extrahieren<\/p>\n<p>Optional: Set zur Behandlung und Zentrifugation von Wachsdeckeln, bestehend aus 4 verchromten Gittern und 4 Trockenk\u00f6rben f\u00fcr Wachsdeckel.<\/p>\n<p>3 Jahre Garantie.<\/p>\n<p>&nbsp;<\/p>\n<p class=\"p1\"><b>F\u00fcr weitere Informationen kontaktieren Sie mich bitte.<\/b><\/p>\n<p class=\"p2\"><span class=\"s1\"><a href=\"mailto:info@apimat.ch\"><b>info@apimat.ch<\/b><\/a><\/span><\/p>\n<p class=\"p1\"><b>Telefon: 076 213 80 33<\/b><\/p>\n<p class=\"p3\">\n","protected":false},"excerpt":{"rendered":"<p>Tetra plus &#8211; Entdecklungstisch aus edelstahl mit korb und honigschleuder Eine vollst\u00e4ndige Imkerei auf zwei Quadratmetern! 4 FUNKTIONEN IN EINEM GER\u00c4T: Dekapierungsstation mit Messer (Messer nicht enthalten). Bei der Dekapierung fallen die Wachsdeckel in einen durchbrochenen Edelstahlkorb, der das Abtropfen erm\u00f6glicht. Lagerplatz f\u00fcr entkapselte Rahmen in Erwartung der Entsaftung &#8211; Lagerkapazit\u00e4t von 20 Rahmen. Elektrischer [&hellip;]<\/p>\n","protected":false},"featured_media":28155,"template":"","meta":{"_uf_show_specific_survey":0,"_uf_disable_surveys":false},"product_cat":[1013,108,128],"product_tag":[],"aioseo_notices":[],"_links":{"self":[{"href":"https:\/\/apimat.ch\/de\/wp-json\/wp\/v2\/product\/28184"}],"collection":[{"href":"https:\/\/apimat.ch\/de\/wp-json\/wp\/v2\/product"}],"about":[{"href":"https:\/\/apimat.ch\/de\/wp-json\/wp\/v2\/types\/product"}],"wp:featuredmedia":[{"embeddable":true,"href":"https:\/\/apimat.ch\/de\/wp-json\/wp\/v2\/media\/28155"}],"wp:attachment":[{"href":"https:\/\/apimat.ch\/de\/wp-json\/wp\/v2\/media?parent=28184"}],"wp:term":[{"taxonomy":"product_cat","embeddable":true,"href":"https:\/\/apimat.ch\/de\/wp-json\/wp\/v2\/product_cat?post=28184"},{"taxonomy":"product_tag","embeddable":true,"href":"https:\/\/apimat.ch\/de\/wp-json\/wp\/v2\/product_tag?post=28184"}],"curies":[{"name":"wp","href":"https:\/\/api.w.org\/{rel}","templated":true}]}}