{"id":28231,"date":"2024-01-23T17:12:07","date_gmt":"2024-01-23T17:20:38","guid":{"rendered":"https:\/\/apimat.ch\/?post_type=product&#038;p=28231"},"modified":"2024-01-23T18:23:09","modified_gmt":"2024-01-23T17:23:09","slug":"proposteam-propolis-vaporizer-zur-linderung-von-beschwerden-bei-atemwegserkrankungen","status":"publish","type":"product","link":"https:\/\/apimat.ch\/de\/produit\/proposteam-propolis-vaporizer-zur-linderung-von-beschwerden-bei-atemwegserkrankungen\/","title":{"rendered":"Proposteam &#8211; Propolis Vaporizer zur Linderung von Beschwerden bei Atemwegserkrankungen"},"content":{"rendered":"<p>Proposteam &#8211; Propolis Vaporizer zur Linderung von Problemen im Zusammenhang mit Atemwegserkrankungen.<\/p>\n<p>Ein innovatives Ger\u00e4t zur Linderung von Problemen im Zusammenhang mit Atemwegserkrankungen.<\/p>\n<p>Es wird auch verwendet, um das Atmungssystem vor Krankheiten zu sch\u00fctzen, die Luft von Schwebeteilchen, Mikroben und organischen L\u00f6sungsmitteln zu reinigen und die Luft angenehm zu parf\u00fcmieren.<\/p>\n<p>Das Ger\u00e4t ist von hoher Qualit\u00e4t und einfach zu bedienen.<br \/>\nideal f\u00fcr den Einsatz zu Hause und in anderen R\u00e4umen, in denen Sie die Luftqualit\u00e4t verbessern m\u00f6chten. Die Grundausstattung besteht aus<br \/>\neines Grundger\u00e4ts, einer professionellen Apitherapie-Maske, eines Mundst\u00fccks und eines Glasbeh\u00e4lters&#8230;.<\/p>\n<p class=\"p1\"><b>DIE PREISE SIND JE NACH MENGE DEGRESSIV.<\/b><\/p>\n<p class=\"p1\"><b>F\u00fcr weitere Informationen kontaktieren Sie mich bitte.<\/b><\/p>\n<p class=\"p2\"><span class=\"s1\"><a href=\"mailto:info@apimat.ch\"><b>info@apimat.ch<\/b><\/a><\/span><\/p>\n<p class=\"p1\"><b>Telefon: 076 213 80 33<\/b><\/p>\n<p class=\"p3\">\n<p>&nbsp;<\/p>\n","protected":false},"excerpt":{"rendered":"<p>Proposteam &#8211; Propolis Vaporizer zur Linderung von Problemen im Zusammenhang mit Atemwegserkrankungen. Ein innovatives Ger\u00e4t zur Linderung von Problemen im Zusammenhang mit Atemwegserkrankungen. Es wird auch verwendet, um das Atmungssystem vor Krankheiten zu sch\u00fctzen, die Luft von Schwebeteilchen, Mikroben und organischen L\u00f6sungsmitteln zu reinigen und die Luft angenehm zu parf\u00fcmieren. Das Ger\u00e4t ist von hoher [&hellip;]<\/p>\n","protected":false},"featured_media":28209,"template":"","meta":{"_uf_show_specific_survey":0,"_uf_disable_surveys":false},"product_cat":[1013,104],"product_tag":[],"aioseo_notices":[],"_links":{"self":[{"href":"https:\/\/apimat.ch\/de\/wp-json\/wp\/v2\/product\/28231"}],"collection":[{"href":"https:\/\/apimat.ch\/de\/wp-json\/wp\/v2\/product"}],"about":[{"href":"https:\/\/apimat.ch\/de\/wp-json\/wp\/v2\/types\/product"}],"wp:featuredmedia":[{"embeddable":true,"href":"https:\/\/apimat.ch\/de\/wp-json\/wp\/v2\/media\/28209"}],"wp:attachment":[{"href":"https:\/\/apimat.ch\/de\/wp-json\/wp\/v2\/media?parent=28231"}],"wp:term":[{"taxonomy":"product_cat","embeddable":true,"href":"https:\/\/apimat.ch\/de\/wp-json\/wp\/v2\/product_cat?post=28231"},{"taxonomy":"product_tag","embeddable":true,"href":"https:\/\/apimat.ch\/de\/wp-json\/wp\/v2\/product_tag?post=28231"}],"curies":[{"name":"wp","href":"https:\/\/api.w.org\/{rel}","templated":true}]}}