{"id":28235,"date":"2024-01-23T17:23:54","date_gmt":"2024-01-23T17:25:22","guid":{"rendered":"https:\/\/apimat.ch\/?post_type=product&#038;p=28235"},"modified":"2024-09-13T05:47:07","modified_gmt":"2024-09-13T03:47:07","slug":"die-asiatische-hornissenfalle-zum-schutz-unserer-artenvielfalt","status":"publish","type":"product","link":"https:\/\/apimat.ch\/de\/produit\/die-asiatische-hornissenfalle-zum-schutz-unserer-artenvielfalt\/","title":{"rendered":"Die Asiatische Hornissenfalle zum Schutz unserer Artenvielfalt"},"content":{"rendered":"<p>Die Asiatische Hornissenfalle zum Schutz unserer Artenvielfalt<\/p>\n<h3>Die Asiatische Hornissenfalle f\u00fcr alle<br \/>\n100% Effektiv<\/h3>\n<h3>100% Selektiv<\/h3>\n<h3>100% Wiederverwendbar<\/h3>\n<h3>100% Einfach zu verwenden<\/h3>\n<p><img loading=\"lazy\" decoding=\"async\" class=\"alignnone size-full wp-image-32355\" src=\"https:\/\/apimat.ch\/wp-content\/uploads\/2024\/09\/calendrier.jpg\" alt=\"\" width=\"898\" height=\"246\" srcset=\"https:\/\/apimat.ch\/wp-content\/uploads\/2024\/09\/calendrier.jpg 898w, https:\/\/apimat.ch\/wp-content\/uploads\/2024\/09\/calendrier-300x82.jpg 300w, https:\/\/apimat.ch\/wp-content\/uploads\/2024\/09\/calendrier-768x210.jpg 768w, https:\/\/apimat.ch\/wp-content\/uploads\/2024\/09\/calendrier-705x193.jpg 705w, https:\/\/apimat.ch\/wp-content\/uploads\/2024\/09\/calendrier-450x123.jpg 450w, https:\/\/apimat.ch\/wp-content\/uploads\/2024\/09\/calendrier-600x164.jpg 600w\" sizes=\"(max-width: 898px) 100vw, 898px\" \/><\/p>\n<h3>Warum muss man asiatische Hornissen fangen?<\/h3>\n<p>Asiatische Hornissen stellen eine echte Bedrohung f\u00fcr unsere Biodiversit\u00e4t dar. Da sie Insekten angreifen und vor allem Schmetterlinge und Bienen jagen, \u00fcben sie einen regelrechten Druck auf unsere Best\u00e4uber aus, der sich durch den Dominoeffekt auf das gesamte \u00d6kosystem auswirkt.<br \/>\nMan muss Fallen stellen, aber richtig!<br \/>\nNicht alle Fallen sind gleichwertig. Man sollte nicht unter dem Vorwand, die biologische Vielfalt zu verteidigen, ihr einen weiteren Schlag versetzen.<\/p>\n<p>In einem hyper-einfachen Design integriert ist eine sehr leistungsf\u00e4hige Falle, die keiner anderen gleicht. Ihre Wirksamkeit beruht auf v\u00f6llig anderen zugrunde liegenden Mechanismen als bei den g\u00e4ngigen &#8220;Flaschenfallen&#8221;.<br \/>\nOrnetin funktioniert trocken, ohne Fl\u00fcssigkeitsbad. Er funktioniert auch horizontal, mit einer hohen Belichtungsfl\u00e4che und mehreren L\u00f6chern, durch die man sehen kann, was sich im Inneren befindet. Es handelt sich au\u00dferdem um eine sehr praktische Falle, die sich leicht an mehreren Stellen verteilen l\u00e4sst. Was den K\u00f6der betrifft, so ist er mehr als schlicht: kein Bier, keine schwarze Johannisbeere, nur zwei L\u00f6ffel Sirup. Und nat\u00fcrlich ist er zu 100 % abwaschbar, damit er ein Leben lang wirksam ist. Sie werden ihn f\u00fcr immer behalten.<\/p>\n<p>&nbsp;<\/p>\n<p>Gie\u00dfe zwei L\u00f6ffel Zuckerr\u00fcbensirup auf ein saugf\u00e4higes Material wie Stroh, Watte oder Papier. Dieser begrenzte K\u00f6der wird die ersten zwei oder drei Hornissen anlocken. Diese werden dann alle ihre Artgenossen anlocken, indem sie sie durch die vielen L\u00f6cher in der gro\u00dfen &#8220;Ausstellungsfl\u00e4che&#8221; rufen.<\/p>\n<p>Sie wollen die gefangenen Hornissen so lange wie m\u00f6glich am Leben halten, um die Anziehungskraft der Falle aufrechtzuerhalten. Wenn Ihre Ornetins gef\u00fcllt sind, ist es an der Zeit, sie zu ernten und den Inhalt zu leeren. Sie k\u00f6nnen sie problemlos sechs Stunden lang in einen Eimer mit Wasser legen. Danach lassen Sie sie abtropfen und waschen sie aus. Kaufen und neu anfangen!<\/p>\n<p><img loading=\"lazy\" decoding=\"async\" class=\"alignnone size-full wp-image-28239\" src=\"https:\/\/apimat.ch\/wp-content\/uploads\/2024\/01\/INFO_FR3_800px-1.png\" alt=\"\" width=\"800\" height=\"800\" srcset=\"https:\/\/apimat.ch\/wp-content\/uploads\/2024\/01\/INFO_FR3_800px-1.png 800w, https:\/\/apimat.ch\/wp-content\/uploads\/2024\/01\/INFO_FR3_800px-1-300x300.png 300w, https:\/\/apimat.ch\/wp-content\/uploads\/2024\/01\/INFO_FR3_800px-1-80x80.png 80w, https:\/\/apimat.ch\/wp-content\/uploads\/2024\/01\/INFO_FR3_800px-1-768x768.png 768w, https:\/\/apimat.ch\/wp-content\/uploads\/2024\/01\/INFO_FR3_800px-1-36x36.png 36w, https:\/\/apimat.ch\/wp-content\/uploads\/2024\/01\/INFO_FR3_800px-1-180x180.png 180w, https:\/\/apimat.ch\/wp-content\/uploads\/2024\/01\/INFO_FR3_800px-1-705x705.png 705w, https:\/\/apimat.ch\/wp-content\/uploads\/2024\/01\/INFO_FR3_800px-1-120x120.png 120w, https:\/\/apimat.ch\/wp-content\/uploads\/2024\/01\/INFO_FR3_800px-1-450x450.png 450w, https:\/\/apimat.ch\/wp-content\/uploads\/2024\/01\/INFO_FR3_800px-1-600x600.png 600w, https:\/\/apimat.ch\/wp-content\/uploads\/2024\/01\/INFO_FR3_800px-1-100x100.png 100w\" sizes=\"(max-width: 800px) 100vw, 800px\" \/><\/p>\n<p><img loading=\"lazy\" decoding=\"async\" class=\"alignnone size-full wp-image-28217\" src=\"https:\/\/apimat.ch\/wp-content\/uploads\/2024\/01\/INFO_FR4_800px.jpg\" alt=\"\" width=\"800\" height=\"800\" srcset=\"https:\/\/apimat.ch\/wp-content\/uploads\/2024\/01\/INFO_FR4_800px.jpg 800w, https:\/\/apimat.ch\/wp-content\/uploads\/2024\/01\/INFO_FR4_800px-300x300.jpg 300w, https:\/\/apimat.ch\/wp-content\/uploads\/2024\/01\/INFO_FR4_800px-80x80.jpg 80w, https:\/\/apimat.ch\/wp-content\/uploads\/2024\/01\/INFO_FR4_800px-768x768.jpg 768w, https:\/\/apimat.ch\/wp-content\/uploads\/2024\/01\/INFO_FR4_800px-36x36.jpg 36w, https:\/\/apimat.ch\/wp-content\/uploads\/2024\/01\/INFO_FR4_800px-180x180.jpg 180w, https:\/\/apimat.ch\/wp-content\/uploads\/2024\/01\/INFO_FR4_800px-705x705.jpg 705w, https:\/\/apimat.ch\/wp-content\/uploads\/2024\/01\/INFO_FR4_800px-120x120.jpg 120w, https:\/\/apimat.ch\/wp-content\/uploads\/2024\/01\/INFO_FR4_800px-450x450.jpg 450w, https:\/\/apimat.ch\/wp-content\/uploads\/2024\/01\/INFO_FR4_800px-600x600.jpg 600w, https:\/\/apimat.ch\/wp-content\/uploads\/2024\/01\/INFO_FR4_800px-100x100.jpg 100w\" sizes=\"(max-width: 800px) 100vw, 800px\" \/><\/p>\n<p class=\"p1\"><b>DIE PREISE SIND JE NACH MENGE DEGRESSIV.<\/b><\/p>\n<p class=\"p1\"><b>F\u00fcr weitere Informationen kontaktieren Sie mich bitte.<\/b><\/p>\n<p class=\"p2\"><span class=\"s1\"><a href=\"mailto:info@apimat.ch\"><b>info@apimat.ch<\/b><\/a><\/span><\/p>\n<p class=\"p1\"><b>Telefon: 076 213 80 33<\/b><\/p>\n<p class=\"p3\">\n","protected":false},"excerpt":{"rendered":"<p>Die Asiatische Hornissenfalle zum Schutz unserer Artenvielfalt Die Asiatische Hornissenfalle f\u00fcr alle 100% Effektiv 100% Selektiv 100% Wiederverwendbar 100% Einfach zu verwenden Warum muss man asiatische Hornissen fangen? Asiatische Hornissen stellen eine echte Bedrohung f\u00fcr unsere Biodiversit\u00e4t dar. Da sie Insekten angreifen und vor allem Schmetterlinge und Bienen jagen, \u00fcben sie einen regelrechten Druck auf [&hellip;]<\/p>\n","protected":false},"featured_media":28227,"template":"","meta":{"_uf_show_specific_survey":0,"_uf_disable_surveys":false},"product_cat":[1013,912],"product_tag":[],"aioseo_notices":[],"_links":{"self":[{"href":"https:\/\/apimat.ch\/de\/wp-json\/wp\/v2\/product\/28235"}],"collection":[{"href":"https:\/\/apimat.ch\/de\/wp-json\/wp\/v2\/product"}],"about":[{"href":"https:\/\/apimat.ch\/de\/wp-json\/wp\/v2\/types\/product"}],"wp:featuredmedia":[{"embeddable":true,"href":"https:\/\/apimat.ch\/de\/wp-json\/wp\/v2\/media\/28227"}],"wp:attachment":[{"href":"https:\/\/apimat.ch\/de\/wp-json\/wp\/v2\/media?parent=28235"}],"wp:term":[{"taxonomy":"product_cat","embeddable":true,"href":"https:\/\/apimat.ch\/de\/wp-json\/wp\/v2\/product_cat?post=28235"},{"taxonomy":"product_tag","embeddable":true,"href":"https:\/\/apimat.ch\/de\/wp-json\/wp\/v2\/product_tag?post=28235"}],"curies":[{"name":"wp","href":"https:\/\/api.w.org\/{rel}","templated":true}]}}