{"id":28552,"date":"2024-02-22T07:24:28","date_gmt":"2024-02-22T06:34:48","guid":{"rendered":"https:\/\/apimat.ch\/?post_type=product&#038;p=28552"},"modified":"2024-02-22T07:34:48","modified_gmt":"2024-02-22T06:34:48","slug":"tuer-zum-schieben-fuer-nicot-futtergeschirr-dadant-10-rahmen","status":"publish","type":"product","link":"https:\/\/apimat.ch\/de\/produit\/tuer-zum-schieben-fuer-nicot-futtergeschirr-dadant-10-rahmen\/","title":{"rendered":"T\u00fcr zum Schieben f\u00fcr Nicot Futtergeschirr Dadant 10 Rahmen"},"content":{"rendered":"<p class=\"p1\">T\u00fcr zum Schieben f\u00fcr Nicot Futtergeschirr Dadant 10 Rahmen<\/p>\n<p>&nbsp;<\/p>\n<p class=\"p1\"><b>DIE PREISE SIND JE NACH MENGE DEGRESSIV.<\/b><\/p>\n<p class=\"p1\"><b>F\u00fcr weitere Informationen kontaktieren Sie mich bitte.<\/b><\/p>\n<p class=\"p2\"><span class=\"s1\"><a href=\"mailto:info@apimat.ch\"><b>info@apimat.ch<\/b><\/a><\/span><\/p>\n<p class=\"p1\"><b>Telefon: 076 213 80 33<\/b><\/p>\n","protected":false},"excerpt":{"rendered":"<p>T\u00fcr zum Schieben f\u00fcr Nicot Futtergeschirr Dadant 10 Rahmen &nbsp; DIE PREISE SIND JE NACH MENGE DEGRESSIV. F\u00fcr weitere Informationen kontaktieren Sie mich bitte. info@apimat.ch Telefon: 076 213 80 33<\/p>\n","protected":false},"featured_media":28827,"template":"","meta":{"_uf_show_specific_survey":0,"_uf_disable_surveys":false},"product_cat":[1013,1060,102],"product_tag":[],"aioseo_notices":[],"_links":{"self":[{"href":"https:\/\/apimat.ch\/de\/wp-json\/wp\/v2\/product\/28552"}],"collection":[{"href":"https:\/\/apimat.ch\/de\/wp-json\/wp\/v2\/product"}],"about":[{"href":"https:\/\/apimat.ch\/de\/wp-json\/wp\/v2\/types\/product"}],"wp:featuredmedia":[{"embeddable":true,"href":"https:\/\/apimat.ch\/de\/wp-json\/wp\/v2\/media\/28827"}],"wp:attachment":[{"href":"https:\/\/apimat.ch\/de\/wp-json\/wp\/v2\/media?parent=28552"}],"wp:term":[{"taxonomy":"product_cat","embeddable":true,"href":"https:\/\/apimat.ch\/de\/wp-json\/wp\/v2\/product_cat?post=28552"},{"taxonomy":"product_tag","embeddable":true,"href":"https:\/\/apimat.ch\/de\/wp-json\/wp\/v2\/product_tag?post=28552"}],"curies":[{"name":"wp","href":"https:\/\/api.w.org\/{rel}","templated":true}]}}