{"id":28688,"date":"2024-03-03T07:21:42","date_gmt":"2024-03-03T06:53:27","guid":{"rendered":"https:\/\/apimat.ch\/?post_type=product&#038;p=28688"},"modified":"2024-03-03T07:53:28","modified_gmt":"2024-03-03T06:53:28","slug":"sirup-bio-knospe-ibc-mehrweg-container-400-kg","status":"publish","type":"product","link":"https:\/\/apimat.ch\/de\/produit\/sirup-bio-knospe-ibc-mehrweg-container-400-kg\/","title":{"rendered":"Sirup Bio Knospe \/ ibc mehrweg-container 400 kg"},"content":{"rendered":"<p>Produktinformationen Sirup Bio Knospe \/ ibc mehrweg-container 400 kg<br \/>\nIBC-Container (wiederverwendbar) 400 kg \/ Auslauf DN 50 Milchdraht mit Ventil und passendem Auslaufschlauch.<\/p>\n<p>Depot f\u00fcr wiederverwendbare Leihcontainer IBC Fr. 150.00 \/ Container. Die volle R\u00fcckerstattung erfolgt nach R\u00fccknahme der Container.<br \/>\nL\u00e4nge Breite H\u00f6he 60*80*100 cm<\/p>\n<p>&nbsp;<\/p>\n<p class=\"p2\"><b>DIE PREISE SIND JE NACH MENGE DEGRESSIV.<\/b><\/p>\n<p class=\"p2\"><b>F\u00fcr weitere Informationen kontaktieren Sie mich bitte.<\/b><\/p>\n<p class=\"p3\"><span class=\"s1\"><a href=\"mailto:info@apimat.ch\"><b>info@apimat.ch<\/b><\/a><\/span><\/p>\n<p class=\"p2\"><b>Telefon: 076 213 80 33<\/b><\/p>\n","protected":false},"excerpt":{"rendered":"<p>Produktinformationen Sirup Bio Knospe \/ ibc mehrweg-container 400 kg IBC-Container (wiederverwendbar) 400 kg \/ Auslauf DN 50 Milchdraht mit Ventil und passendem Auslaufschlauch. Depot f\u00fcr wiederverwendbare Leihcontainer IBC Fr. 150.00 \/ Container. Die volle R\u00fcckerstattung erfolgt nach R\u00fccknahme der Container. L\u00e4nge Breite H\u00f6he 60*80*100 cm &nbsp; DIE PREISE SIND JE NACH MENGE DEGRESSIV. F\u00fcr weitere [&hellip;]<\/p>\n","protected":false},"featured_media":28677,"template":"","meta":{"_uf_show_specific_survey":0,"_uf_disable_surveys":false},"product_cat":[1013,94],"product_tag":[],"aioseo_notices":[],"_links":{"self":[{"href":"https:\/\/apimat.ch\/de\/wp-json\/wp\/v2\/product\/28688"}],"collection":[{"href":"https:\/\/apimat.ch\/de\/wp-json\/wp\/v2\/product"}],"about":[{"href":"https:\/\/apimat.ch\/de\/wp-json\/wp\/v2\/types\/product"}],"wp:featuredmedia":[{"embeddable":true,"href":"https:\/\/apimat.ch\/de\/wp-json\/wp\/v2\/media\/28677"}],"wp:attachment":[{"href":"https:\/\/apimat.ch\/de\/wp-json\/wp\/v2\/media?parent=28688"}],"wp:term":[{"taxonomy":"product_cat","embeddable":true,"href":"https:\/\/apimat.ch\/de\/wp-json\/wp\/v2\/product_cat?post=28688"},{"taxonomy":"product_tag","embeddable":true,"href":"https:\/\/apimat.ch\/de\/wp-json\/wp\/v2\/product_tag?post=28688"}],"curies":[{"name":"wp","href":"https:\/\/api.w.org\/{rel}","templated":true}]}}