{"id":28801,"date":"2024-03-06T13:33:20","date_gmt":"2024-03-06T12:33:21","guid":{"rendered":"https:\/\/apimat.ch\/?post_type=product&#038;p=28801"},"modified":"2024-03-07T11:22:54","modified_gmt":"2024-03-07T10:22:54","slug":"konigin-metalabsperrgitter-vertikale-einengeschiedbrett-fur-dadant-brut-raum-copie","status":"publish","type":"product","link":"https:\/\/apimat.ch\/de\/produit\/konigin-metalabsperrgitter-vertikale-einengeschiedbrett-fur-dadant-brut-raum-copie\/","title":{"rendered":"K\u00f6nigin-Metalabsperrgitter, vertikale Einengeschiedbrett PREMIUM f\u00fcr Dadant Brut Raum"},"content":{"rendered":"<h3>K\u00f6nigin-Metalabsperrgitter, vertikale Einengeschiedbrett PREMIUM f\u00fcr Dadant Brut Raum<\/h3>\n<h3>Hochwertiges, eingebautes Metallgitter<\/h3>\n<p><img loading=\"lazy\" decoding=\"async\" class=\"alignnone size-large wp-image-28818\" src=\"https:\/\/apimat.ch\/wp-content\/uploads\/2024\/03\/partition-Premium-copie-1030x1030.jpg\" alt=\"\" width=\"1030\" height=\"1030\" srcset=\"https:\/\/apimat.ch\/wp-content\/uploads\/2024\/03\/partition-Premium-copie-1030x1030.jpg 1030w, https:\/\/apimat.ch\/wp-content\/uploads\/2024\/03\/partition-Premium-copie-300x300.jpg 300w, https:\/\/apimat.ch\/wp-content\/uploads\/2024\/03\/partition-Premium-copie-80x80.jpg 80w, https:\/\/apimat.ch\/wp-content\/uploads\/2024\/03\/partition-Premium-copie-768x768.jpg 768w, https:\/\/apimat.ch\/wp-content\/uploads\/2024\/03\/partition-Premium-copie-1536x1536.jpg 1536w, https:\/\/apimat.ch\/wp-content\/uploads\/2024\/03\/partition-Premium-copie-2048x2048.jpg 2048w, https:\/\/apimat.ch\/wp-content\/uploads\/2024\/03\/partition-Premium-copie-36x36.jpg 36w, https:\/\/apimat.ch\/wp-content\/uploads\/2024\/03\/partition-Premium-copie-180x180.jpg 180w, https:\/\/apimat.ch\/wp-content\/uploads\/2024\/03\/partition-Premium-copie-1500x1500.jpg 1500w, https:\/\/apimat.ch\/wp-content\/uploads\/2024\/03\/partition-Premium-copie-705x705.jpg 705w, https:\/\/apimat.ch\/wp-content\/uploads\/2024\/03\/partition-Premium-copie-120x120.jpg 120w, https:\/\/apimat.ch\/wp-content\/uploads\/2024\/03\/partition-Premium-copie-450x450.jpg 450w, https:\/\/apimat.ch\/wp-content\/uploads\/2024\/03\/partition-Premium-copie-600x600.jpg 600w, https:\/\/apimat.ch\/wp-content\/uploads\/2024\/03\/partition-Premium-copie-100x100.jpg 100w, https:\/\/apimat.ch\/wp-content\/uploads\/2024\/03\/partition-Premium-copie-scaled.jpg 1920w\" sizes=\"(max-width: 1030px) 100vw, 1030px\" \/><\/p>\n<p><strong>DEGRESSIVE PREISE JE NACH MENGE.<\/strong><\/p>\n<p><strong>F\u00fcr weitere Informationen kontaktieren Sie mich bitte.<\/strong><\/p>\n<p><a href=\"mailto:info@apimat.ch\"><strong>info@apimat.ch<\/strong><\/a><\/p>\n<p><strong>Telefon: 076 213 80 33<\/strong><\/p>\n","protected":false},"excerpt":{"rendered":"<p>K\u00f6nigin-Metalabsperrgitter, vertikale Einengeschiedbrett PREMIUM f\u00fcr Dadant Brut Raum Hochwertiges, eingebautes Metallgitter DEGRESSIVE PREISE JE NACH MENGE. F\u00fcr weitere Informationen kontaktieren Sie mich bitte. info@apimat.ch Telefon: 076 213 80 33<\/p>\n","protected":false},"featured_media":28814,"template":"","meta":{"_uf_show_specific_survey":0,"_uf_disable_surveys":false},"product_cat":[95],"product_tag":[],"aioseo_notices":[],"_links":{"self":[{"href":"https:\/\/apimat.ch\/de\/wp-json\/wp\/v2\/product\/28801"}],"collection":[{"href":"https:\/\/apimat.ch\/de\/wp-json\/wp\/v2\/product"}],"about":[{"href":"https:\/\/apimat.ch\/de\/wp-json\/wp\/v2\/types\/product"}],"wp:featuredmedia":[{"embeddable":true,"href":"https:\/\/apimat.ch\/de\/wp-json\/wp\/v2\/media\/28814"}],"wp:attachment":[{"href":"https:\/\/apimat.ch\/de\/wp-json\/wp\/v2\/media?parent=28801"}],"wp:term":[{"taxonomy":"product_cat","embeddable":true,"href":"https:\/\/apimat.ch\/de\/wp-json\/wp\/v2\/product_cat?post=28801"},{"taxonomy":"product_tag","embeddable":true,"href":"https:\/\/apimat.ch\/de\/wp-json\/wp\/v2\/product_tag?post=28801"}],"curies":[{"name":"wp","href":"https:\/\/api.w.org\/{rel}","templated":true}]}}