{"id":29010,"date":"2024-03-16T18:20:30","date_gmt":"2024-03-16T17:51:22","guid":{"rendered":"https:\/\/apimat.ch\/?post_type=product&#038;p=29010"},"modified":"2024-03-16T18:53:08","modified_gmt":"2024-03-16T17:53:08","slug":"manuelles-geraet-zum-wegwischen-von-bienen","status":"publish","type":"product","link":"https:\/\/apimat.ch\/de\/produit\/manuelles-geraet-zum-wegwischen-von-bienen\/","title":{"rendered":"Manuelles Ger\u00e4t zum Wegwischen von Bienen"},"content":{"rendered":"<p>Manuelles Ger\u00e4t zum Wegwischen von Bienen<\/p>\n<p>Der manuelle Bienenkehrer wird verwendet, um bei der Inspektion von Bienenst\u00f6cken, der Honigernte und anderen Arbeiten an Bienenst\u00f6cken die Bienen sanft und sicher aus den R\u00e4hmchen zu entfernen.<\/p>\n<p class=\"p1\"><b>DIE PREISE SIND JE NACH MENGE DEGRESSIV.<\/b><\/p>\n<p class=\"p1\"><b>F\u00fcr weitere Informationen kontaktieren Sie mich bitte.<\/b><\/p>\n<p class=\"p2\"><span class=\"s1\"><a href=\"mailto:info@apimat.ch\"><b>info@apimat.ch<\/b><\/a><\/span><\/p>\n<p class=\"p1\"><b>Telefon: 076 213 80 33<\/b><\/p>\n","protected":false},"excerpt":{"rendered":"<p>Manuelles Ger\u00e4t zum Wegwischen von Bienen Der manuelle Bienenkehrer wird verwendet, um bei der Inspektion von Bienenst\u00f6cken, der Honigernte und anderen Arbeiten an Bienenst\u00f6cken die Bienen sanft und sicher aus den R\u00e4hmchen zu entfernen. DIE PREISE SIND JE NACH MENGE DEGRESSIV. F\u00fcr weitere Informationen kontaktieren Sie mich bitte. info@apimat.ch Telefon: 076 213 80 33<\/p>\n","protected":false},"featured_media":28996,"template":"","meta":{"_uf_show_specific_survey":0,"_uf_disable_surveys":false},"product_cat":[1013,98],"product_tag":[],"aioseo_notices":[],"_links":{"self":[{"href":"https:\/\/apimat.ch\/de\/wp-json\/wp\/v2\/product\/29010"}],"collection":[{"href":"https:\/\/apimat.ch\/de\/wp-json\/wp\/v2\/product"}],"about":[{"href":"https:\/\/apimat.ch\/de\/wp-json\/wp\/v2\/types\/product"}],"wp:featuredmedia":[{"embeddable":true,"href":"https:\/\/apimat.ch\/de\/wp-json\/wp\/v2\/media\/28996"}],"wp:attachment":[{"href":"https:\/\/apimat.ch\/de\/wp-json\/wp\/v2\/media?parent=29010"}],"wp:term":[{"taxonomy":"product_cat","embeddable":true,"href":"https:\/\/apimat.ch\/de\/wp-json\/wp\/v2\/product_cat?post=29010"},{"taxonomy":"product_tag","embeddable":true,"href":"https:\/\/apimat.ch\/de\/wp-json\/wp\/v2\/product_tag?post=29010"}],"curies":[{"name":"wp","href":"https:\/\/api.w.org\/{rel}","templated":true}]}}