{"id":29015,"date":"2024-03-16T18:47:17","date_gmt":"2024-03-16T17:55:22","guid":{"rendered":"https:\/\/apimat.ch\/?post_type=product&#038;p=29015"},"modified":"2024-03-16T18:55:22","modified_gmt":"2024-03-16T17:55:22","slug":"kaefig-zur-aufbewahrung-der-koenigin-aus-kunststoff","status":"publish","type":"product","link":"https:\/\/apimat.ch\/de\/produit\/kaefig-zur-aufbewahrung-der-koenigin-aus-kunststoff\/","title":{"rendered":"K\u00e4fig zur Aufbewahrung der K\u00f6nigin, aus Kunststoff"},"content":{"rendered":"<p>K\u00e4fig zur Aufbewahrung der K\u00f6nigin, aus Kunststoff<\/p>\n<p class=\"p1\"><b>DIE PREISE SIND JE NACH MENGE DEGRESSIV.<\/b><\/p>\n<p class=\"p1\"><b>F\u00fcr weitere Informationen kontaktieren Sie mich bitte.<\/b><\/p>\n<p class=\"p2\"><span class=\"s1\"><a href=\"mailto:info@apimat.ch\"><b>info@apimat.ch<\/b><\/a><\/span><\/p>\n<p class=\"p1\"><b>Telefon: 076 213 80 33<\/b><\/p>\n","protected":false},"excerpt":{"rendered":"<p>K\u00e4fig zur Aufbewahrung der K\u00f6nigin, aus Kunststoff DIE PREISE SIND JE NACH MENGE DEGRESSIV. F\u00fcr weitere Informationen kontaktieren Sie mich bitte. info@apimat.ch Telefon: 076 213 80 33<\/p>\n","protected":false},"featured_media":29008,"template":"","meta":{"_uf_show_specific_survey":0,"_uf_disable_surveys":false},"product_cat":[1013,95],"product_tag":[],"aioseo_notices":[],"_links":{"self":[{"href":"https:\/\/apimat.ch\/de\/wp-json\/wp\/v2\/product\/29015"}],"collection":[{"href":"https:\/\/apimat.ch\/de\/wp-json\/wp\/v2\/product"}],"about":[{"href":"https:\/\/apimat.ch\/de\/wp-json\/wp\/v2\/types\/product"}],"wp:featuredmedia":[{"embeddable":true,"href":"https:\/\/apimat.ch\/de\/wp-json\/wp\/v2\/media\/29008"}],"wp:attachment":[{"href":"https:\/\/apimat.ch\/de\/wp-json\/wp\/v2\/media?parent=29015"}],"wp:term":[{"taxonomy":"product_cat","embeddable":true,"href":"https:\/\/apimat.ch\/de\/wp-json\/wp\/v2\/product_cat?post=29015"},{"taxonomy":"product_tag","embeddable":true,"href":"https:\/\/apimat.ch\/de\/wp-json\/wp\/v2\/product_tag?post=29015"}],"curies":[{"name":"wp","href":"https:\/\/api.w.org\/{rel}","templated":true}]}}