{"id":29100,"date":"2024-03-22T18:07:06","date_gmt":"2024-03-22T17:31:57","guid":{"rendered":"https:\/\/apimat.ch\/?post_type=product&#038;p=29100"},"modified":"2024-03-22T18:33:41","modified_gmt":"2024-03-22T17:33:41","slug":"rauchgeraet-mit-rostfreiem-hitzeschutzschild-315-cm","status":"publish","type":"product","link":"https:\/\/apimat.ch\/de\/produit\/rauchgeraet-mit-rostfreiem-hitzeschutzschild-315-cm\/","title":{"rendered":"Rauchger\u00e4t mit rostfreiem Hitzeschutzschild &#8211; 31,5 cm"},"content":{"rendered":"<p>Rauchger\u00e4t mit rostfreiem Hitzeschutzschild &#8211; 31,5 cm<\/p>\n<p>&nbsp;<\/p>\n<p>Die Konstruktion und Herstellung dieses Werkzeugs ist sehr solide.<\/p>\n<p>Der R\u00e4ucherofen ist eines der wichtigsten Werkzeuge in der Imkerei. Er ist bei der Honiggewinnung, aber auch bei verschiedenen Arbeiten im Bienenhaus n\u00fctzlich. Mit dem R\u00e4ucherofen kann man r\u00e4uchern, die Bienen beruhigen und sie wieder in den Bienenstock treiben. Mithilfe des R\u00e4ucherofens k\u00f6nnen wir die Arbeiten im Bienenstock ohne Angst durchf\u00fchren, ohne uns der Gefahr auszusetzen, von Bienen angegriffen zu werden. Die ausger\u00e4ucherten Bienen sind nicht aggressiv und wir k\u00f6nnen ohne Schwierigkeiten mit der Honiggewinnung beginnen.<\/p>\n<p>Derzeit wird je nach Typ ein spezieller Staubsaugerbrennstoff verwendet, der z. B. einen angenehmen Lavendelduft haben kann. In unserem Angebot finden Sie auch einen gew\u00f6hnlichen gepressten Brennstoff.<\/p>\n<p>Die Benutzung des R\u00e4ucherofens ist sehr einfach: Der Brennstoff wird von unten angez\u00fcndet. Wenn ein dichter, gl\u00e4nzender Rauch entsteht, schlie\u00dfen Sie den Deckel des R\u00e4ucherofens. Anschlie\u00dfend sollte der aus dem R\u00e4ucherofen austretende Rauch in den Bienenstock geleitet werden. Ein R\u00e4ucherofen mit einem K\u00fchler. Hergestellt aus rostfreiem Stahl.<\/p>\n<p>&nbsp;<\/p>\n<p class=\"p2\"><b>DIE PREISE SIND JE NACH MENGE DEGRESSIV.<\/b><\/p>\n<p class=\"p2\"><b>F\u00fcr weitere Informationen kontaktieren Sie mich bitte.<\/b><\/p>\n<p class=\"p3\"><span class=\"s1\"><a href=\"mailto:info@apimat.ch\"><b>info@apimat.ch<\/b><\/a><\/span><\/p>\n<p class=\"p2\"><b>Telefon: 076 213 80 33<\/b><\/p>\n","protected":false},"excerpt":{"rendered":"<p>Rauchger\u00e4t mit rostfreiem Hitzeschutzschild &#8211; 31,5 cm &nbsp; Die Konstruktion und Herstellung dieses Werkzeugs ist sehr solide. Der R\u00e4ucherofen ist eines der wichtigsten Werkzeuge in der Imkerei. Er ist bei der Honiggewinnung, aber auch bei verschiedenen Arbeiten im Bienenhaus n\u00fctzlich. Mit dem R\u00e4ucherofen kann man r\u00e4uchern, die Bienen beruhigen und sie wieder in den Bienenstock [&hellip;]<\/p>\n","protected":false},"featured_media":41898,"template":"","meta":{"_uf_show_specific_survey":0,"_uf_disable_surveys":false},"product_cat":[1013,98],"product_tag":[],"aioseo_notices":[],"_links":{"self":[{"href":"https:\/\/apimat.ch\/de\/wp-json\/wp\/v2\/product\/29100"}],"collection":[{"href":"https:\/\/apimat.ch\/de\/wp-json\/wp\/v2\/product"}],"about":[{"href":"https:\/\/apimat.ch\/de\/wp-json\/wp\/v2\/types\/product"}],"wp:featuredmedia":[{"embeddable":true,"href":"https:\/\/apimat.ch\/de\/wp-json\/wp\/v2\/media\/41898"}],"wp:attachment":[{"href":"https:\/\/apimat.ch\/de\/wp-json\/wp\/v2\/media?parent=29100"}],"wp:term":[{"taxonomy":"product_cat","embeddable":true,"href":"https:\/\/apimat.ch\/de\/wp-json\/wp\/v2\/product_cat?post=29100"},{"taxonomy":"product_tag","embeddable":true,"href":"https:\/\/apimat.ch\/de\/wp-json\/wp\/v2\/product_tag?post=29100"}],"curies":[{"name":"wp","href":"https:\/\/api.w.org\/{rel}","templated":true}]}}