{"id":29207,"date":"2024-03-24T12:15:48","date_gmt":"2024-03-24T11:15:49","guid":{"rendered":"https:\/\/apimat.ch\/?post_type=product&#038;p=29207"},"modified":"2024-03-24T12:30:29","modified_gmt":"2024-03-24T11:30:29","slug":"100-cryptomeria-dadant-bienenstock-12-zapfenverbindung-mit-leinoel-behandelt","status":"publish","type":"product","link":"https:\/\/apimat.ch\/de\/produit\/100-cryptomeria-dadant-bienenstock-12-zapfenverbindung-mit-leinoel-behandelt\/","title":{"rendered":"100% Cryptomeria &#8211; Dadant-Bienenstock 12, Zapfenverbindung, mit Lein\u00f6l behandelt"},"content":{"rendered":"<h3>100% Cryptomeria &#8211; Dadant-Bienenstock 12, Zapfenverbindung, mit Lein\u00f6l behandelt<\/h3>\n<p>&#8211; Geradschwanzzapfenmontage f\u00fcr optimale Festigkeit;<\/p>\n<p>&#8211; \u00c4u\u00dfere Behandlung mit Lein\u00f6l;<\/p>\n<p>&#8211; Beweglicher Boden mit Anti-Varroa-Gitter mit Schublade zur Inspektion;<\/p>\n<p>&#8211; Bienenstockk\u00f6rper MIT RAHMEN f\u00fcr die Kolonieentwicklung;<\/p>\n<p>&#8211; Bienenstockgeh\u00e4use MIT RAHMEN f\u00fcr die Honigproduktion;<\/p>\n<p>&#8211; Abdeckbrett mit zentraler Bohrung f\u00fcr die Zuf\u00fchrung;<\/p>\n<p>&#8211; Blechdach: wird zum Schutz des Bienenstocks verwendet;<\/p>\n<p>&#8211; Verschiedene Metallzubeh\u00f6rteile (Zahnstangen, Zwischenrahmenleisten, verzahnte Eingangst\u00fcr);<\/p>\n<p>Dank des Einsatzes von High-Tech-Maschinen sind alle Bienenst\u00f6cke millimetergenau, was h\u00f6chste Pr\u00e4zision und Montagequalit\u00e4t garantiert.<\/p>\n<p><strong>DEGRESSIVE PREISE JE NACH MENGE.<\/strong><\/p>\n<p><strong>F\u00fcr weitere Informationen kontaktieren Sie mich bitte.<\/strong><\/p>\n<p><a href=\"mailto:info@apimat.ch\"><strong>info@apimat.ch<\/strong><\/a><\/p>\n<p><strong>Telefon: 076 213 80 33<\/strong><\/p>\n","protected":false},"excerpt":{"rendered":"<p>100% Cryptomeria &#8211; Dadant-Bienenstock 12, Zapfenverbindung, mit Lein\u00f6l behandelt &#8211; Geradschwanzzapfenmontage f\u00fcr optimale Festigkeit; &#8211; \u00c4u\u00dfere Behandlung mit Lein\u00f6l; &#8211; Beweglicher Boden mit Anti-Varroa-Gitter mit Schublade zur Inspektion; &#8211; Bienenstockk\u00f6rper MIT RAHMEN f\u00fcr die Kolonieentwicklung; &#8211; Bienenstockgeh\u00e4use MIT RAHMEN f\u00fcr die Honigproduktion; &#8211; Abdeckbrett mit zentraler Bohrung f\u00fcr die Zuf\u00fchrung; &#8211; Blechdach: wird zum Schutz [&hellip;]<\/p>\n","protected":false},"featured_media":29211,"template":"","meta":{"_uf_show_specific_survey":0,"_uf_disable_surveys":false},"product_cat":[1013,101],"product_tag":[],"aioseo_notices":[],"_links":{"self":[{"href":"https:\/\/apimat.ch\/de\/wp-json\/wp\/v2\/product\/29207"}],"collection":[{"href":"https:\/\/apimat.ch\/de\/wp-json\/wp\/v2\/product"}],"about":[{"href":"https:\/\/apimat.ch\/de\/wp-json\/wp\/v2\/types\/product"}],"wp:featuredmedia":[{"embeddable":true,"href":"https:\/\/apimat.ch\/de\/wp-json\/wp\/v2\/media\/29211"}],"wp:attachment":[{"href":"https:\/\/apimat.ch\/de\/wp-json\/wp\/v2\/media?parent=29207"}],"wp:term":[{"taxonomy":"product_cat","embeddable":true,"href":"https:\/\/apimat.ch\/de\/wp-json\/wp\/v2\/product_cat?post=29207"},{"taxonomy":"product_tag","embeddable":true,"href":"https:\/\/apimat.ch\/de\/wp-json\/wp\/v2\/product_tag?post=29207"}],"curies":[{"name":"wp","href":"https:\/\/api.w.org\/{rel}","templated":true}]}}