{"id":29525,"date":"2024-03-24T10:01:36","date_gmt":"2024-04-10T16:16:41","guid":{"rendered":"https:\/\/apimat.ch\/?post_type=product&#038;p=29525"},"modified":"2024-09-13T05:47:45","modified_gmt":"2024-09-13T03:47:45","slug":"selektive-hornissenfalle-velutinatrap","status":"publish","type":"product","link":"https:\/\/apimat.ch\/de\/produit\/selektive-hornissenfalle-velutinatrap\/","title":{"rendered":"Selektive Hornissenfalle &#8220;VelutinaTrap&#8221;"},"content":{"rendered":"<p>Lockfalle f\u00fcr Hornissen sehr selektiv &#8220;VelutinaTrap&#8221;<\/p>\n<p>Sehr selektiv: Nur Hornissen bleiben gefangen. Andere Insekten, Bienen und dergleichen k\u00f6nnen leicht entkommen.<\/p>\n<p>Die von dem Lockstoff angelockten Hornissen folgen dem Licht in die Falle und bleiben in den Sammelbeh\u00e4ltern.<\/p>\n<p>Bei der Verwendung der Falle sollten die \u00f6rtlichen Bestimmungen zum Schutz der Arten in der Region beachtet werden. Gegebenenfalls muss die Falle t\u00e4glich \u00fcberpr\u00fcft werden, um sicherzustellen, dass keine unbeabsichtigten Beif\u00e4nge vorliegen, und diese m\u00fcssen gem\u00e4\u00df den geltenden Bestimmungen in der Region freigelassen werden.<\/p>\n<p>&nbsp;<\/p>\n<p><img loading=\"lazy\" decoding=\"async\" class=\"alignnone size-full wp-image-32355\" src=\"https:\/\/apimat.ch\/wp-content\/uploads\/2024\/09\/calendrier.jpg\" alt=\"\" width=\"898\" height=\"246\" srcset=\"https:\/\/apimat.ch\/wp-content\/uploads\/2024\/09\/calendrier.jpg 898w, https:\/\/apimat.ch\/wp-content\/uploads\/2024\/09\/calendrier-300x82.jpg 300w, https:\/\/apimat.ch\/wp-content\/uploads\/2024\/09\/calendrier-768x210.jpg 768w, https:\/\/apimat.ch\/wp-content\/uploads\/2024\/09\/calendrier-705x193.jpg 705w, https:\/\/apimat.ch\/wp-content\/uploads\/2024\/09\/calendrier-450x123.jpg 450w, https:\/\/apimat.ch\/wp-content\/uploads\/2024\/09\/calendrier-600x164.jpg 600w\" sizes=\"(max-width: 898px) 100vw, 898px\" \/><\/p>\n<h3>Beschreibung:<\/h3>\n<p>Die VelutinaTrap wurde entwickelt, um die invasive Art Vespa velutina zu fangen, w\u00e4hrend anderen Insekten und Bienen ein problemloses Entkommen erm\u00f6glicht wird.<\/p>\n<h3>Effektiv:<\/h3>\n<p>Die in der Falle gefangenen Hornissen geben Pheromone ab, die weitere Hornissen anlocken und somit die Effizienz der Falle erh\u00f6hen.<\/p>\n<h3>Hygienisch:<\/h3>\n<p>Die Insekten kommen nie mit dem Lockstoff in Kontakt, was einen sauberen und hygienischen Fangprozess gew\u00e4hrleistet.<\/p>\n<h3>Anweisungen zur Verwendung der Velutina-Falle:<\/h3>\n<ol>\n<li>Montieren Sie die Falle gem\u00e4\u00df den Anweisungen in der Verpackung.<\/li>\n<li>Gie\u00dfen Sie den Lockstoff in die Falle, indem Sie die wei\u00dfen Linien neben den L\u00f6chern anfeuchten.<\/li>\n<li>F\u00fcr die erste Verwendung f\u00fcllen Sie den Lockstoff bis zur H\u00e4lfte des Beh\u00e4lters (ca. 400 ml). Die Hornissen werden vom fl\u00fcssigen Lockstoff angelockt, gelangen durch die kleinen L\u00f6cher und bewegen sich entlang des Beh\u00e4lters. Sie werden dann in den Sammelkammern gefangen. Die Pheromone der gefangenen Hornissen dienen dazu, weitere Hornissen anzulocken.<\/li>\n<li>Platzieren Sie die Falle strategisch entlang der Flugbahnen der Hornissen, vorzugsweise in schattigen Bereichen links und rechts von Ihren Bienenst\u00f6cken oder h\u00e4ngen Sie sie an einen Baumzweig. Vermeiden Sie direktes Sonnenlicht auf die Falle.<\/li>\n<li>F\u00fcllen Sie regelm\u00e4\u00dfig den Lockstoff nach, um die Effektivit\u00e4t der Falle aufrechtzuerhalten. Gie\u00dfen Sie ihn einfach in die L\u00f6cher neben den wei\u00dfen St\u00e4bchen. Verwenden Sie eine geringe Menge Fl\u00fcssigkeit zum Nachf\u00fcllen und stellen Sie sicher, dass der Beh\u00e4lter halb voll bleibt, insbesondere bei hohen Temperaturen. Entleeren Sie den Beh\u00e4lter vollst\u00e4ndig und f\u00fcllen Sie ihn erneut, wenn der Lockstoff deutlich abgebaut ist und keine Hornissen mehr anzieht.<\/li>\n<\/ol>\n<h3>Zus\u00e4tzliche Anweisungen:<\/h3>\n<ul>\n<li>Halten Sie beim Bef\u00fcllen des Lockstoffs in die Falle das Seil fest, dr\u00fccken Sie den Riegel und heben Sie das Dach an, um auf den Beh\u00e4lter zuzugreifen.<\/li>\n<li>Befolgen Sie die mitgelieferten Anweisungen zum Zusammenbau und Trennen der Sammelbeh\u00e4lter. Um die Sammelbeh\u00e4lter zu trennen, drehen Sie sie etwa 30 Grad nach links oder rechts und entfernen Sie sie vorsichtig, da Hornissen herauskommen k\u00f6nnen.<\/li>\n<li>Platzieren Sie die Falle in der N\u00e4he Ihres Bienenstocks, vermeiden Sie jedoch Orte mit hoher interner Temperatur im Sammelbeh\u00e4lter, da dies die Leistung der Falle beeintr\u00e4chtigen k\u00f6nnte. Entscheiden Sie sich f\u00fcr schattige Bereiche links und rechts vom Bienenstock und stellen Sie sicher, dass die Falle entlang der Flugbahnen der Hornissen aufgeh\u00e4ngt wird.<\/li>\n<\/ul>\n<p>Befolgen Sie diese Anweisungen, um die Velutina-Falle effektiv zu nutzen und Ihre Bienenv\u00f6lker vor Hornissenbefall zu sch\u00fctzen.<\/p>\n<p>Wann soll sie verwendet werden?<\/p>\n<ul>\n<li>Zur Erfassung von begatteten Hornissenk\u00f6niginnen (Gr\u00fcnderinnen) sehr fr\u00fch im Fr\u00fchling in gem\u00e4\u00dfigten Regionen ab Mitte Februar.<\/li>\n<li>Da die Falle sehr selektiv ist, k\u00f6nnen Sie sie das ganze Jahr \u00fcber zur Erfassung von Arbeiterinnenhornissen im Einsatz lassen.<\/li>\n<li>F\u00fcr die Erfassung von begatteten Hornissenk\u00f6niginnen ab Oktober in den meisten Regionen.<\/li>\n<\/ul>\n<p class=\"p1\"><b>DIE PREISE SIND JE NACH MENGE DEGRESSIV.<\/b><\/p>\n<p class=\"p1\"><b>F\u00fcr weitere Informationen kontaktieren Sie mich bitte.<\/b><\/p>\n<p class=\"p2\"><span class=\"s1\"><a href=\"mailto:info@apimat.ch\"><b>info@apimat.ch<\/b><\/a><\/span><\/p>\n<p class=\"p1\"><b>Telefon: 076 213 80 33<\/b><\/p>\n","protected":false},"excerpt":{"rendered":"<p>Lockfalle f\u00fcr Hornissen sehr selektiv &#8220;VelutinaTrap&#8221; Sehr selektiv: Nur Hornissen bleiben gefangen. Andere Insekten, Bienen und dergleichen k\u00f6nnen leicht entkommen. Die von dem Lockstoff angelockten Hornissen folgen dem Licht in die Falle und bleiben in den Sammelbeh\u00e4ltern. Bei der Verwendung der Falle sollten die \u00f6rtlichen Bestimmungen zum Schutz der Arten in der Region beachtet werden. [&hellip;]<\/p>\n","protected":false},"featured_media":29129,"template":"","meta":{"_uf_show_specific_survey":0,"_uf_disable_surveys":false},"product_cat":[1013,912],"product_tag":[],"aioseo_notices":[],"_links":{"self":[{"href":"https:\/\/apimat.ch\/de\/wp-json\/wp\/v2\/product\/29525"}],"collection":[{"href":"https:\/\/apimat.ch\/de\/wp-json\/wp\/v2\/product"}],"about":[{"href":"https:\/\/apimat.ch\/de\/wp-json\/wp\/v2\/types\/product"}],"wp:featuredmedia":[{"embeddable":true,"href":"https:\/\/apimat.ch\/de\/wp-json\/wp\/v2\/media\/29129"}],"wp:attachment":[{"href":"https:\/\/apimat.ch\/de\/wp-json\/wp\/v2\/media?parent=29525"}],"wp:term":[{"taxonomy":"product_cat","embeddable":true,"href":"https:\/\/apimat.ch\/de\/wp-json\/wp\/v2\/product_cat?post=29525"},{"taxonomy":"product_tag","embeddable":true,"href":"https:\/\/apimat.ch\/de\/wp-json\/wp\/v2\/product_tag?post=29525"}],"curies":[{"name":"wp","href":"https:\/\/api.w.org\/{rel}","templated":true}]}}