{"id":29527,"date":"2024-03-24T11:00:35","date_gmt":"2024-04-10T16:17:51","guid":{"rendered":"https:\/\/apimat.ch\/?post_type=product&#038;p=29527"},"modified":"2024-04-10T18:27:48","modified_gmt":"2024-04-10T16:27:48","slug":"paar-selektive-zugriffsmodul-fuer-hornissenfalle-als-bausatz","status":"publish","type":"product","link":"https:\/\/apimat.ch\/de\/produit\/paar-selektive-zugriffsmodul-fuer-hornissenfalle-als-bausatz\/","title":{"rendered":"Paar selektive Zugriffsmodul f\u00fcr Hornissenfalle &#8211; ALS BAUSATZ"},"content":{"rendered":"<p>Paar selektiver Zugangsmodulbausatz f\u00fcr Hornissenfalle &#8211; IM BAUSATZ<\/p>\n<p>Das Paar selektiver Zugangsmodulbausatz wird mit seinem Sichtschutz geliefert.<\/p>\n<p>Diese Version erm\u00f6glicht es den handwerklich Geschickten unter Ihnen, Geld zu sparen. Es wird eine Anleitung mitgeliefert, um die Falle gem\u00e4\u00df unseren Empfehlungen selbst herzustellen.<\/p>\n<p>Es erfordert keine besonderen Kenntnisse, l\u00e4sst sich einfach aufbauen und erfordert nur wenig Wartung.<\/p>\n<p>Ideal, um Ihren Garten oder Balkon vor der Ansiedlung asiatischer Hornissen zu sch\u00fctzen.<\/p>\n<p>Der Bausatz muss aus einem K\u00f6derbeh\u00e4lter (nicht enthalten), einem Fangk\u00e4fig (nicht enthalten) ausgestattet mit unseren selektiven Zugangsmodulen mit Sichtschutz und Gitter (nicht enthalten) bestehen. Es ist unerl\u00e4sslich, ein Dach (nicht enthalten) hinzuzuf\u00fcgen.<\/p>\n<p>Mindestabmessungen (LxBxH): 40x30x28 cm.<\/p>\n<p>&nbsp;<\/p>\n<p class=\"p1\"><b>DIE PREISE SIND JE NACH MENGE DEGRESSIV.<\/b><\/p>\n<p class=\"p1\"><b>F\u00fcr weitere Informationen kontaktieren Sie mich bitte.<\/b><\/p>\n<p class=\"p2\"><span class=\"s1\"><a href=\"mailto:info@apimat.ch\"><b>info@apimat.ch<\/b><\/a><\/span><\/p>\n<p class=\"p1\"><b>Telefon: 076 213 80 33<\/b><\/p>\n","protected":false},"excerpt":{"rendered":"<p>Paar selektiver Zugangsmodulbausatz f\u00fcr Hornissenfalle &#8211; IM BAUSATZ Das Paar selektiver Zugangsmodulbausatz wird mit seinem Sichtschutz geliefert. Diese Version erm\u00f6glicht es den handwerklich Geschickten unter Ihnen, Geld zu sparen. Es wird eine Anleitung mitgeliefert, um die Falle gem\u00e4\u00df unseren Empfehlungen selbst herzustellen. Es erfordert keine besonderen Kenntnisse, l\u00e4sst sich einfach aufbauen und erfordert nur wenig [&hellip;]<\/p>\n","protected":false},"featured_media":29151,"template":"","meta":{"_uf_show_specific_survey":0,"_uf_disable_surveys":false},"product_cat":[1013,912],"product_tag":[],"aioseo_notices":[],"_links":{"self":[{"href":"https:\/\/apimat.ch\/de\/wp-json\/wp\/v2\/product\/29527"}],"collection":[{"href":"https:\/\/apimat.ch\/de\/wp-json\/wp\/v2\/product"}],"about":[{"href":"https:\/\/apimat.ch\/de\/wp-json\/wp\/v2\/types\/product"}],"wp:featuredmedia":[{"embeddable":true,"href":"https:\/\/apimat.ch\/de\/wp-json\/wp\/v2\/media\/29151"}],"wp:attachment":[{"href":"https:\/\/apimat.ch\/de\/wp-json\/wp\/v2\/media?parent=29527"}],"wp:term":[{"taxonomy":"product_cat","embeddable":true,"href":"https:\/\/apimat.ch\/de\/wp-json\/wp\/v2\/product_cat?post=29527"},{"taxonomy":"product_tag","embeddable":true,"href":"https:\/\/apimat.ch\/de\/wp-json\/wp\/v2\/product_tag?post=29527"}],"curies":[{"name":"wp","href":"https:\/\/api.w.org\/{rel}","templated":true}]}}