{"id":29530,"date":"2024-03-24T11:16:58","date_gmt":"2024-04-10T16:20:19","guid":{"rendered":"https:\/\/apimat.ch\/?post_type=product&#038;p=29530"},"modified":"2024-04-10T18:29:53","modified_gmt":"2024-04-10T16:29:53","slug":"trennwandstuetze-aus-edelstahl-zur-rueckgewinnung-von-apidea-raehmchen-dadant","status":"publish","type":"product","link":"https:\/\/apimat.ch\/de\/produit\/trennwandstuetze-aus-edelstahl-zur-rueckgewinnung-von-apidea-raehmchen-dadant\/","title":{"rendered":"Trennwandst\u00fctze aus Edelstahl zur R\u00fcckgewinnung von APIDEA-R\u00e4hmchen &#8211; Dadant"},"content":{"rendered":"<p>Edelstahl-Partitionshalter f\u00fcr die Aufnahme von Apidea-Rahmen &#8211; Dadant<\/p>\n<p>Diese Trennw\u00e4nde aus Edelstahl erm\u00f6glichen es, kleine Rahmen in Standard-Dadant-Polystyrol-Bienenst\u00f6cken zu installieren.<br \/>\nImker k\u00f6nnen somit von den zahlreichen Vorteilen kleiner Rahmen profitieren, wie zum Beispiel:<\/p>\n<p>Bessere Kontrolle \u00fcber den Brut- und K\u00f6niginnenaufzucht.<\/p>\n<p>St\u00e4rkung schwacher Kolonien.<\/p>\n<p>Produktion von Abschnittshonig.<\/p>\n<p>Schneller Aufbau einer gro\u00dfen Anzahl neuer Rahmen im Fr\u00fchjahr unter Verwendung eines starken Bienenvolks.<\/p>\n<p>Nach dem Entfernen der K\u00f6niginnen aus den Bienenst\u00f6cken k\u00f6nnen die Rahmen zur Brutentwicklung in den Stock transferiert werden.<br \/>\nDie Trennw\u00e4nde bestehen aus hochwertigem Edelstahl. Sie sind einfach und schnell zu installieren und erfordern keine speziellen Werkzeuge.<br \/>\nAbmessungen: 472&#215;105 mm.<\/p>\n<p>&nbsp;<\/p>\n<p class=\"p1\"><b>DIE PREISE SIND JE NACH MENGE DEGRESSIV.<\/b><\/p>\n<p class=\"p1\"><b>F\u00fcr weitere Informationen kontaktieren Sie mich bitte.<\/b><\/p>\n<p class=\"p2\"><span class=\"s1\"><a href=\"mailto:info@apimat.ch\"><b>info@apimat.ch<\/b><\/a><\/span><\/p>\n<p class=\"p1\"><b>Telefon: 076 213 80 33<\/b><\/p>\n","protected":false},"excerpt":{"rendered":"<p>Edelstahl-Partitionshalter f\u00fcr die Aufnahme von Apidea-Rahmen &#8211; Dadant Diese Trennw\u00e4nde aus Edelstahl erm\u00f6glichen es, kleine Rahmen in Standard-Dadant-Polystyrol-Bienenst\u00f6cken zu installieren. Imker k\u00f6nnen somit von den zahlreichen Vorteilen kleiner Rahmen profitieren, wie zum Beispiel: Bessere Kontrolle \u00fcber den Brut- und K\u00f6niginnenaufzucht. St\u00e4rkung schwacher Kolonien. Produktion von Abschnittshonig. Schneller Aufbau einer gro\u00dfen Anzahl neuer Rahmen im Fr\u00fchjahr [&hellip;]<\/p>\n","protected":false},"featured_media":29161,"template":"","meta":{"_uf_show_specific_survey":0,"_uf_disable_surveys":false},"product_cat":[1013,95],"product_tag":[],"aioseo_notices":[],"_links":{"self":[{"href":"https:\/\/apimat.ch\/de\/wp-json\/wp\/v2\/product\/29530"}],"collection":[{"href":"https:\/\/apimat.ch\/de\/wp-json\/wp\/v2\/product"}],"about":[{"href":"https:\/\/apimat.ch\/de\/wp-json\/wp\/v2\/types\/product"}],"wp:featuredmedia":[{"embeddable":true,"href":"https:\/\/apimat.ch\/de\/wp-json\/wp\/v2\/media\/29161"}],"wp:attachment":[{"href":"https:\/\/apimat.ch\/de\/wp-json\/wp\/v2\/media?parent=29530"}],"wp:term":[{"taxonomy":"product_cat","embeddable":true,"href":"https:\/\/apimat.ch\/de\/wp-json\/wp\/v2\/product_cat?post=29530"},{"taxonomy":"product_tag","embeddable":true,"href":"https:\/\/apimat.ch\/de\/wp-json\/wp\/v2\/product_tag?post=29530"}],"curies":[{"name":"wp","href":"https:\/\/api.w.org\/{rel}","templated":true}]}}