{"id":29957,"date":"2024-04-23T19:04:00","date_gmt":"2024-04-23T17:08:11","guid":{"rendered":"https:\/\/apimat.ch\/?post_type=product&#038;p=29957"},"modified":"2024-04-23T19:08:11","modified_gmt":"2024-04-23T17:08:11","slug":"tragbarer-inkubator-fuer-den-transport-koeniglicher-zellen-12v","status":"publish","type":"product","link":"https:\/\/apimat.ch\/de\/produit\/tragbarer-inkubator-fuer-den-transport-koeniglicher-zellen-12v\/","title":{"rendered":"Tragbarer Inkubator f\u00fcr den Transport k\u00f6niglicher Zellen 12V"},"content":{"rendered":"<p>Tragbarer Inkubator f\u00fcr den Transport k\u00f6niglicher Zellen 12V<\/p>\n<p>&nbsp;<\/p>\n<p>Stromversorgung: 12VDC\/15A<br \/>\nSteuerger\u00e4t: IC-03<br \/>\nLeistungsaufnahme: 30W<br \/>\nKapazit\u00e4t: 45 K\u00e4fige<br \/>\n\u00c4u\u00dfere Abmessungen: B\u00d7T\u00d7H- 270\u00d7240\u00d7165 mm<br \/>\nTemperaturregelung: 33-35\u00baC Genauigkeit +\/-0,5\u00baC<\/p>\n<p>&nbsp;<\/p>\n<p class=\"p2\"><b>DIE PREISE SIND JE NACH MENGE DEGRESSIV.<\/b><\/p>\n<p class=\"p2\"><b>F\u00fcr weitere Informationen kontaktieren Sie mich bitte.<\/b><\/p>\n<p class=\"p3\"><span class=\"s1\"><a href=\"mailto:info@apimat.ch\"><b>info@apimat.ch<\/b><\/a><\/span><\/p>\n<p class=\"p2\"><b>Telefon: 076 213 80 33<\/b><\/p>\n","protected":false},"excerpt":{"rendered":"<p>Tragbarer Inkubator f\u00fcr den Transport k\u00f6niglicher Zellen 12V &nbsp; Stromversorgung: 12VDC\/15A Steuerger\u00e4t: IC-03 Leistungsaufnahme: 30W Kapazit\u00e4t: 45 K\u00e4fige \u00c4u\u00dfere Abmessungen: B\u00d7T\u00d7H- 270\u00d7240\u00d7165 mm Temperaturregelung: 33-35\u00baC Genauigkeit +\/-0,5\u00baC &nbsp; DIE PREISE SIND JE NACH MENGE DEGRESSIV. F\u00fcr weitere Informationen kontaktieren Sie mich bitte. info@apimat.ch Telefon: 076 213 80 33<\/p>\n","protected":false},"featured_media":29951,"template":"","meta":{"_uf_show_specific_survey":0,"_uf_disable_surveys":false},"product_cat":[271],"product_tag":[],"aioseo_notices":[],"_links":{"self":[{"href":"https:\/\/apimat.ch\/de\/wp-json\/wp\/v2\/product\/29957"}],"collection":[{"href":"https:\/\/apimat.ch\/de\/wp-json\/wp\/v2\/product"}],"about":[{"href":"https:\/\/apimat.ch\/de\/wp-json\/wp\/v2\/types\/product"}],"wp:featuredmedia":[{"embeddable":true,"href":"https:\/\/apimat.ch\/de\/wp-json\/wp\/v2\/media\/29951"}],"wp:attachment":[{"href":"https:\/\/apimat.ch\/de\/wp-json\/wp\/v2\/media?parent=29957"}],"wp:term":[{"taxonomy":"product_cat","embeddable":true,"href":"https:\/\/apimat.ch\/de\/wp-json\/wp\/v2\/product_cat?post=29957"},{"taxonomy":"product_tag","embeddable":true,"href":"https:\/\/apimat.ch\/de\/wp-json\/wp\/v2\/product_tag?post=29957"}],"curies":[{"name":"wp","href":"https:\/\/api.w.org\/{rel}","templated":true}]}}