{"id":29988,"date":"2024-04-24T09:24:31","date_gmt":"2024-04-24T07:26:59","guid":{"rendered":"https:\/\/apimat.ch\/?post_type=product&#038;p=29988"},"modified":"2024-04-24T09:27:00","modified_gmt":"2024-04-24T07:27:00","slug":"sehr-stabiler-4-rad-plattformwagen","status":"publish","type":"product","link":"https:\/\/apimat.ch\/de\/produit\/sehr-stabiler-4-rad-plattformwagen\/","title":{"rendered":"Sehr stabiler 4-Rad-Plattformwagen"},"content":{"rendered":"<p>Sehr stabiler 4-Rad-Plattformwagen<\/p>\n<p>&nbsp;<\/p>\n<p>Hochwertiger Universalwagen f\u00fcr den Transport von Bienenst\u00f6cken.<\/p>\n<p>Das Ger\u00e4t macht die Arbeit des Imkers bequemer.<\/p>\n<p>Maximale Belastung: 400 kg<\/p>\n<p>&nbsp;<\/p>\n<p class=\"p1\"><b>DIE PREISE SIND JE NACH MENGE DEGRESSIV.<\/b><\/p>\n<p class=\"p1\"><b>F\u00fcr weitere Informationen kontaktieren Sie mich bitte.<\/b><\/p>\n<p class=\"p2\"><span class=\"s1\"><a href=\"mailto:info@apimat.ch\"><b>info@apimat.ch<\/b><\/a><\/span><\/p>\n<p class=\"p1\"><b>Telefon: 076 213 80 33<\/b><\/p>\n","protected":false},"excerpt":{"rendered":"<p>Sehr stabiler 4-Rad-Plattformwagen &nbsp; Hochwertiger Universalwagen f\u00fcr den Transport von Bienenst\u00f6cken. Das Ger\u00e4t macht die Arbeit des Imkers bequemer. Maximale Belastung: 400 kg &nbsp; DIE PREISE SIND JE NACH MENGE DEGRESSIV. F\u00fcr weitere Informationen kontaktieren Sie mich bitte. info@apimat.ch Telefon: 076 213 80 33<\/p>\n","protected":false},"featured_media":29986,"template":"","meta":{"_uf_show_specific_survey":0,"_uf_disable_surveys":false},"product_cat":[98],"product_tag":[],"aioseo_notices":[],"_links":{"self":[{"href":"https:\/\/apimat.ch\/de\/wp-json\/wp\/v2\/product\/29988"}],"collection":[{"href":"https:\/\/apimat.ch\/de\/wp-json\/wp\/v2\/product"}],"about":[{"href":"https:\/\/apimat.ch\/de\/wp-json\/wp\/v2\/types\/product"}],"wp:featuredmedia":[{"embeddable":true,"href":"https:\/\/apimat.ch\/de\/wp-json\/wp\/v2\/media\/29986"}],"wp:attachment":[{"href":"https:\/\/apimat.ch\/de\/wp-json\/wp\/v2\/media?parent=29988"}],"wp:term":[{"taxonomy":"product_cat","embeddable":true,"href":"https:\/\/apimat.ch\/de\/wp-json\/wp\/v2\/product_cat?post=29988"},{"taxonomy":"product_tag","embeddable":true,"href":"https:\/\/apimat.ch\/de\/wp-json\/wp\/v2\/product_tag?post=29988"}],"curies":[{"name":"wp","href":"https:\/\/api.w.org\/{rel}","templated":true}]}}