{"id":30055,"date":"2024-04-26T08:44:47","date_gmt":"2024-04-26T08:15:55","guid":{"rendered":"https:\/\/apimat.ch\/?post_type=product&#038;p=30055"},"modified":"2025-12-01T09:57:39","modified_gmt":"2025-12-01T08:57:39","slug":"deckel-gruen-mit-biene-und-wald","status":"publish","type":"product","link":"https:\/\/apimat.ch\/de\/produit\/deckel-gruen-mit-biene-und-wald\/","title":{"rendered":"Honigglasdeckel &#8220;Gr\u00fcn mit Biene und Wald&#8221;"},"content":{"rendered":"<p>Deckel &#8220;Gr\u00fcn mit Biene und Wald&#8221;<\/p>\n<p>&nbsp;<\/p>\n<ul>\n<li>Deckel &#8220;Gr\u00fcn mit Biene und Wald&#8221; f\u00fcr 125 g T\u00f6pfe. \u00d853mm.<\/li>\n<li>Deckel &#8220;Gr\u00fcn mit Biene und Wald&#8221; f\u00fcr 250 g T\u00f6pfe. \u00d863mm.<\/li>\n<li>Deckel &#8220;Gr\u00fcn mit Biene und Wald&#8221; f\u00fcr 500 g T\u00f6pfe. \u00d870mm.<\/li>\n<li>Deckel &#8220;Gr\u00fcn mit Biene und Wald&#8221; f\u00fcr 1kg T\u00f6pfe. \u00d882mm.<\/li>\n<\/ul>\n<p class=\"p1\"><b>DIE PREISE SIND JE NACH MENGE DEGRESSIV.<\/b><\/p>\n<p class=\"p1\"><b>F\u00fcr weitere Informationen kontaktieren Sie mich bitte.<\/b><\/p>\n<p class=\"p2\"><span class=\"s1\"><a href=\"mailto:info@apimat.ch\"><b>info@apimat.ch<\/b><\/a><\/span><\/p>\n<p class=\"p1\"><b>Telefon: 076 213 80 33<\/b><\/p>\n","protected":false},"excerpt":{"rendered":"<p>Deckel &#8220;Gr\u00fcn mit Biene und Wald&#8221; &nbsp; Deckel &#8220;Gr\u00fcn mit Biene und Wald&#8221; f\u00fcr 125 g T\u00f6pfe. \u00d853mm. Deckel &#8220;Gr\u00fcn mit Biene und Wald&#8221; f\u00fcr 250 g T\u00f6pfe. \u00d863mm. Deckel &#8220;Gr\u00fcn mit Biene und Wald&#8221; f\u00fcr 500 g T\u00f6pfe. \u00d870mm. Deckel &#8220;Gr\u00fcn mit Biene und Wald&#8221; f\u00fcr 1kg T\u00f6pfe. \u00d882mm. DIE PREISE SIND JE NACH [&hellip;]<\/p>\n","protected":false},"featured_media":30037,"template":"","meta":{"_uf_show_specific_survey":0,"_uf_disable_surveys":false},"product_cat":[106],"product_tag":[],"aioseo_notices":[],"_links":{"self":[{"href":"https:\/\/apimat.ch\/de\/wp-json\/wp\/v2\/product\/30055"}],"collection":[{"href":"https:\/\/apimat.ch\/de\/wp-json\/wp\/v2\/product"}],"about":[{"href":"https:\/\/apimat.ch\/de\/wp-json\/wp\/v2\/types\/product"}],"wp:featuredmedia":[{"embeddable":true,"href":"https:\/\/apimat.ch\/de\/wp-json\/wp\/v2\/media\/30037"}],"wp:attachment":[{"href":"https:\/\/apimat.ch\/de\/wp-json\/wp\/v2\/media?parent=30055"}],"wp:term":[{"taxonomy":"product_cat","embeddable":true,"href":"https:\/\/apimat.ch\/de\/wp-json\/wp\/v2\/product_cat?post=30055"},{"taxonomy":"product_tag","embeddable":true,"href":"https:\/\/apimat.ch\/de\/wp-json\/wp\/v2\/product_tag?post=30055"}],"curies":[{"name":"wp","href":"https:\/\/api.w.org\/{rel}","templated":true}]}}