{"id":30553,"date":"2024-05-18T07:56:55","date_gmt":"2024-05-18T06:00:37","guid":{"rendered":"https:\/\/apimat.ch\/?post_type=product&#038;p=30553"},"modified":"2024-06-23T11:47:02","modified_gmt":"2024-06-23T09:47:02","slug":"rechteckiger-edelstahl-dampfwachsschmelzer-mit-15-rahmen-doppelwandig-und-elektrischer-heizung","status":"publish","type":"product","link":"https:\/\/apimat.ch\/de\/produit\/rechteckiger-edelstahl-dampfwachsschmelzer-mit-15-rahmen-doppelwandig-und-elektrischer-heizung\/","title":{"rendered":"Elektrischer Dampfwachsschmelzer Rechteckig Edelstahl 15 Rahmen + Desinfektion der Imkereiger\u00e4te + mit Vollst\u00e4ndiger Entleerung- Premium-Qualit\u00e4t"},"content":{"rendered":"<p>Rechteckiger Wachsschmelzer aus Edelstahl mit 15 Waben und elektrischer Heizung &#8211; Premium-Qualit\u00e4t<\/p>\n<p>&nbsp;<\/p>\n<p class=\"p1\"><b>Betrieb:<\/b><\/p>\n<ul class=\"ul1\">\n<li class=\"li1\">Schmilzt alte Wabenrahmen mit Hilfe von Wasserdampf.<\/li>\n<li class=\"li1\">Kapazit\u00e4t: ca. 21 Rahmen (je nach Gr\u00f6\u00dfe), ca. 15\/18 f\u00fcr Dadant Blatt.<\/li>\n<li class=\"li1\">Schmelzzeit: Aufheizzeit des Wassers + 30 Minuten (je nach Rahmentyp variabel).<\/li>\n<\/ul>\n<p class=\"p1\"><b>Empfohlen f\u00fcr:<\/b><\/p>\n<ul class=\"ul1\">\n<li class=\"li1\">Imker mit 20 bis 100 V\u00f6lkern.<\/li>\n<\/ul>\n<p class=\"p1\"><b>Komponenten:<\/b><\/p>\n<ul class=\"ul1\">\n<li class=\"li1\">Quadratischer Beh\u00e4lter mit F\u00fc\u00dfen und Deckel.<\/li>\n<li class=\"li1\">Perforierter Innenkorb.<\/li>\n<li class=\"li1\">Wachsauffangbeh\u00e4lter.<\/li>\n<li class=\"li1\">3 kW\/230 V Tauchsieder mit Thermostat (110\u00b0C) und Trockenlaufschutz.<\/li>\n<\/ul>\n<p class=\"p1\"><b>Zus\u00e4tzliche Funktionen:<\/b><\/p>\n<ul class=\"ul1\">\n<li class=\"li1\">Wachsaustritt.<\/li>\n<li class=\"li1\">Wasserf\u00fcll- (oder -ablass-)Schlauch mit Verschluss.<\/li>\n<li class=\"li1\">Rollen mit Bremsen (optional).<\/li>\n<\/ul>\n<p class=\"p1\"><b>Schmelzprozess:<\/b><\/p>\n<ol class=\"ol1\">\n<li class=\"li1\">Den Beh\u00e4lter mit Wasser f\u00fcllen (10-12 Liter).<\/li>\n<li class=\"li1\">Die Rahmen in den perforierten Korb legen.<\/li>\n<li class=\"li1\">Den Beh\u00e4lter abdecken und die Heizung einschalten.<\/li>\n<li class=\"li1\">Das geschmolzene Wachs flie\u00dft in den Auffangbeh\u00e4lter.<\/li>\n<li class=\"li1\">R\u00fcckst\u00e4nde bleiben im Korb.<\/li>\n<li class=\"li1\">Die Rahmen nach dem Prozess reinigen.<\/li>\n<\/ol>\n<p class=\"p1\"><b>Desinfektion von Imkereiger\u00e4ten:<\/b><\/p>\n<ol class=\"ol1\">\n<li class=\"li1\">Den Beh\u00e4lter mit Wasser f\u00fcllen (120 Liter) und Natronlauge hinzuf\u00fcgen.<\/li>\n<li class=\"li1\">Die Heizung einschalten.<\/li>\n<li class=\"li1\">Die Desinfektionsl\u00f6sung einwirken lassen.<\/li>\n<li class=\"li1\">Die L\u00f6sung \u00fcber den Kugelhahn ablassen.<\/li>\n<\/ol>\n<p class=\"p1\"><b>St\u00e4rken:<\/b><\/p>\n<ul class=\"ul1\">\n<li class=\"li1\">Schnell, einfach und effizient.<\/li>\n<li class=\"li1\">Gro\u00dfe Kapazit\u00e4t.<\/li>\n<li class=\"li1\">Thermostat f\u00fcr pr\u00e4zise Temperaturkontrolle.<\/li>\n<li class=\"li1\">Desinfektionsfunktion f\u00fcr Ger\u00e4te.<\/li>\n<li class=\"li1\">Optionale Rollen mit Bremsen f\u00fcr Mobilit\u00e4t.<\/li>\n<\/ul>\n<p class=\"p1\"><b>Schw\u00e4chen:<\/b><\/p>\n<ul class=\"ul1\">\n<li class=\"li1\">Ben\u00f6tigt eine Wasser- und Stromquelle.<\/li>\n<li class=\"li1\">Kann sperrig sein.<\/li>\n<li class=\"li1\">Die Desinfektion erfordert Natronlauge.<\/li>\n<\/ul>\n<p class=\"p1\"><b>TECHNISCHE DATEN:<\/b><\/p>\n<ul class=\"ul1\">\n<li class=\"li1\"><b>Au\u00dfenma\u00dfe: 41 x 61 x 6 cm<\/b><\/li>\n<li class=\"li1\"><b>Ma\u00dfe des Innenkorbs: 33 x 53 x 49 cm<\/b><\/li>\n<li class=\"li1\"><b>Energiequelle: Elektrizit\u00e4t<\/b><\/li>\n<li class=\"li1\"><b>Kapazit\u00e4t: ca. 23 Waben (je nach Wabengr\u00f6\u00dfe)<\/b><\/li>\n<li class=\"li1\"><b>Heizleistung: 3 kW<\/b><\/li>\n<li class=\"li1\"><b>Temperaturbereich: 30 &#8211; 110\u00b0C<\/b><\/li>\n<li class=\"li1\"><b>Spannung: 230 V\/50 Hz<\/b><\/li>\n<li class=\"li1\"><b>Material: Edelstahl W.Nr. 1.4301 \/ AISI 304<\/b><\/li>\n<\/ul>\n<p>&nbsp;<\/p>\n<p class=\"p1\"><b>DIE PREISE SIND JE NACH MENGE DEGRESSIV.<\/b><\/p>\n<p class=\"p1\"><b>F\u00fcr weitere Informationen kontaktieren Sie mich bitte.<\/b><\/p>\n<p class=\"p2\"><span class=\"s1\"><a href=\"mailto:info@apimat.ch\"><b>info@apimat.ch<\/b><\/a><\/span><\/p>\n<p class=\"p1\"><b>Telefon: 076 213 80 33<\/b><\/p>\n<p>&nbsp;<\/p>\n<p>&nbsp;<\/p>\n","protected":false},"excerpt":{"rendered":"<p>Rechteckiger Wachsschmelzer aus Edelstahl mit 15 Waben und elektrischer Heizung &#8211; Premium-Qualit\u00e4t &nbsp; Betrieb: Schmilzt alte Wabenrahmen mit Hilfe von Wasserdampf. Kapazit\u00e4t: ca. 21 Rahmen (je nach Gr\u00f6\u00dfe), ca. 15\/18 f\u00fcr Dadant Blatt. Schmelzzeit: Aufheizzeit des Wassers + 30 Minuten (je nach Rahmentyp variabel). Empfohlen f\u00fcr: Imker mit 20 bis 100 V\u00f6lkern. Komponenten: Quadratischer Beh\u00e4lter [&hellip;]<\/p>\n","protected":false},"featured_media":30541,"template":"","meta":{"_uf_show_specific_survey":0,"_uf_disable_surveys":false},"product_cat":[103],"product_tag":[],"aioseo_notices":[],"_links":{"self":[{"href":"https:\/\/apimat.ch\/de\/wp-json\/wp\/v2\/product\/30553"}],"collection":[{"href":"https:\/\/apimat.ch\/de\/wp-json\/wp\/v2\/product"}],"about":[{"href":"https:\/\/apimat.ch\/de\/wp-json\/wp\/v2\/types\/product"}],"wp:featuredmedia":[{"embeddable":true,"href":"https:\/\/apimat.ch\/de\/wp-json\/wp\/v2\/media\/30541"}],"wp:attachment":[{"href":"https:\/\/apimat.ch\/de\/wp-json\/wp\/v2\/media?parent=30553"}],"wp:term":[{"taxonomy":"product_cat","embeddable":true,"href":"https:\/\/apimat.ch\/de\/wp-json\/wp\/v2\/product_cat?post=30553"},{"taxonomy":"product_tag","embeddable":true,"href":"https:\/\/apimat.ch\/de\/wp-json\/wp\/v2\/product_tag?post=30553"}],"curies":[{"name":"wp","href":"https:\/\/api.w.org\/{rel}","templated":true}]}}