{"id":30622,"date":"2024-05-21T08:47:29","date_gmt":"2024-05-21T06:51:03","guid":{"rendered":"https:\/\/apimat.ch\/?post_type=product&#038;p=30622"},"modified":"2024-05-21T08:59:45","modified_gmt":"2024-05-21T06:59:45","slug":"honigtrockner-70-kg-kapazitaet","status":"publish","type":"product","link":"https:\/\/apimat.ch\/de\/produit\/honigtrockner-70-kg-kapazitaet\/","title":{"rendered":"Honigtrockner &#8211; 70 kg Kapazit\u00e4t"},"content":{"rendered":"<p class=\"p1\"><b>HONIGTROCKNER 70 KG<\/b><\/p>\n<p class=\"p1\">Dieses Ger\u00e4t dient zur Entfernung von Wasser aus Honig. Der Wassergehalt im Honig sollte 18% nicht \u00fcberschreiten. Um die Verderbnis von frischem Honig zu vermeiden, muss \u00fcbersch\u00fcssiges Wasser entfernt werden.<\/p>\n<p class=\"p1\">Technische Daten:<\/p>\n<p class=\"p1\">Material: s\u00e4urebest\u00e4ndiger Edelstahl<\/p>\n<p class=\"p1\">Stromversorgung: 230 V<\/p>\n<p class=\"p1\">Leistung: 1,65 kW<\/p>\n<p class=\"p1\">Motor: 370 W<\/p>\n<p class=\"p1\">Heizung: 1.200 W<\/p>\n<p class=\"p1\">Heizungsventilator: 55 W<\/p>\n<p class=\"p1\">Antrieb: 370-W-Motor, 900 U\/min, CHM50 i-Getriebe = 100<\/p>\n<p class=\"p1\">Abmessungen: L\u00e4nge 950 mm, Breite 780 mm, H\u00f6he 1220 mm<\/p>\n<p class=\"p1\">Absperrventil aus Edelstahl 6\/4&#8243;<\/p>\n<p class=\"p1\">Stufenlose Geschwindigkeitsregelung mittels Potentiometer<\/p>\n<p class=\"p1\">Temperaturregelung<\/p>\n<p class=\"p1\">Nettogewicht: 84 kg<\/p>\n<p class=\"p1\">Vorteile:<\/p>\n<p class=\"p1\">Liefert Honig von h\u00f6chster Qualit\u00e4t<\/p>\n<p class=\"p1\">Beschleunigt die Arbeit der Imker<\/p>\n<p class=\"p1\">Erh\u00f6ht indirekt die Effizienz der Bienenst\u00f6cke bei der Gewinnung von Nektar<\/p>\n<p class=\"p1\">Funktionsweise:<\/p>\n<p class=\"p1\">Der Honigtrockner besteht aus einer Dehydrierungskammer, einem Satz rotierender Platten und einem Gebl\u00e4se f\u00fcr hei\u00dfe Luft. Die Bedienung des Trockners ist sehr einfach. Zun\u00e4chst wird der Honig in die Hauptkammer gegeben, das Ger\u00e4t verschlossen und eingeschaltet.<\/p>\n<p class=\"p1\">Die im Inneren installierten Platten beginnen sich regelm\u00e4\u00dfig zu drehen und sammeln den gemischten und getrockneten Honig auf ihrer Oberfl\u00e4che. Die Temperatur im Inneren des Ger\u00e4ts wird von einem speziellen Sensor geregelt, der die absolute Sicherheit des Produkts gew\u00e4hrleistet.<\/p>\n<p class=\"p1\">Der Trockner erm\u00f6glicht eine stufenlose Regelung der Drehzahl der Scheiben und des Temperaturbereichs. Als Ventil wurde ein hochwertiges 6\/4&#8243;-Absperrventil aus Edelstahl verwendet.<\/p>\n<p class=\"p1\">Testergebnisse:<\/p>\n<p class=\"p1\">Bei Tests des Ger\u00e4ts wurden 72 kg Honig einem Trocknungsprozess unterzogen. In drei Stunden Betriebszeit sank der Wassergehalt von 21% auf 18,8%.<\/p>\n<p class=\"p1\">Fazit:<\/p>\n<p class=\"p1\">Der Honigtrockner 70 kg ist eine ideale L\u00f6sung f\u00fcr Imker, die ihren Kunden und Verbrauchern Honig von h\u00f6chster Qualit\u00e4t anbieten m\u00f6chten. Das Ger\u00e4t zeichnet sich durch seine einfache Bedienung, hohe Effizienz und Sicherheit aus.<\/p>\n<p class=\"p1\">Zus\u00e4tzliche Informationen:<\/p>\n<p class=\"p1\">Sie k\u00f6nnen weitere Informationen zum Honigtrockner 70 kg auf der Website des Herstellers finden.<\/p>\n<p class=\"p1\">Bei Fragen oder Interesse an einem Kauf k\u00f6nnen Sie sich gerne an den Hersteller wenden.<\/p>\n<p>&nbsp;<\/p>\n<p class=\"p1\"><b>DIE PREISE SIND JE NACH MENGE DEGRESSIV.<\/b><\/p>\n<p class=\"p1\"><b>F\u00fcr weitere Informationen kontaktieren Sie mich bitte.<\/b><\/p>\n<p class=\"p2\"><span class=\"s1\"><a href=\"mailto:info@apimat.ch\"><b>info@apimat.ch<\/b><\/a><\/span><\/p>\n<p class=\"p1\"><b>Telefon: 076 213 80 33<\/b>Honigtrockner &#8211; 70 kg Kapazit\u00e4t<\/p>\n","protected":false},"excerpt":{"rendered":"<p>HONIGTROCKNER 70 KG Dieses Ger\u00e4t dient zur Entfernung von Wasser aus Honig. Der Wassergehalt im Honig sollte 18% nicht \u00fcberschreiten. Um die Verderbnis von frischem Honig zu vermeiden, muss \u00fcbersch\u00fcssiges Wasser entfernt werden. Technische Daten: Material: s\u00e4urebest\u00e4ndiger Edelstahl Stromversorgung: 230 V Leistung: 1,65 kW Motor: 370 W Heizung: 1.200 W Heizungsventilator: 55 W Antrieb: 370-W-Motor, [&hellip;]<\/p>\n","protected":false},"featured_media":30616,"template":"","meta":{"_uf_show_specific_survey":0,"_uf_disable_surveys":false},"product_cat":[108,128],"product_tag":[],"aioseo_notices":[],"_links":{"self":[{"href":"https:\/\/apimat.ch\/de\/wp-json\/wp\/v2\/product\/30622"}],"collection":[{"href":"https:\/\/apimat.ch\/de\/wp-json\/wp\/v2\/product"}],"about":[{"href":"https:\/\/apimat.ch\/de\/wp-json\/wp\/v2\/types\/product"}],"wp:featuredmedia":[{"embeddable":true,"href":"https:\/\/apimat.ch\/de\/wp-json\/wp\/v2\/media\/30616"}],"wp:attachment":[{"href":"https:\/\/apimat.ch\/de\/wp-json\/wp\/v2\/media?parent=30622"}],"wp:term":[{"taxonomy":"product_cat","embeddable":true,"href":"https:\/\/apimat.ch\/de\/wp-json\/wp\/v2\/product_cat?post=30622"},{"taxonomy":"product_tag","embeddable":true,"href":"https:\/\/apimat.ch\/de\/wp-json\/wp\/v2\/product_tag?post=30622"}],"curies":[{"name":"wp","href":"https:\/\/api.w.org\/{rel}","templated":true}]}}