{"id":31024,"date":"2024-06-14T18:35:57","date_gmt":"2024-06-14T16:38:34","guid":{"rendered":"https:\/\/apimat.ch\/?post_type=product&#038;p=31024"},"modified":"2024-07-05T13:05:39","modified_gmt":"2024-07-05T11:05:39","slug":"elektrischer-roter-bienenschuettler-kapazitaet-fuer-100-bienenstoecke-mit-batterie","status":"publish","type":"product","link":"https:\/\/apimat.ch\/de\/produit\/elektrischer-roter-bienenschuettler-kapazitaet-fuer-100-bienenstoecke-mit-batterie\/","title":{"rendered":"Elektrischer Roter Bienensch\u00fcttler &#8211; Kapazit\u00e4t f\u00fcr 100 Bienenst\u00f6cke mit Batterie"},"content":{"rendered":"<p>Elektrischer Roter Bienensch\u00fcttler &#8211; Kapazit\u00e4t f\u00fcr 100 Bienenst\u00f6cke mit Batterie<\/p>\n<div class='avia-iframe-wrap'><iframe loading=\"lazy\" title=\"Secoueur d\u2019Abeilles \u00c9lectrique Rouge \u2013 Capacit\u00e9 100 Ruches avec une Batterie\" width=\"1333\" height=\"1000\" src=\"https:\/\/www.youtube.com\/embed\/OvZrU44Pbmo?feature=oembed\" frameborder=\"0\" allow=\"accelerometer; autoplay; clipboard-write; encrypted-media; gyroscope; picture-in-picture; web-share\" referrerpolicy=\"strict-origin-when-cross-origin\" allowfullscreen><\/iframe><\/div>\n<p class=\"p1\"><b>DIE PREISE SIND JE NACH MENGE DEGRESSIV.<\/b><\/p>\n<p class=\"p1\"><b>F\u00fcr weitere Informationen kontaktieren Sie mich bitte.<\/b><\/p>\n<p class=\"p2\"><span class=\"s1\"><a href=\"mailto:info@apimat.ch\"><b>info@apimat.ch<\/b><\/a><\/span><\/p>\n<p class=\"p1\"><b>Telefon: 076 213 80 33<\/b><\/p>\n","protected":false},"excerpt":{"rendered":"<p>Elektrischer Roter Bienensch\u00fcttler &#8211; Kapazit\u00e4t f\u00fcr 100 Bienenst\u00f6cke mit Batterie DIE PREISE SIND JE NACH MENGE DEGRESSIV. F\u00fcr weitere Informationen kontaktieren Sie mich bitte. info@apimat.ch Telefon: 076 213 80 33<\/p>\n","protected":false},"featured_media":31016,"template":"","meta":{"_uf_show_specific_survey":0,"_uf_disable_surveys":false},"product_cat":[1013,98],"product_tag":[],"aioseo_notices":[],"_links":{"self":[{"href":"https:\/\/apimat.ch\/de\/wp-json\/wp\/v2\/product\/31024"}],"collection":[{"href":"https:\/\/apimat.ch\/de\/wp-json\/wp\/v2\/product"}],"about":[{"href":"https:\/\/apimat.ch\/de\/wp-json\/wp\/v2\/types\/product"}],"wp:featuredmedia":[{"embeddable":true,"href":"https:\/\/apimat.ch\/de\/wp-json\/wp\/v2\/media\/31016"}],"wp:attachment":[{"href":"https:\/\/apimat.ch\/de\/wp-json\/wp\/v2\/media?parent=31024"}],"wp:term":[{"taxonomy":"product_cat","embeddable":true,"href":"https:\/\/apimat.ch\/de\/wp-json\/wp\/v2\/product_cat?post=31024"},{"taxonomy":"product_tag","embeddable":true,"href":"https:\/\/apimat.ch\/de\/wp-json\/wp\/v2\/product_tag?post=31024"}],"curies":[{"name":"wp","href":"https:\/\/api.w.org\/{rel}","templated":true}]}}