{"id":32170,"date":"2024-08-30T17:17:04","date_gmt":"2024-08-30T15:19:27","guid":{"rendered":"https:\/\/apimat.ch\/?post_type=product&#038;p=32170"},"modified":"2024-09-11T18:06:01","modified_gmt":"2024-09-11T16:06:01","slug":"dampfwachsschmelzer-mit-isolierter-doppelwand-und-63-cm-auch-geeignet-fuer-die-extraktion-von-melezitose","status":"publish","type":"product","link":"https:\/\/apimat.ch\/de\/produit\/dampfwachsschmelzer-mit-isolierter-doppelwand-und-63-cm-auch-geeignet-fuer-die-extraktion-von-melezitose\/","title":{"rendered":"Dampfwachsschmelzer mit isolierter Doppelwand und 63 cm, auch geeignet f\u00fcr die Extraktion von Melezitose"},"content":{"rendered":"<p class=\"p1\">Der Entdeckelungswachsschmelzer erm\u00f6glicht es, Honig einfach von den Wachskappen zu trennen, indem warme Luft im Schmelzer zirkuliert. Er ist besonders geeignet f\u00fcr Imker, die die Honigwaben mit Hilfe von Entdeckelungsmaschinen oder elektrischen Messern entdeckeln, da auf diese Weise mehr Honig in den Wachskappen verbleibt.<\/p>\n<p class=\"p1\">Der Tank ist isoliert und durch ein Edelstahlblech gesch\u00fctzt, was den W\u00e4rmeverlust reduziert und die Schmelzzeit des Wachses verk\u00fcrzt. Der Boden ist ohne innere Kanten verschwei\u00dft und zum Ablaufhahn hin geneigt.<\/p>\n<p class=\"p1\">Ein Heizelement mit Thermostat (30-90\u00b0C) ist im Deckel integriert. Ein Ventilator sorgt f\u00fcr die Luftzirkulation im Inneren, was eine gleichm\u00e4\u00dfige Verteilung der Temperatur gew\u00e4hrleistet. Das Wachs beginnt zu schmelzen, und der Honig tropft auf den Boden des Tanks. Das geschmolzene Wachs bleibt \u00fcber dem Honig und sch\u00fctzt ihn vor \u00dcberhitzung.<\/p>\n<p class=\"p1\">Nachdem der Honig geschmolzen ist, k\u00f6nnen Sie ihn nach etwa zwei Stunden ablassen. \u00d6ffnen Sie den Honighahn und lassen Sie den Honig durch ein Sieb in einen geeigneten Beh\u00e4lter laufen. Entfernen Sie die abgek\u00fchlte Wachsschicht zur weiteren Verarbeitung und warten Sie, bis das Wachs ausgeh\u00e4rtet ist.<\/p>\n<p class=\"p1\">Alle Teile des Entdeckelungswachsschmelzers, die mit dem Honig in Ber\u00fchrung kommen, sind aus lebensmittelechten Materialien gefertigt.<\/p>\n<div class='avia-iframe-wrap'><iframe loading=\"lazy\" title=\"Melezitosehonig mit dem Deckelwachsschmelzer ernten\" width=\"1500\" height=\"844\" src=\"https:\/\/www.youtube.com\/embed\/IB3TEPvt2qI?start=99&#038;feature=oembed\" frameborder=\"0\" allow=\"accelerometer; autoplay; clipboard-write; encrypted-media; gyroscope; picture-in-picture; web-share\" referrerpolicy=\"strict-origin-when-cross-origin\" allowfullscreen><\/iframe><\/div>\n<p class=\"p1\"><b>VORGESEHENE VERWENDUNG<\/b><\/p>\n<p class=\"p1\">Dank der gleichm\u00e4\u00dfigen Verteilung der hei\u00dfen Luft im Bereich \u00fcber dem Edelstahlring erm\u00f6glicht der Entdeckelungswachsschmelzer:<\/p>\n<p class=\"p1\">eine einfache Trennung von Honig und Wachskappen,<\/p>\n<p class=\"p1\">das Schmelzen von Honigwaben mit Melizitosehonig oder kristallisiertem Honig; Sie k\u00f6nnen die gesamten Honigwaben in das Ger\u00e4t legen,<\/p>\n<p class=\"p1\">das Erw\u00e4rmen von Honig in Gl\u00e4sern, Eimern und kleineren Beh\u00e4ltern.<\/p>\n<p class=\"p1\">Der HMF-Wert des Honigs ver\u00e4ndert sich nicht signifikant.<\/p>\n<p class=\"p1\">Der Entdeckelungswachsschmelzer und der Melizitosehonig k\u00f6nnen die Effizienz Ihrer Honigernte erheblich verbessern und Ihre Arbeit erleichtern. Der Wachsschmelzer ist sowohl f\u00fcr Hobbyimker als auch f\u00fcr professionelle Imker geeignet.<\/p>\n<p class=\"p1\"><b>TECHNISCHE DATEN<\/b><\/p>\n<p class=\"p1\">Au\u00dfendurchmesser: 67 cm<\/p>\n<p class=\"p1\">Innendurchmesser: 63 cm<\/p>\n<p class=\"p1\">Innenh\u00f6he: 51 cm<\/p>\n<p class=\"p1\">Gesamth\u00f6he: 125 cm<\/p>\n<p class=\"p1\">Temperaturbereich: 30-90\u00b0C<\/p>\n<p class=\"p1\">Gewicht: ca. 39 kg<\/p>\n<p class=\"p1\">Heizleistung: 2.500 W<\/p>\n<p class=\"p1\">Spannung: 230 V ~ 50 Hz<\/p>\n<p class=\"p1\">Material: Edelstahl W.Nr. 1.4301 \/ AISI 304<\/p>\n<p class=\"p1\">Kapazit\u00e4t: ca. 40 kg Entdeckelungswachs \u2013 Dauer ca. 4-5 Stunden<\/p>\n<p class=\"p1\">ca. 12 x LR, 14 x Zander, 14 x DNM, 28 x Dadant Blatt, Honigwaben \u2013 Dauer ca. 4-5 Stunden<\/p>\n<p class=\"p1\">max. 50 kg Honig in Gl\u00e4sern, Beh\u00e4ltern \u2013 die Zeit, die f\u00fcr die Kristallisation des Honigs ben\u00f6tigt wird, h\u00e4ngt vom Kristallisationsgrad des Honigs und der Gr\u00f6\u00dfe des Beh\u00e4lters ab.<\/p>\n<p class=\"p1\">F\u00fc\u00dfe auf Rollen (mit Bremsen)<\/p>\n<p class=\"p1\">Zusatzausstattung:<\/p>\n<p class=\"p1\">Balken mit Dorn, geeignet zum Entdeckeln mit einem Messer, Entdeckelungsh\u00f6he = 98 cm<\/p>\n<p class=\"p1\">Doppelseitiger Entdeckelungsst\u00e4nder, f\u00fcr die horizontale Positionierung der Rahmen zum Entdeckeln, Entdeckelungsh\u00f6he = 104 cm<\/p>\n<p class=\"p1\">Dekristallisationsmantel Zn, f\u00fcr die Dekristallisation von Honig in gr\u00f6\u00dferen Beh\u00e4ltern (max. \u00f8 52 cm, max. H\u00f6he = 80 cm)<\/p>\n<p class=\"p1\">Tablett f\u00fcr entdeckelte Rahmen, in Kombination mit dem Balken mit Dorn oder dem Entdeckelungsst\u00e4nder erm\u00f6glicht es ein einfaches, schnelles und hygienisches Entdeckeln in kleinen R\u00e4umen. Geeignet f\u00fcr maximal 10 Rahmen.<\/p>\n<p>&nbsp;<\/p>\n<p>OHNE ZUBEH\u00d6R<\/p>\n<p>&nbsp;<\/p>\n<p class=\"p1\"><b>PRIX D\u00c9GRESSIFS EN FONCTION DE LA QUANTIT\u00c9.<\/b><\/p>\n<p class=\"p1\"><b>Pour plus d&#8217;informations veuillez me contacter.<\/b><\/p>\n<p class=\"p2\"><span class=\"s1\"><a href=\"mailto:info@apimat.ch\"><b>info@apimat.ch<\/b><\/a><\/span><\/p>\n<p class=\"p1\"><b>T\u00e9l.: 076 213 80 33<\/b><\/p>\n<p>&nbsp;<\/p>\n<p>&nbsp;<\/p>\n","protected":false},"excerpt":{"rendered":"<p>Der Entdeckelungswachsschmelzer erm\u00f6glicht es, Honig einfach von den Wachskappen zu trennen, indem warme Luft im Schmelzer zirkuliert. Er ist besonders geeignet f\u00fcr Imker, die die Honigwaben mit Hilfe von Entdeckelungsmaschinen oder elektrischen Messern entdeckeln, da auf diese Weise mehr Honig in den Wachskappen verbleibt. Der Tank ist isoliert und durch ein Edelstahlblech gesch\u00fctzt, was den [&hellip;]<\/p>\n","protected":false},"featured_media":32988,"template":"","meta":{"_uf_show_specific_survey":0,"_uf_disable_surveys":false},"product_cat":[1066,108,103],"product_tag":[],"aioseo_notices":[],"_links":{"self":[{"href":"https:\/\/apimat.ch\/de\/wp-json\/wp\/v2\/product\/32170"}],"collection":[{"href":"https:\/\/apimat.ch\/de\/wp-json\/wp\/v2\/product"}],"about":[{"href":"https:\/\/apimat.ch\/de\/wp-json\/wp\/v2\/types\/product"}],"wp:featuredmedia":[{"embeddable":true,"href":"https:\/\/apimat.ch\/de\/wp-json\/wp\/v2\/media\/32988"}],"wp:attachment":[{"href":"https:\/\/apimat.ch\/de\/wp-json\/wp\/v2\/media?parent=32170"}],"wp:term":[{"taxonomy":"product_cat","embeddable":true,"href":"https:\/\/apimat.ch\/de\/wp-json\/wp\/v2\/product_cat?post=32170"},{"taxonomy":"product_tag","embeddable":true,"href":"https:\/\/apimat.ch\/de\/wp-json\/wp\/v2\/product_tag?post=32170"}],"curies":[{"name":"wp","href":"https:\/\/api.w.org\/{rel}","templated":true}]}}