{"id":32344,"date":"2024-09-10T08:03:29","date_gmt":"2024-09-10T06:28:13","guid":{"rendered":"https:\/\/apimat.ch\/?post_type=product&#038;p=32344"},"modified":"2026-01-05T09:38:37","modified_gmt":"2026-01-05T08:38:37","slug":"der-bildungs-bienenstock-mit-einem-set-von-12-lehrtafeln","status":"publish","type":"product","link":"https:\/\/apimat.ch\/de\/produit\/der-bildungs-bienenstock-mit-einem-set-von-12-lehrtafeln\/","title":{"rendered":"Der p\u00e4dagogische Bienenstock mit einem Set von 12 p\u00e4dagogischen Rahmen in deutscher Sprache"},"content":{"rendered":"<p>Der p\u00e4dagogische Bienenstock mit einem Set von 12 p\u00e4dagogischen Rahmen in deutscher Sprache (Deutsch)<\/p>\n<p>&nbsp;<\/p>\n<p>Wissenschaftliche Studien zeigen, dass Kinder am besten durch Spielen lernen. Der Einsatz von Bildungsans\u00e4tzen, die auf Unterhaltung basieren, kann ihre F\u00e4higkeit, Informationen zu behalten, erheblich steigern. In diesem Zusammenhang ist der Bildungs-Bienenstock mit 12 Tafeln ein ideales Werkzeug, um den Unterricht \u00fcber Imkereithemen zu erg\u00e4nzen. Dieses Produkt stellt auf klare und spielerische Weise Themen vor, die mit der Biene, ihrer anatomischen Struktur, nektarliefernden Pflanzen, Bienenprodukten und der Best\u00e4ubung verbunden sind.<\/p>\n<p class=\"p1\"><b>DIE PREISE SIND JE NACH MENGE DEGRESSIV.<\/b><\/p>\n<p class=\"p1\"><b>F\u00fcr weitere Informationen kontaktieren Sie mich bitte.<\/b><\/p>\n<p class=\"p2\"><span class=\"s1\"><a href=\"mailto:info@apimat.ch\"><b>info@apimat.ch<\/b><\/a><\/span><\/p>\n<p class=\"p1\"><b>Telefon: 076 213 80 33<\/b><\/p>\n","protected":false},"excerpt":{"rendered":"<p>Der p\u00e4dagogische Bienenstock mit einem Set von 12 p\u00e4dagogischen Rahmen in deutscher Sprache (Deutsch) &nbsp; Wissenschaftliche Studien zeigen, dass Kinder am besten durch Spielen lernen. Der Einsatz von Bildungsans\u00e4tzen, die auf Unterhaltung basieren, kann ihre F\u00e4higkeit, Informationen zu behalten, erheblich steigern. In diesem Zusammenhang ist der Bildungs-Bienenstock mit 12 Tafeln ein ideales Werkzeug, um den [&hellip;]<\/p>\n","protected":false},"featured_media":32350,"template":"","meta":{"_uf_show_specific_survey":0,"_uf_disable_surveys":false},"product_cat":[662,101,104],"product_tag":[],"aioseo_notices":[],"_links":{"self":[{"href":"https:\/\/apimat.ch\/de\/wp-json\/wp\/v2\/product\/32344"}],"collection":[{"href":"https:\/\/apimat.ch\/de\/wp-json\/wp\/v2\/product"}],"about":[{"href":"https:\/\/apimat.ch\/de\/wp-json\/wp\/v2\/types\/product"}],"wp:featuredmedia":[{"embeddable":true,"href":"https:\/\/apimat.ch\/de\/wp-json\/wp\/v2\/media\/32350"}],"wp:attachment":[{"href":"https:\/\/apimat.ch\/de\/wp-json\/wp\/v2\/media?parent=32344"}],"wp:term":[{"taxonomy":"product_cat","embeddable":true,"href":"https:\/\/apimat.ch\/de\/wp-json\/wp\/v2\/product_cat?post=32344"},{"taxonomy":"product_tag","embeddable":true,"href":"https:\/\/apimat.ch\/de\/wp-json\/wp\/v2\/product_tag?post=32344"}],"curies":[{"name":"wp","href":"https:\/\/api.w.org\/{rel}","templated":true}]}}