{"id":32361,"date":"2024-09-10T11:52:56","date_gmt":"2024-09-10T10:00:53","guid":{"rendered":"https:\/\/apimat.ch\/?post_type=product&#038;p=32361"},"modified":"2024-09-10T12:26:55","modified_gmt":"2024-09-10T10:26:55","slug":"hornissenfalle-mit-doppeltem-selektivem-zugangssystem-behaelter-40-x-30-x-31-cm","status":"publish","type":"product","link":"https:\/\/apimat.ch\/de\/produit\/hornissenfalle-mit-doppeltem-selektivem-zugangssystem-behaelter-40-x-30-x-31-cm\/","title":{"rendered":"Hornissenfalle mit doppeltem selektivem Zugangssystem \u2013 Beh\u00e4lter 40 x 30 x 31 cm"},"content":{"rendered":"<p>Hornissenfalle mit doppeltem selektivem Zugangssystem \u2013 Beh\u00e4lter 40 x 30 x 31 cm<\/p>\n<p>&nbsp;<\/p>\n<p><img loading=\"lazy\" decoding=\"async\" class=\"alignnone size-full wp-image-32355\" src=\"https:\/\/apimat.ch\/wp-content\/uploads\/2024\/09\/calendrier.jpg\" alt=\"\" width=\"898\" height=\"246\" srcset=\"https:\/\/apimat.ch\/wp-content\/uploads\/2024\/09\/calendrier.jpg 898w, https:\/\/apimat.ch\/wp-content\/uploads\/2024\/09\/calendrier-300x82.jpg 300w, https:\/\/apimat.ch\/wp-content\/uploads\/2024\/09\/calendrier-768x210.jpg 768w, https:\/\/apimat.ch\/wp-content\/uploads\/2024\/09\/calendrier-705x193.jpg 705w, https:\/\/apimat.ch\/wp-content\/uploads\/2024\/09\/calendrier-450x123.jpg 450w, https:\/\/apimat.ch\/wp-content\/uploads\/2024\/09\/calendrier-600x164.jpg 600w\" sizes=\"(max-width: 898px) 100vw, 898px\" \/><\/p>\n<p>&nbsp;<\/p>\n<p>Zu Beginn der Saison, etwa im M\u00e4rz, k\u00f6nnen Sie den K\u00f6derbeh\u00e4lter mit einem Produkt und Bienenwachs f\u00fcllen, die besonders attraktiv f\u00fcr K\u00f6niginnen auf Nahrungssuche sind. Falls Sie diese Zutaten nicht haben, ist das kein Problem: Ein sehr zuckerhaltiger Sirup oder reife Fr\u00fcchte funktionieren ebenfalls sehr gut. Sie k\u00f6nnen auch verschiedene Arten von K\u00f6dern kombinieren, um die Effektivit\u00e4t zu maximieren. Es ist wichtig, eine gro\u00dfz\u00fcgige Menge an K\u00f6der zu verwenden, da ein intensiverer Geruch den Aktionsradius der Falle vergr\u00f6\u00dfert. Idealerweise f\u00fcllen Sie den Beh\u00e4lter auf eine H\u00f6he von etwa 1,5 cm f\u00fcr eine optimale Verteilung.<\/p>\n<p>&nbsp;<\/p>\n<p class=\"p1\"><b>DIE PREISE SIND JE NACH MENGE DEGRESSIV.<\/b><\/p>\n<p class=\"p1\"><b>F\u00fcr weitere Informationen kontaktieren Sie mich bitte.<\/b><\/p>\n<p class=\"p2\"><span class=\"s1\"><a href=\"mailto:info@apimat.ch\"><b>info@apimat.ch<\/b><\/a><\/span><\/p>\n<p class=\"p1\"><b>Telefon: 076 213 80 33<\/b><\/p>\n","protected":false},"excerpt":{"rendered":"<p>Hornissenfalle mit doppeltem selektivem Zugangssystem \u2013 Beh\u00e4lter 40 x 30 x 31 cm &nbsp; &nbsp; Zu Beginn der Saison, etwa im M\u00e4rz, k\u00f6nnen Sie den K\u00f6derbeh\u00e4lter mit einem Produkt und Bienenwachs f\u00fcllen, die besonders attraktiv f\u00fcr K\u00f6niginnen auf Nahrungssuche sind. Falls Sie diese Zutaten nicht haben, ist das kein Problem: Ein sehr zuckerhaltiger Sirup oder [&hellip;]<\/p>\n","protected":false},"featured_media":32357,"template":"","meta":{"_uf_show_specific_survey":0,"_uf_disable_surveys":false},"product_cat":[1013,912,1060],"product_tag":[],"aioseo_notices":[],"_links":{"self":[{"href":"https:\/\/apimat.ch\/de\/wp-json\/wp\/v2\/product\/32361"}],"collection":[{"href":"https:\/\/apimat.ch\/de\/wp-json\/wp\/v2\/product"}],"about":[{"href":"https:\/\/apimat.ch\/de\/wp-json\/wp\/v2\/types\/product"}],"wp:featuredmedia":[{"embeddable":true,"href":"https:\/\/apimat.ch\/de\/wp-json\/wp\/v2\/media\/32357"}],"wp:attachment":[{"href":"https:\/\/apimat.ch\/de\/wp-json\/wp\/v2\/media?parent=32361"}],"wp:term":[{"taxonomy":"product_cat","embeddable":true,"href":"https:\/\/apimat.ch\/de\/wp-json\/wp\/v2\/product_cat?post=32361"},{"taxonomy":"product_tag","embeddable":true,"href":"https:\/\/apimat.ch\/de\/wp-json\/wp\/v2\/product_tag?post=32361"}],"curies":[{"name":"wp","href":"https:\/\/api.w.org\/{rel}","templated":true}]}}