{"id":32455,"date":"2024-09-17T12:31:26","date_gmt":"2024-09-17T10:31:26","guid":{"rendered":"https:\/\/apimat.ch\/?post_type=product&#038;p=32455"},"modified":"2025-02-22T07:55:38","modified_gmt":"2025-02-22T06:55:38","slug":"dadant-6-kunststoff-bienenstockboden-ohne-schublade","status":"publish","type":"product","link":"https:\/\/apimat.ch\/de\/produit\/dadant-6-kunststoff-bienenstockboden-ohne-schublade\/","title":{"rendered":"PVC-Bodenplatte Nicot \u2013 Vollst\u00e4ndige Bel\u00fcftung f\u00fcr 6-Waben-Dadant-Ablegerk\u00e4sten"},"content":{"rendered":"<p data-start=\"166\" data-end=\"547\">Dieses <strong data-start=\"173\" data-end=\"188\">neue Modell<\/strong> der Bodenplatte f\u00fcr 6-Waben-Dadant-Ablegerk\u00e4sten sorgt f\u00fcr eine <strong data-start=\"253\" data-end=\"275\">optimale Bel\u00fcftung<\/strong>, w\u00e4hrend es die Kolonie vor R\u00e4ubern und Temperaturschwankungen sch\u00fctzt. Dank des durchdachten Designs k\u00f6nnen Imker <strong data-start=\"391\" data-end=\"434\">den Gesundheitszustand des Bienenstocks<\/strong> (tote Bienen, Varroa, Kotspuren usw.) einfach \u00fcberwachen und gleichzeitig h\u00f6chsten Anwendungskomfort genie\u00dfen.<\/p>\n<h3 data-start=\"549\" data-end=\"589\"><strong data-start=\"553\" data-end=\"587\">Vorteile der Nicot-Bodenplatte<\/strong><\/h3>\n<p data-start=\"590\" data-end=\"1092\">\u2705 <strong data-start=\"592\" data-end=\"614\">Maximale Bel\u00fcftung<\/strong>: Vollst\u00e4ndig bel\u00fcfteter Boden mit einem Gitter, das optimal f\u00fcr Pollenh\u00f6schen dimensioniert ist<br data-start=\"710\" data-end=\"713\" \/>\u2705 <strong data-start=\"715\" data-end=\"744\">Sicherheit und Stabilit\u00e4t<\/strong>: Rutschfeste Rillen an der Bodenplatte f\u00fcr besseren Halt<br data-start=\"801\" data-end=\"804\" \/>\u2705 <strong data-start=\"806\" data-end=\"828\">Hohe Langlebigkeit<\/strong>: Hergestellt im Spritzgussverfahren mit durchgef\u00e4rbtem Material f\u00fcr maximale Widerstandsf\u00e4higkeit<br data-start=\"926\" data-end=\"929\" \/>\u2705 <strong data-start=\"931\" data-end=\"955\" data-is-only-node=\"\">Leicht und praktisch<\/strong>: Nur <strong data-start=\"961\" data-end=\"969\">1 kg<\/strong>, einfach zu handhaben und zu reinigen<br data-start=\"1007\" data-end=\"1010\" \/>\u2705 <strong data-start=\"1012\" data-end=\"1028\">Pflegeleicht<\/strong>: Glatte, nicht por\u00f6se Oberfl\u00e4chen f\u00fcr eine schnelle Reinigung<\/p>\n<h3 data-start=\"1094\" data-end=\"1120\"><strong data-start=\"1098\" data-end=\"1118\">Technische Daten<\/strong><\/h3>\n<p data-start=\"1121\" data-end=\"1611\">\ud83d\udccf <strong data-start=\"1124\" data-end=\"1132\">Ma\u00dfe<\/strong>: 540 x 282 x 45 mm<br data-start=\"1151\" data-end=\"1154\" \/>\ud83d\udd29 <strong data-start=\"1157\" data-end=\"1184\">Vielseitige Befestigung<\/strong>: Seitliche Schraubl\u00f6cher oder 4 Befestigungspunkte auf der Oberseite zur Fixierung am Brutraum<br data-start=\"1279\" data-end=\"1282\" \/>\ud83d\uded1 <strong data-start=\"1285\" data-end=\"1309\">Perfekte Ausrichtung<\/strong>: 2 vordere Anschl\u00e4ge und 4 Zentrierstifte f\u00fcr eine pr\u00e4zise Positionierung<br data-start=\"1383\" data-end=\"1386\" \/>\ud83d\udd04 <strong data-start=\"1389\" data-end=\"1409\" data-is-only-node=\"\">Modularer Aufbau<\/strong>: M\u00f6glichkeit zur Anbringung einer Verschlussplatte und einer <strong data-start=\"1471\" data-end=\"1492\">16-mm-Eingangst\u00fcr<\/strong> dank spezieller Einkerbungen<br data-start=\"1521\" data-end=\"1524\" \/>\ud83c\udf31 <strong data-start=\"1527\" data-end=\"1557\">Universelle Kompatibilit\u00e4t<\/strong>: Geeignet f\u00fcr Ablegerk\u00e4sten aus Holz und Kunststoff<\/p>\n<p data-start=\"1735\" data-end=\"1824\" data-is-last-node=\"\" data-is-only-node=\"\"><strong data-start=\"1735\" data-end=\"1824\" data-is-last-node=\"\">Ein unverzichtbares Zubeh\u00f6r f\u00fcr Komfort, Hygiene und den Schutz Ihrer Bienenkolonien!<\/strong><\/p>\n<p>Um eine Verformung der Teile zu vermeiden, sollten die Teile IMMER FLACH GELAGERT werden.<\/p>\n<p><strong>DIE PREISE SIND JE NACH MENGE DEGRESSIV.<\/strong><\/p>\n<p><strong>F\u00fcr weitere Informationen kontaktieren Sie mich bitte.<\/strong><\/p>\n<p><a href=\"mailto:info@apimat.ch\"><strong>info@apimat.ch<\/strong><\/a><\/p>\n<p><strong>Telefon: 076 213 80 33<\/strong><\/p>\n","protected":false},"excerpt":{"rendered":"<p>Dieses neue Modell der Bodenplatte f\u00fcr 6-Waben-Dadant-Ablegerk\u00e4sten sorgt f\u00fcr eine optimale Bel\u00fcftung, w\u00e4hrend es die Kolonie vor R\u00e4ubern und Temperaturschwankungen sch\u00fctzt. Dank des durchdachten Designs k\u00f6nnen Imker den Gesundheitszustand des Bienenstocks (tote Bienen, Varroa, Kotspuren usw.) einfach \u00fcberwachen und gleichzeitig h\u00f6chsten Anwendungskomfort genie\u00dfen. Vorteile der Nicot-Bodenplatte \u2705 Maximale Bel\u00fcftung: Vollst\u00e4ndig bel\u00fcfteter Boden mit einem Gitter, [&hellip;]<\/p>\n","protected":false},"featured_media":32457,"template":"","meta":{"_uf_show_specific_survey":0,"_uf_disable_surveys":false},"product_cat":[1066,102],"product_tag":[],"aioseo_notices":[],"_links":{"self":[{"href":"https:\/\/apimat.ch\/de\/wp-json\/wp\/v2\/product\/32455"}],"collection":[{"href":"https:\/\/apimat.ch\/de\/wp-json\/wp\/v2\/product"}],"about":[{"href":"https:\/\/apimat.ch\/de\/wp-json\/wp\/v2\/types\/product"}],"wp:featuredmedia":[{"embeddable":true,"href":"https:\/\/apimat.ch\/de\/wp-json\/wp\/v2\/media\/32457"}],"wp:attachment":[{"href":"https:\/\/apimat.ch\/de\/wp-json\/wp\/v2\/media?parent=32455"}],"wp:term":[{"taxonomy":"product_cat","embeddable":true,"href":"https:\/\/apimat.ch\/de\/wp-json\/wp\/v2\/product_cat?post=32455"},{"taxonomy":"product_tag","embeddable":true,"href":"https:\/\/apimat.ch\/de\/wp-json\/wp\/v2\/product_tag?post=32455"}],"curies":[{"name":"wp","href":"https:\/\/api.w.org\/{rel}","templated":true}]}}