{"id":32496,"date":"2024-09-22T18:59:22","date_gmt":"2024-09-22T17:01:48","guid":{"rendered":"https:\/\/apimat.ch\/?post_type=product&#038;p=32496"},"modified":"2025-03-30T20:15:45","modified_gmt":"2025-03-30T18:15:45","slug":"verpackung-fuer-mini-bienenstock-fuer-500-g-honigglas","status":"publish","type":"product","link":"https:\/\/apimat.ch\/de\/produit\/verpackung-fuer-mini-bienenstock-fuer-500-g-honigglas\/","title":{"rendered":"Verpackung f\u00fcr Mini-Bienenstock f\u00fcr 500 g Honigglas"},"content":{"rendered":"<p>Originale Pr\u00e4sentation<\/p>\n<p>Dieser in Form eines Mini-Bienenstocks gestaltete Aufsteller, aus Karton mit einem eleganten &#8220;Holz&#8221;-Design, verleiht Ihrer Honigproduktion eine unverwechselbare Note. Mit einer Kombination aus Originalit\u00e4t und Schlichtheit wird sein authentischer Stil Ihre Kunden begeistern. Ideal, um ein 500-g-Honigglas perfekt in Szene zu setzen, ist dieser Aufsteller darauf ausgelegt, Aufmerksamkeit zu erregen, w\u00e4hrend er gleichzeitig dem handwerklichen Charakter treu bleibt.<\/p>\n<p>Dank seines einzigartigen Designs und des gro\u00dfen transparenten Fensters r\u00fcckt dieser Aufsteller Ihr Produkt ins Rampenlicht und bietet eine sowohl raffinierte als auch ansprechende Pr\u00e4sentation. Die Aufschrift \u201eProduit de la ruche\u201c und die nat\u00fcrlichen Farbt\u00f6ne unterstreichen den Charme dieser Verpackung und machen sie zu einem perfekten Mittel f\u00fcr eine au\u00dfergew\u00f6hnliche Pr\u00e4sentation.<\/p>\n<p>Dieses Modell ist mit einem 500-g-Glas oder einem 400-g-\u00c9pure-Glas kompatibel.<\/p>\n<p>Eigenschaften:<\/p>\n<p>Material: Robuster Karton<br \/>\nDesign: Holzoptik mit Aufschrift \u201eProduit de la ruche\u201c<br \/>\nMa\u00dfe: 75 x 75 x 130 mm<br \/>\nVerpackungseinheit: Wird einzeln verkauft, ohne Glas<br \/>\nFlach geliefert, einfacher Aufbau<br \/>\nWeitere Version verf\u00fcgbar: Aufsteller f\u00fcr 4 Gl\u00e4ser \u00e0 125 g<br \/>\nDieser elegante und praktische Aufsteller hebt die Qualit\u00e4t Ihres Honigs hervor und wird Ihre Kunden durch sein originelles Design beeindrucken.<\/p>\n<p>&nbsp;<\/p>\n<p class=\"p1\"><b>DIE PREISE SIND JE NACH MENGE DEGRESSIV.<\/b><\/p>\n<p class=\"p1\"><b>F\u00fcr weitere Informationen kontaktieren Sie mich bitte.<\/b><\/p>\n<p class=\"p2\"><span class=\"s1\"><a href=\"mailto:info@apimat.ch\"><b>info@apimat.ch<\/b><\/a><\/span><\/p>\n<p class=\"p1\"><b>Telefon: 076 213 80 33<\/b><\/p>\n","protected":false},"excerpt":{"rendered":"<p>Originale Pr\u00e4sentation Dieser in Form eines Mini-Bienenstocks gestaltete Aufsteller, aus Karton mit einem eleganten &#8220;Holz&#8221;-Design, verleiht Ihrer Honigproduktion eine unverwechselbare Note. Mit einer Kombination aus Originalit\u00e4t und Schlichtheit wird sein authentischer Stil Ihre Kunden begeistern. Ideal, um ein 500-g-Honigglas perfekt in Szene zu setzen, ist dieser Aufsteller darauf ausgelegt, Aufmerksamkeit zu erregen, w\u00e4hrend er gleichzeitig [&hellip;]<\/p>\n","protected":false},"featured_media":32494,"template":"","meta":{"_uf_show_specific_survey":0,"_uf_disable_surveys":false},"product_cat":[1013,106],"product_tag":[],"aioseo_notices":[],"_links":{"self":[{"href":"https:\/\/apimat.ch\/de\/wp-json\/wp\/v2\/product\/32496"}],"collection":[{"href":"https:\/\/apimat.ch\/de\/wp-json\/wp\/v2\/product"}],"about":[{"href":"https:\/\/apimat.ch\/de\/wp-json\/wp\/v2\/types\/product"}],"wp:featuredmedia":[{"embeddable":true,"href":"https:\/\/apimat.ch\/de\/wp-json\/wp\/v2\/media\/32494"}],"wp:attachment":[{"href":"https:\/\/apimat.ch\/de\/wp-json\/wp\/v2\/media?parent=32496"}],"wp:term":[{"taxonomy":"product_cat","embeddable":true,"href":"https:\/\/apimat.ch\/de\/wp-json\/wp\/v2\/product_cat?post=32496"},{"taxonomy":"product_tag","embeddable":true,"href":"https:\/\/apimat.ch\/de\/wp-json\/wp\/v2\/product_tag?post=32496"}],"curies":[{"name":"wp","href":"https:\/\/api.w.org\/{rel}","templated":true}]}}