{"id":32524,"date":"2024-09-25T07:42:48","date_gmt":"2024-09-25T05:42:49","guid":{"rendered":"https:\/\/apimat.ch\/?post_type=product&#038;p=32524"},"modified":"2024-09-25T07:50:17","modified_gmt":"2024-09-25T05:50:17","slug":"holz-maulkorb-gegen-asiatische-hornissen-klassisch","status":"publish","type":"product","link":"https:\/\/apimat.ch\/de\/produit\/holz-maulkorb-gegen-asiatische-hornissen-klassisch\/","title":{"rendered":"Holz-Maulkorb gegen Asiatische Hornissen &#8211; Klassisch"},"content":{"rendered":"<p><strong>Sch\u00fctzen Sie Ihre Bienenst\u00f6cke vor der Asiatischen Hornisse<\/strong><\/p>\n<p>Dieser Maulkorb gegen Asiatische Hornissen ist eine robuste Barriere, die sich an 10-Rahmen-Bienenst\u00f6cke mit einer Breite von 430 mm anpasst. Dieses Modell ist mit einem Gitter mit 13&#215;13 mm Maschen ausgestattet, um den Eingang des Bienenstocks zu sch\u00fctzen, w\u00e4hrend die Kolonie m\u00f6glichst wenig gestresst wird. Diese Schutzvorrichtung kann einige Eindringlinge durchlassen, doch gefangen im Maulkorb haben sie nur einen sehr geringen Einfluss. Dank dieser Maschenbreite k\u00f6nnen die Bienen problemlos Pollen eintragen.<\/p>\n<p>In der Imkerei kann seine Verwendung von Juli bis November mit einem Fangsysten und\/oder einer Harfe kombiniert werden.<\/p>\n<hr \/>\n<p><strong>Warum einen Maulkorb verwenden?<\/strong><\/p>\n<p>Ab Juli, wenn der Druck der Hornissen zunimmt, verursacht die Anwesenheit der Hornissen im Schwebeflug vor den Bienenst\u00f6cken erheblichen Stress, was zu einer deutlichen Verringerung der Aktivit\u00e4t der Bienen f\u00fchrt. Studien des ITSAP zeigen, dass ab 10 Hornissen die Aktivit\u00e4t um 40 % abnimmt, was zu einem signifikanten R\u00fcckgang des Nektareintrags f\u00fchrt, was wiederum den Wintervorr\u00e4ten und dem \u00dcberleben des Volkes schaden kann.<\/p>\n<p>Dieser Maulkorb h\u00e4lt die Hornissen vom Eingang des Bienenstocks fern und ist gleichzeitig wenig belastend f\u00fcr die Bienen. Die Maschenweite des Gitters verhindert jegliches Eindringen.<\/p>\n<hr \/>\n<p><strong>Wann den Maulkorb installieren?<\/strong><\/p>\n<p>Installieren Sie den Maulkorb nur, wenn der Druck der Hornissen zunimmt (je nach Jahr ab Juli). Es ist kontraproduktiv, ihn zu fr\u00fch anzubringen.<\/p>\n<hr \/>\n<p><strong>Wie den Maulkorb installieren?<\/strong><\/p>\n<p>Dieser Maulkorb ist mit zwei breiten Holzlaschen ausgestattet, die einfach an den Seiten eines 10-Rahmen-Bienenstockk\u00f6rpers angeschraubt werden m\u00fcssen.<\/p>\n<p class=\"p1\"><b>DIE PREISE SIND JE NACH MENGE DEGRESSIV.<\/b><\/p>\n<p class=\"p1\"><b>F\u00fcr weitere Informationen kontaktieren Sie mich bitte.<\/b><\/p>\n<p class=\"p2\"><span class=\"s1\"><a href=\"mailto:info@apimat.ch\"><b>info@apimat.ch<\/b><\/a><\/span><\/p>\n<p class=\"p1\"><b>Telefon: 076 213 80 33<\/b><\/p>\n","protected":false},"excerpt":{"rendered":"<p>Sch\u00fctzen Sie Ihre Bienenst\u00f6cke vor der Asiatischen Hornisse Dieser Maulkorb gegen Asiatische Hornissen ist eine robuste Barriere, die sich an 10-Rahmen-Bienenst\u00f6cke mit einer Breite von 430 mm anpasst. Dieses Modell ist mit einem Gitter mit 13&#215;13 mm Maschen ausgestattet, um den Eingang des Bienenstocks zu sch\u00fctzen, w\u00e4hrend die Kolonie m\u00f6glichst wenig gestresst wird. Diese Schutzvorrichtung [&hellip;]<\/p>\n","protected":false},"featured_media":32526,"template":"","meta":{"_uf_show_specific_survey":0,"_uf_disable_surveys":false},"product_cat":[912],"product_tag":[],"aioseo_notices":[],"_links":{"self":[{"href":"https:\/\/apimat.ch\/de\/wp-json\/wp\/v2\/product\/32524"}],"collection":[{"href":"https:\/\/apimat.ch\/de\/wp-json\/wp\/v2\/product"}],"about":[{"href":"https:\/\/apimat.ch\/de\/wp-json\/wp\/v2\/types\/product"}],"wp:featuredmedia":[{"embeddable":true,"href":"https:\/\/apimat.ch\/de\/wp-json\/wp\/v2\/media\/32526"}],"wp:attachment":[{"href":"https:\/\/apimat.ch\/de\/wp-json\/wp\/v2\/media?parent=32524"}],"wp:term":[{"taxonomy":"product_cat","embeddable":true,"href":"https:\/\/apimat.ch\/de\/wp-json\/wp\/v2\/product_cat?post=32524"},{"taxonomy":"product_tag","embeddable":true,"href":"https:\/\/apimat.ch\/de\/wp-json\/wp\/v2\/product_tag?post=32524"}],"curies":[{"name":"wp","href":"https:\/\/api.w.org\/{rel}","templated":true}]}}