{"id":32564,"date":"2024-09-29T09:46:55","date_gmt":"2024-09-29T07:52:43","guid":{"rendered":"https:\/\/apimat.ch\/?post_type=product&#038;p=32564"},"modified":"2024-09-29T09:52:43","modified_gmt":"2024-09-29T07:52:43","slug":"halaapi-899-reinigungsmittel-zur-entfernung-von-propolis","status":"publish","type":"product","link":"https:\/\/apimat.ch\/de\/produit\/halaapi-899-reinigungsmittel-zur-entfernung-von-propolis\/","title":{"rendered":"HalaApi 899 &#8211; Reinigungsmittel zur Entfernung von Propolis"},"content":{"rendered":"<div class=\"l-product-detail__intro-description wysiwyg\">\n<p><strong>Reinigungsmittel zur Entfernung von Propolis<\/strong><br \/>\nHalaApi ist ein hochwirksamer Reiniger, f\u00fcr die problemlose Entfernung von Wachs, Propolis und anderen Verschmutzungen. F\u00fcr die Reinigung in Lebensmittelbetrieben geeignet.<\/p>\n<\/div>\n<p><strong>Anwendung\/Dosierung<\/strong><br \/>\nAnwendung warm, Verd\u00fcnnung 1 bis 3%, bildet keinen Schaum. F\u00fcr die manuelle Reinigung von Bienenbeuten, R\u00e4hmchen und kleinteile. F\u00fcr ca. 10 bis 20 Minuten mit der HalaApi-L\u00f6sung in einem Wasserbad von 50 &#8211; 70 \u00b0C eintauchen und einwirken lassen. Nach erfolgter Reinigung gr\u00fcndlich absp\u00fclen. Nicht geeignet f\u00fcr Leicht- und Buntmetalle sowie verzinkte und verzinnte Oberfl\u00e4chen.<\/p>\n<p><strong>Sonstige Hinweise<\/strong><br \/>\nIn jedem Fall Schutzbrille und Handschuhe tragen.<\/p>\n<h3>FAQs zum Produkt<\/h3>\n<ul class=\"c-faq-list\">\n<li class=\"c-faq-list__item\">\n<h4>F\u00fcr was ist HalaApi 899 einsetzbar?<\/h4>\n<div class=\"c-faq-list__answer wysiwyg\">\n<p>F\u00fcr Warmrreinigung und Propolis entferner, ist auch in Maschinen geeignet. Wassertemperauren mind. 65 \u2013 70 \u00b0C.<\/p>\n<\/div>\n<\/li>\n<li class=\"c-faq-list__item\">\n<h4>Wie ist die Dosierung vom HalaApi 899?<\/h4>\n<div class=\"c-faq-list__answer wysiwyg\">\n<p>Waschmaschine: 2.0 &#8211; 3.0 % (200 &#8211; 300 g auf 10 Liter Wasser) bei Temperaturen von 70 &#8211; 80 \u00b0C w\u00e4hrend 20 &#8211; 60 Minuten. Manuelle Reinigung: 1.0 \u2013 2.0 % (100 &#8211; 200 g auf 10 Liter Wasser) bei Temperaturen von 50 &#8211; 60 \u00b0C im Wasserbad einlegen.<\/p>\n<\/div>\n<p class=\"p1\"><b>DIE PREISE SIND JE NACH MENGE DEGRESSIV.<\/b><\/p>\n<p class=\"p1\"><b>F\u00fcr weitere Informationen kontaktieren Sie mich bitte.<\/b><\/p>\n<p class=\"p2\"><span class=\"s1\"><a href=\"mailto:info@apimat.ch\"><b>info@apimat.ch<\/b><\/a><\/span><\/p>\n<p class=\"p1\"><b>Telefon: 076 213 80 33<\/b><\/p>\n<\/li>\n<\/ul>\n","protected":false},"excerpt":{"rendered":"<p>Reinigungsmittel zur Entfernung von Propolis HalaApi ist ein hochwirksamer Reiniger, f\u00fcr die problemlose Entfernung von Wachs, Propolis und anderen Verschmutzungen. F\u00fcr die Reinigung in Lebensmittelbetrieben geeignet. Anwendung\/Dosierung Anwendung warm, Verd\u00fcnnung 1 bis 3%, bildet keinen Schaum. F\u00fcr die manuelle Reinigung von Bienenbeuten, R\u00e4hmchen und kleinteile. F\u00fcr ca. 10 bis 20 Minuten mit der HalaApi-L\u00f6sung in [&hellip;]<\/p>\n","protected":false},"featured_media":16577,"template":"","meta":{"_uf_show_specific_survey":0,"_uf_disable_surveys":false},"product_cat":[390,94,406,98],"product_tag":[],"aioseo_notices":[],"_links":{"self":[{"href":"https:\/\/apimat.ch\/de\/wp-json\/wp\/v2\/product\/32564"}],"collection":[{"href":"https:\/\/apimat.ch\/de\/wp-json\/wp\/v2\/product"}],"about":[{"href":"https:\/\/apimat.ch\/de\/wp-json\/wp\/v2\/types\/product"}],"wp:featuredmedia":[{"embeddable":true,"href":"https:\/\/apimat.ch\/de\/wp-json\/wp\/v2\/media\/16577"}],"wp:attachment":[{"href":"https:\/\/apimat.ch\/de\/wp-json\/wp\/v2\/media?parent=32564"}],"wp:term":[{"taxonomy":"product_cat","embeddable":true,"href":"https:\/\/apimat.ch\/de\/wp-json\/wp\/v2\/product_cat?post=32564"},{"taxonomy":"product_tag","embeddable":true,"href":"https:\/\/apimat.ch\/de\/wp-json\/wp\/v2\/product_tag?post=32564"}],"curies":[{"name":"wp","href":"https:\/\/api.w.org\/{rel}","templated":true}]}}