{"id":32567,"date":"2024-09-29T09:45:45","date_gmt":"2024-09-29T07:55:15","guid":{"rendered":"https:\/\/apimat.ch\/?post_type=product&#038;p=32567"},"modified":"2024-09-29T09:55:15","modified_gmt":"2024-09-29T07:55:15","slug":"halaapi-898-reinigungsmittel-fuer-bienenbeute-und-raehmchen","status":"publish","type":"product","link":"https:\/\/apimat.ch\/de\/produit\/halaapi-898-reinigungsmittel-fuer-bienenbeute-und-raehmchen\/","title":{"rendered":"HalaApi 898 &#8211; Reinigungsmittel f\u00fcr Bienenbeute und R\u00e4hmchen"},"content":{"rendered":"<p><strong>Reinigungsmittel f\u00fcr Bienenbeute und R\u00e4hmchen<\/strong><br \/>\nHalaApi ist ein hochwirksamer Schaumreiniger, f\u00fcr R\u00e4hmchen, Bienenbeuten und Arbeitsfl\u00e4chen. Einfacher und sicherer als \u00c4tznatron, f\u00fcr die Reinigung in lebensmittelbetrieben geeignet. Optimal f\u00fcr die Reinigung von verkitteten FAM Dispenser und Liebig Dispenser.<\/p>\n<p><strong>Anwendung\/Dosierung<\/strong><br \/>\nAnwendung kalt, Verd\u00fcnnung 1 bis 5%, kann Schaum bilden. F\u00fcr die manuelle Reinigung von Bienenbeuten in einem warmen \/ kalten Wasserbad, 20 &#8211; 60 \u00b0C. Die Oberfl\u00e4chen mit HalaApi 898 L\u00f6sung einspr\u00fchen und einwirken lassen. Bei Bedarf einb\u00fcrsten und gr\u00fcndlich sp\u00fclen.<br \/>\nF\u00fcr Aluminuim, Buntmetalle sowie verzinkte und verzinnte Oberfl\u00e4chen nicht geeignet.<\/p>\n<p><strong>Sonstige Hinweise<\/strong><br \/>\nIn jedem Fall Schutzbrille und Handschuhe tragen.<\/p>\n<p>&nbsp;<\/p>\n<h3>FAQs zum Produkt<\/h3>\n<ul class=\"c-faq-list\">\n<li class=\"c-faq-list__item\">\n<h4>F\u00fcr was ist HalaApi 898 einsetzbar?<\/h4>\n<div class=\"c-faq-list__answer wysiwyg\">\n<p>F\u00fcr die Kaltreinigung f\u00fcr Imkermaterial und Beuten, kann Schaum bilden.<\/p>\n<\/div>\n<\/li>\n<li class=\"c-faq-list__item\">\n<h4>Wie ist die Dosierung vom HalaApi 898?<\/h4>\n<div class=\"c-faq-list__answer wysiwyg\">\n<p>3.0 &#8211; 5.0 % (300 &#8211; 500 g auf 10 Liter Wasser) f\u00fcr Schaumger\u00e4te.<\/p>\n<p>1.0 &#8211; 2.0 % (100 &#8211; 200 g auf 10 Liter Wasser) f\u00fcr die manuelle Reinigung 20 &#8211; 60 \u00b0C.<\/p>\n<\/div>\n<p>&nbsp;<\/p>\n<p class=\"p1\"><b>DIE PREISE SIND JE NACH MENGE DEGRESSIV.<\/b><\/p>\n<p class=\"p1\"><b>F\u00fcr weitere Informationen kontaktieren Sie mich bitte.<\/b><\/p>\n<p class=\"p2\"><span class=\"s1\"><a href=\"mailto:info@apimat.ch\"><b>info@apimat.ch<\/b><\/a><\/span><\/p>\n<p class=\"p1\"><b>Telefon: 076 213 80 33<\/b><\/p>\n<\/li>\n<\/ul>\n","protected":false},"excerpt":{"rendered":"<p>Reinigungsmittel f\u00fcr Bienenbeute und R\u00e4hmchen HalaApi ist ein hochwirksamer Schaumreiniger, f\u00fcr R\u00e4hmchen, Bienenbeuten und Arbeitsfl\u00e4chen. Einfacher und sicherer als \u00c4tznatron, f\u00fcr die Reinigung in lebensmittelbetrieben geeignet. Optimal f\u00fcr die Reinigung von verkitteten FAM Dispenser und Liebig Dispenser. Anwendung\/Dosierung Anwendung kalt, Verd\u00fcnnung 1 bis 5%, kann Schaum bilden. F\u00fcr die manuelle Reinigung von Bienenbeuten in einem [&hellip;]<\/p>\n","protected":false},"featured_media":19123,"template":"","meta":{"_uf_show_specific_survey":0,"_uf_disable_surveys":false},"product_cat":[390,94,406,98],"product_tag":[],"aioseo_notices":[],"_links":{"self":[{"href":"https:\/\/apimat.ch\/de\/wp-json\/wp\/v2\/product\/32567"}],"collection":[{"href":"https:\/\/apimat.ch\/de\/wp-json\/wp\/v2\/product"}],"about":[{"href":"https:\/\/apimat.ch\/de\/wp-json\/wp\/v2\/types\/product"}],"wp:featuredmedia":[{"embeddable":true,"href":"https:\/\/apimat.ch\/de\/wp-json\/wp\/v2\/media\/19123"}],"wp:attachment":[{"href":"https:\/\/apimat.ch\/de\/wp-json\/wp\/v2\/media?parent=32567"}],"wp:term":[{"taxonomy":"product_cat","embeddable":true,"href":"https:\/\/apimat.ch\/de\/wp-json\/wp\/v2\/product_cat?post=32567"},{"taxonomy":"product_tag","embeddable":true,"href":"https:\/\/apimat.ch\/de\/wp-json\/wp\/v2\/product_tag?post=32567"}],"curies":[{"name":"wp","href":"https:\/\/api.w.org\/{rel}","templated":true}]}}